{"id":3817,"date":"2022-03-04T15:10:58","date_gmt":"2022-03-04T14:10:58","guid":{"rendered":"https:\/\/securitrack.co\/?page_id=3817"},"modified":"2024-02-06T10:43:53","modified_gmt":"2024-02-06T09:43:53","slug":"fuel-monitoring","status":"publish","type":"page","link":"https:\/\/securitrack.co\/de\/fuel-monitoring\/","title":{"rendered":"Brennstoffmonitoring"},"content":{"rendered":"<section class=\"wp-block-uagb-columns uagb-columns__wrap uagb-columns__background-image uagb-columns__stack-mobile uagb-columns__valign- uagb-columns__gap-10 alignfull uagb-block-5fcf1be2 uagb-columns__columns-1 uagb-columns__max_width-theme dark\"><div class=\"uagb-columns__overlay\"><\/div><div class=\"uagb-columns__inner-wrap uagb-columns__columns-1\">\n<div class=\"wp-block-uagb-column uagb-column__wrap uagb-column__background-undefined uagb-block-00e1bf52 container\"><div class=\"uagb-column__overlay\"><\/div>\n<section class=\"wp-block-uagb-columns uagb-columns__wrap uagb-columns__stack-mobile uagb-columns__valign- uagb-columns__gap-10 align uagb-block-23c83850 uagb-columns__columns-2 uagb-columns__max_width-custom\"><div class=\"uagb-columns__overlay\"><\/div><div class=\"uagb-columns__inner-wrap uagb-columns__columns-2\">\n<div class=\"wp-block-uagb-column uagb-column__wrap uagb-column__background-undefined uagb-block-afc19260\"><div class=\"uagb-column__overlay\"><\/div>\n<h1 class=\"wp-block-heading has-text-align-left mb-10\"><span style=\"background-color:rgba(0, 0, 0, 0);color:#ffffff\" class=\"has-inline-color\"><strong>BRENNSTOFFMONITORING<\/strong><\/span><\/h1>\n<\/div>\n\n\n\n<div class=\"wp-block-uagb-column uagb-column__wrap uagb-column__background-undefined uagb-block-69ca0c78\"><div class=\"uagb-column__overlay\"><\/div><\/div>\n<\/div><\/section>\n<\/div>\n<\/div><\/section>\n\n\n\n<section class=\"wp-block-uagb-columns uagb-columns__wrap uagb-columns__background-color uagb-columns__stack-mobile uagb-columns__valign- uagb-columns__gap-10 alignfull uagb-block-2cdacc48 uagb-columns__columns-1 uagb-columns__max_width-theme\"><div class=\"uagb-columns__overlay\"><\/div><div class=\"uagb-columns__inner-wrap uagb-columns__columns-1\">\n<div class=\"wp-block-uagb-column uagb-column__wrap uagb-column__background-color uagb-block-f70bc582\"><div class=\"uagb-column__overlay\"><\/div>\n<section class=\"wp-block-uagb-columns uagb-columns__wrap uagb-columns__background-none uagb-columns__stack-mobile uagb-columns__valign- uagb-columns__gap-0 align uagb-block-ef2687ed uagb-columns__columns-1 uagb-columns__max_width-custom uagb-columns__background-undefined uagb-columns__valign-undefined alignundefined\" id=\"container\"><div class=\"uagb-columns__overlay\"><\/div><div class=\"uagb-columns__inner-wrap uagb-columns__columns-1\">\n<div class=\"wp-block-uagb-column uagb-column__wrap uagb-column__background-undefined uagb-block-596970e5 container\"><div class=\"uagb-column__overlay\"><\/div>\n<div class=\"wp-block-columns mb-0 p-0 is-layout-flex wp-container-core-columns-layout-1 wp-block-columns-is-layout-flex\">\n<div class=\"wp-block-column is-layout-flow wp-block-column-is-layout-flow\" style=\"flex-basis:100%\">\n<h4 class=\"wp-block-heading p-0 has-medium-font-size\"><span style=\"background-color:rgba(0, 0, 0, 0)\" class=\"has-inline-color has-dark-color\">Behalten Sie Ihren Kraftstoffverbrauch genau im Auge<\/span><\/h4>\n\n\n\n<p><\/p>\n<\/div>\n<\/div>\n<\/div>\n<\/div><\/section>\n<\/div>\n<\/div><\/section>\n\n\n\n<section class=\"wp-block-uagb-columns uagb-columns__wrap uagb-columns__background-color uagb-columns__stack-mobile uagb-columns__valign- uagb-columns__gap-10 alignfull uagb-block-a6ed40b0 uagb-columns__columns-1 uagb-columns__max_width-theme pb-0\"><div class=\"uagb-columns__overlay\"><\/div><div class=\"uagb-columns__inner-wrap uagb-columns__columns-1\">\n<div class=\"wp-block-uagb-column uagb-column__wrap uagb-column__background-color uagb-block-2065f2ff pb-0\"><div class=\"uagb-column__overlay\"><\/div>\n<div style=\"height:5px\" aria-hidden=\"true\" class=\"wp-block-spacer pb-0\"><\/div>\n<\/div>\n<\/div><\/section>\n\n\n\n<section class=\"wp-block-uagb-columns uagb-columns__wrap uagb-columns__stack-tablet uagb-columns__valign- uagb-columns__gap-10 align uagb-columns__reverse-tablet uagb-columns__reverse-mobile uagb-block-d04821cb uagb-columns__columns-2 uagb-columns__max_width-theme\"><div class=\"uagb-columns__overlay\"><\/div><div class=\"uagb-columns__inner-wrap uagb-columns__columns-2\">\n<div class=\"wp-block-uagb-column uagb-column__wrap uagb-column__background-undefined uagb-block-b21ae2ff\"><div class=\"uagb-column__overlay\"><\/div>\n<h4 class=\"wp-block-heading\">Fuel Monitoring ist eine Hardware- und Softwarel\u00f6sung zur \u00dcberwachung des Kraftstoffverbrauchs und zur Bek\u00e4mpfung von Diebstahl an der Zapfs\u00e4ule oder aus dem Tank.<\/h4>\n<\/div>\n\n\n\n<div class=\"wp-block-uagb-column uagb-column__wrap uagb-column__background-undefined uagb-block-56d04f9b\"><div class=\"uagb-column__overlay\"><\/div><div class=\"wp-block-image\">\n<figure class=\"aligncenter size-full\"><img loading=\"lazy\" decoding=\"async\" width=\"647\" height=\"419\" src=\"https:\/\/securitrack.co\/wp-content\/uploads\/2022\/05\/home-fuelmonitoring-1.png\" alt=\"\" class=\"wp-image-4082\" srcset=\"https:\/\/securitrack.co\/wp-content\/uploads\/2022\/05\/home-fuelmonitoring-1.png 647w, https:\/\/securitrack.co\/wp-content\/uploads\/2022\/05\/home-fuelmonitoring-1-18x12.png 18w\" sizes=\"(max-width: 647px) 100vw, 647px\" \/><\/figure><\/div><\/div>\n<\/div><\/section>\n\n\n\n<section class=\"wp-block-uagb-columns uagb-columns__wrap uagb-columns__background-color uagb-columns__stack-mobile uagb-columns__valign- uagb-columns__gap-10 align uagb-block-521bac8f uagb-columns__columns-2 uagb-columns__max_width-theme ml-10 mr-10\"><div class=\"uagb-columns__overlay\"><\/div><div class=\"uagb-columns__inner-wrap uagb-columns__columns-2\">\n<div class=\"wp-block-uagb-column uagb-column__wrap uagb-column__background-color uagb-block-bc4cb76a\"><div class=\"uagb-column__overlay\"><\/div>\n<p><\/p>\n\n\n<div class=\"wp-block-image\">\n<figure class=\"aligncenter size-full\"><img loading=\"lazy\" decoding=\"async\" width=\"532\" height=\"450\" src=\"https:\/\/securitrack.co\/wp-content\/uploads\/2022\/05\/securifuel-1.png\" alt=\"\" class=\"wp-image-4083\" srcset=\"https:\/\/securitrack.co\/wp-content\/uploads\/2022\/05\/securifuel-1.png 532w, https:\/\/securitrack.co\/wp-content\/uploads\/2022\/05\/securifuel-1-14x12.png 14w\" sizes=\"(max-width: 532px) 100vw, 532px\" \/><\/figure><\/div><\/div>\n\n\n\n<div class=\"wp-block-uagb-column uagb-column__wrap uagb-column__background-color uagb-block-b236c3c6\"><div class=\"uagb-column__overlay\"><\/div>\n<ul>\n<li><strong>\u00dcBERWACHUNG DES TREIBSTOFFSTANDES <\/strong>: <br>mit Zeitstempel versehene und kartografierte Fahrten mit dem Kraftstoffstand im\/in den Tank(en) und Lokalisierung von Warnungen<\/li>\n<\/ul>\n\n\n\n<ul>\n<li><strong>VERBINDUNG <\/strong>der Treibstoffaufnahmen mit den in die Plattform importierten Rechnungen<\/li>\n<\/ul>\n<\/div>\n<\/div><\/section>\n\n\n\n<section class=\"wp-block-uagb-columns uagb-columns__wrap uagb-columns__background-color uagb-columns__stack-mobile uagb-columns__valign- uagb-columns__gap-10 align uagb-block-563a3da8 uagb-columns__columns-2 uagb-columns__max_width-theme ml-10 mr-10\"><div class=\"uagb-columns__overlay\"><\/div><div class=\"uagb-columns__inner-wrap uagb-columns__columns-2\">\n<div class=\"wp-block-uagb-column uagb-column__wrap uagb-column__background-color uagb-block-7635fcef\"><div class=\"uagb-column__overlay\"><\/div>\n<ul>\n<li><strong>5 einstellbare WARNUNGEN <\/strong>: Tanken, Diebstahl, Niedriges Niveau, Unstimmigkeit mit importierten Treibstoffrechnungen<\/li>\n\n\n\n<li><strong>HISTORIE der Warnungen<\/strong><\/li>\n\n\n\n<li><strong>3 SPEZIFISCHE BERICHTE <\/strong>sofort oder im Abonnement : Warnungen, Verbrauch, Kraftstoffentnahme<\/li>\n<\/ul>\n<\/div>\n\n\n\n<div class=\"wp-block-uagb-column uagb-column__wrap uagb-column__background-color uagb-block-bcd14988\"><div class=\"uagb-column__overlay\"><\/div>\n<figure class=\"wp-block-image size-full\"><img loading=\"lazy\" decoding=\"async\" width=\"405\" height=\"383\" src=\"https:\/\/securitrack.co\/wp-content\/uploads\/2022\/03\/alerte-fuel.png\" alt=\"\" class=\"wp-image-3841\" srcset=\"https:\/\/securitrack.co\/wp-content\/uploads\/2022\/03\/alerte-fuel.png 405w, https:\/\/securitrack.co\/wp-content\/uploads\/2022\/03\/alerte-fuel-13x12.png 13w\" sizes=\"(max-width: 405px) 100vw, 405px\" \/><\/figure>\n<\/div>\n<\/div><\/section>\n\n\n\n<section class=\"wp-block-uagb-columns uagb-columns__wrap uagb-columns__background-color uagb-columns__stack-mobile uagb-columns__valign- uagb-columns__gap-10 alignfull uagb-block-1aa2b9cb uagb-columns__columns-1 uagb-columns__max_width-theme mb-0\"><div class=\"uagb-columns__overlay\"><\/div><div class=\"uagb-columns__inner-wrap uagb-columns__columns-1\">\n<div class=\"wp-block-uagb-column uagb-column__wrap uagb-column__background-undefined uagb-block-da009669\"><div class=\"uagb-column__overlay\"><\/div>\n<h2 class=\"wp-block-heading has-text-align-center p-10 mb-0 has-orange-color has-dark-background-color has-text-color has-background\"><span style=\"background-color:rgba(0, 0, 0, 0)\" class=\"has-inline-color has-orange-color\"><strong><strong><strong>IHR GEWINN<\/strong><\/strong><\/strong><\/span><\/h2>\n<\/div>\n<\/div><\/section>\n\n\n\n<section class=\"wp-block-uagb-columns uagb-columns__wrap uagb-columns__background-color uagb-columns__stack-mobile uagb-columns__valign- uagb-columns__gap-10 alignfull uagb-block-7d72c952 uagb-columns__columns-1 uagb-columns__max_width-theme mt-0\"><div class=\"uagb-columns__overlay\"><\/div><div class=\"uagb-columns__inner-wrap uagb-columns__columns-1\">\n<div class=\"wp-block-uagb-column uagb-column__wrap uagb-column__background-undefined uagb-block-245658c7 container\"><div class=\"uagb-column__overlay\"><\/div>\n<section class=\"wp-block-uagb-columns uagb-columns__wrap uagb-columns__stack-mobile uagb-columns__valign- uagb-columns__gap-20 align uagb-block-b109b66c uagb-columns__columns-2 uagb-columns__max_width-theme\"><div class=\"uagb-columns__overlay\"><\/div><div class=\"uagb-columns__inner-wrap uagb-columns__columns-2\">\n<div class=\"wp-block-uagb-column uagb-column__wrap uagb-column__background-color uagb-block-f15ef674\"><div class=\"uagb-column__overlay\"><\/div><div class=\"wp-block-image mb-10\">\n<figure class=\"aligncenter size-full\"><img loading=\"lazy\" decoding=\"async\" width=\"63\" height=\"63\" src=\"https:\/\/securitrack.co\/wp-content\/uploads\/2022\/03\/economies-1.png\" alt=\"\" class=\"wp-image-3775\" srcset=\"https:\/\/securitrack.co\/wp-content\/uploads\/2022\/03\/economies-1.png 63w, https:\/\/securitrack.co\/wp-content\/uploads\/2022\/03\/economies-1-12x12.png 12w\" sizes=\"(max-width: 63px) 100vw, 63px\" \/><\/figure><\/div>\n\n\n<h4 class=\"wp-block-heading has-text-align-center\"><strong><strong><strong><strong><strong><strong>Einsparungen<\/strong><\/strong><\/strong><\/strong><\/strong><\/strong><\/h4>\n\n\n\n<p class=\"has-text-align-center\">Treibstoffdiebstahl abschaffen <\/p>\n<\/div>\n\n\n\n<div class=\"wp-block-uagb-column uagb-column__wrap uagb-column__background-color uagb-block-6779d0a9\"><div class=\"uagb-column__overlay\"><\/div><div class=\"wp-block-image mb-10\">\n<figure class=\"aligncenter size-full\"><img loading=\"lazy\" decoding=\"async\" width=\"63\" height=\"63\" src=\"https:\/\/securitrack.co\/wp-content\/uploads\/2022\/03\/zen.png\" alt=\"\" class=\"wp-image-3836\" srcset=\"https:\/\/securitrack.co\/wp-content\/uploads\/2022\/03\/zen.png 63w, https:\/\/securitrack.co\/wp-content\/uploads\/2022\/03\/zen-12x12.png 12w\" sizes=\"(max-width: 63px) 100vw, 63px\" \/><\/figure><\/div>\n\n\n<h4 class=\"wp-block-heading has-text-align-center\"><strong><strong><strong><strong><strong>Ruhe des Geistes<\/strong><\/strong><\/strong><\/strong><\/strong><\/h4>\n\n\n\n<p class=\"has-text-align-center\"> Lassen Sie sich nur bei Anomalien alarmieren <\/p>\n<\/div>\n<\/div><\/section>\n<\/div>\n<\/div><\/section>","protected":false},"excerpt":{"rendered":"<p>FUEL MONITORING Surveillez de pr\u00e8s vos consommations de carburant Fuel Monitoring est une solution mat\u00e9rielle et logicielle pour suivre les consommations de carburant et lutter contre le vol \u00e0 la pompe ou dans les r\u00e9servoirs. VOS B\u00c9N\u00c9FICES \u00c9conomies Suppression des vols de carburant Tranquillit\u00e9 d\u2019esprit Soyez alert\u00e9 uniquement en cas d\u2019anomalie<\/p>","protected":false},"author":12,"featured_media":0,"parent":0,"menu_order":0,"comment_status":"closed","ping_status":"closed","template":"page-without-title.php","meta":{"_coblocks_attr":"","_coblocks_dimensions":"","_coblocks_responsive_height":"","_coblocks_accordion_ie_support":"","_uag_custom_page_level_css":"","footnotes":""},"yoast_head":"<!-- This site is optimized with the Yoast SEO plugin v22.0 - https:\/\/yoast.com\/wordpress\/plugins\/seo\/ -->\n<title>fuel monitoring - SECURITRACK<\/title>\n<meta name=\"robots\" content=\"index, follow, max-snippet:-1, max-image-preview:large, max-video-preview:-1\" \/>\n<link rel=\"canonical\" href=\"https:\/\/securitrack.co\/de\/fuel-monitoring\/\" \/>\n<meta property=\"og:locale\" content=\"de_DE\" \/>\n<meta property=\"og:type\" content=\"article\" \/>\n<meta property=\"og:title\" content=\"fuel monitoring - SECURITRACK\" \/>\n<meta property=\"og:description\" content=\"FUEL MONITORING Surveillez de pr\u00e8s vos consommations de carburant Fuel Monitoring est une solution mat\u00e9rielle et logicielle pour suivre les consommations de carburant et lutter contre le vol \u00e0 la pompe ou dans les r\u00e9servoirs. VOS B\u00c9N\u00c9FICES \u00c9conomies Suppression des vols de carburant Tranquillit\u00e9 d\u2019esprit Soyez alert\u00e9 uniquement en cas d\u2019anomalie\" \/>\n<meta property=\"og:url\" content=\"https:\/\/securitrack.co\/de\/fuel-monitoring\/\" \/>\n<meta property=\"og:site_name\" content=\"SECURITRACK\" \/>\n<meta property=\"article:modified_time\" content=\"2024-02-06T09:43:53+00:00\" \/>\n<meta property=\"og:image\" content=\"https:\/\/securitrack.co\/wp-content\/uploads\/2022\/05\/home-fuelmonitoring-1.png\" \/>\n<meta name=\"twitter:card\" content=\"summary_large_image\" \/>\n<meta name=\"twitter:label1\" content=\"Gesch\u00e4tzte Lesezeit\" \/>\n\t<meta name=\"twitter:data1\" content=\"2\u00a0Minuten\" \/>\n<script type=\"application\/ld+json\" class=\"yoast-schema-graph\">{\"@context\":\"https:\/\/schema.org\",\"@graph\":[{\"@type\":\"WebPage\",\"@id\":\"https:\/\/securitrack.co\/fuel-monitoring\/\",\"url\":\"https:\/\/securitrack.co\/fuel-monitoring\/\",\"name\":\"fuel monitoring - SECURITRACK\",\"isPartOf\":{\"@id\":\"https:\/\/securitrack.co\/#website\"},\"datePublished\":\"2022-03-04T14:10:58+00:00\",\"dateModified\":\"2024-02-06T09:43:53+00:00\",\"inLanguage\":\"de\",\"potentialAction\":[{\"@type\":\"ReadAction\",\"target\":[\"https:\/\/securitrack.co\/fuel-monitoring\/\"]}]},{\"@type\":\"WebSite\",\"@id\":\"https:\/\/securitrack.co\/#website\",\"url\":\"https:\/\/securitrack.co\/\",\"name\":\"SECURITRACK\",\"description\":\"LA SOLUTION DE GESTION, DE CONTR\u00d4LE ET DE S\u00c9CURISATION LA PLUS COMPL\u00c8TE DU MARCH\u00c9 !\",\"potentialAction\":[{\"@type\":\"SearchAction\",\"target\":{\"@type\":\"EntryPoint\",\"urlTemplate\":\"https:\/\/securitrack.co\/?s={search_term_string}\"},\"query-input\":\"required name=search_term_string\"}],\"inLanguage\":\"de\"}]}<\/script>\n<!-- \/ Yoast SEO plugin. -->","yoast_head_json":{"title":"fuel monitoring - SECURITRACK","robots":{"index":"index","follow":"follow","max-snippet":"max-snippet:-1","max-image-preview":"max-image-preview:large","max-video-preview":"max-video-preview:-1"},"canonical":"https:\/\/securitrack.co\/de\/fuel-monitoring\/","og_locale":"de_DE","og_type":"article","og_title":"fuel monitoring - SECURITRACK","og_description":"FUEL MONITORING Surveillez de pr\u00e8s vos consommations de carburant Fuel Monitoring est une solution mat\u00e9rielle et logicielle pour suivre les consommations de carburant et lutter contre le vol \u00e0 la pompe ou dans les r\u00e9servoirs. VOS B\u00c9N\u00c9FICES \u00c9conomies Suppression des vols de carburant Tranquillit\u00e9 d\u2019esprit Soyez alert\u00e9 uniquement en cas d\u2019anomalie","og_url":"https:\/\/securitrack.co\/de\/fuel-monitoring\/","og_site_name":"SECURITRACK","article_modified_time":"2024-02-06T09:43:53+00:00","og_image":[{"url":"https:\/\/securitrack.co\/wp-content\/uploads\/2022\/05\/home-fuelmonitoring-1.png"}],"twitter_card":"summary_large_image","twitter_misc":{"Gesch\u00e4tzte Lesezeit":"2\u00a0Minuten"},"schema":{"@context":"https:\/\/schema.org","@graph":[{"@type":"WebPage","@id":"https:\/\/securitrack.co\/fuel-monitoring\/","url":"https:\/\/securitrack.co\/fuel-monitoring\/","name":"fuel monitoring - SECURITRACK","isPartOf":{"@id":"https:\/\/securitrack.co\/#website"},"datePublished":"2022-03-04T14:10:58+00:00","dateModified":"2024-02-06T09:43:53+00:00","inLanguage":"de","potentialAction":[{"@type":"ReadAction","target":["https:\/\/securitrack.co\/fuel-monitoring\/"]}]},{"@type":"WebSite","@id":"https:\/\/securitrack.co\/#website","url":"https:\/\/securitrack.co\/","name":"SECURITRACK","description":"LA SOLUTION DE GESTION, DE CONTR\u00d4LE ET DE S\u00c9CURISATION LA PLUS COMPL\u00c8TE DU MARCH\u00c9 !","potentialAction":[{"@type":"SearchAction","target":{"@type":"EntryPoint","urlTemplate":"https:\/\/securitrack.co\/?s={search_term_string}"},"query-input":"required name=search_term_string"}],"inLanguage":"de"}]}},"uagb_featured_image_src":{"full":false,"thumbnail":false,"medium":false,"medium_large":false,"large":false,"1536x1536":false,"2048x2048":false,"trp-custom-language-flag":false},"uagb_author_info":{"display_name":"Camaleon","author_link":"https:\/\/securitrack.co\/de\/author\/camaleon\/"},"uagb_comment_info":0,"uagb_excerpt":"FUEL MONITORING Surveillez de pr\u00e8s vos consommations de carburant Fuel Monitoring est une solution mat\u00e9rielle et logicielle pour suivre les consommations de carburant et lutter contre le vol \u00e0 la pompe ou dans les r\u00e9servoirs. VOS B\u00c9N\u00c9FICES \u00c9conomies Suppression des vols de carburant Tranquillit\u00e9 d\u2019esprit Soyez alert\u00e9 uniquement en cas d\u2019anomalie","_links":{"self":[{"href":"https:\/\/securitrack.co\/de\/wp-json\/wp\/v2\/pages\/3817"}],"collection":[{"href":"https:\/\/securitrack.co\/de\/wp-json\/wp\/v2\/pages"}],"about":[{"href":"https:\/\/securitrack.co\/de\/wp-json\/wp\/v2\/types\/page"}],"author":[{"embeddable":true,"href":"https:\/\/securitrack.co\/de\/wp-json\/wp\/v2\/users\/12"}],"replies":[{"embeddable":true,"href":"https:\/\/securitrack.co\/de\/wp-json\/wp\/v2\/comments?post=3817"}],"version-history":[{"count":34,"href":"https:\/\/securitrack.co\/de\/wp-json\/wp\/v2\/pages\/3817\/revisions"}],"predecessor-version":[{"id":4142,"href":"https:\/\/securitrack.co\/de\/wp-json\/wp\/v2\/pages\/3817\/revisions\/4142"}],"wp:attachment":[{"href":"https:\/\/securitrack.co\/de\/wp-json\/wp\/v2\/media?parent=3817"}],"curies":[{"name":"wp","href":"https:\/\/api.w.org\/{rel}","templated":true}]}}