{"id":6,"date":"2016-07-28T09:31:28","date_gmt":"2016-07-28T07:31:28","guid":{"rendered":"https:\/\/mobility.optimum-automotive.com\/?page_id=6"},"modified":"2024-02-06T10:58:09","modified_gmt":"2024-02-06T09:58:09","slug":"contact","status":"publish","type":"page","link":"https:\/\/securitrack.co\/de\/contact\/","title":{"rendered":"Kontakt"},"content":{"rendered":"<section class=\"wp-block-uagb-columns uagb-columns__wrap uagb-columns__background-image uagb-columns__stack-mobile uagb-columns__valign- uagb-columns__gap-10 alignfull uagb-block-c102fa52 uagb-columns__columns-1 uagb-columns__max_width-theme dark\"><div class=\"uagb-columns__overlay\"><\/div><div class=\"uagb-columns__inner-wrap uagb-columns__columns-1\">\n<div class=\"wp-block-uagb-column uagb-column__wrap uagb-column__background-undefined uagb-block-f3e7c355 container\"><div class=\"uagb-column__overlay\"><\/div>\n<section class=\"wp-block-uagb-columns uagb-columns__wrap uagb-columns__stack-mobile uagb-columns__valign- uagb-columns__gap-10 align uagb-block-57fc7986 uagb-columns__columns-2 uagb-columns__max_width-custom\"><div class=\"uagb-columns__overlay\"><\/div><div class=\"uagb-columns__inner-wrap uagb-columns__columns-2\">\n<div class=\"wp-block-uagb-column uagb-column__wrap uagb-column__background-undefined uagb-block-e6b8f5e8\"><div class=\"uagb-column__overlay\"><\/div>\n<h1 class=\"wp-block-heading has-text-align-left mb-10\"><span style=\"background-color:rgba(0, 0, 0, 0);color:#ffffff\" class=\"has-inline-color\"><strong> Profitieren Sie von einer Studie <span style=\"background-color:rgba(0, 0, 0, 0)\" class=\"has-inline-color has-red-color\">kostenlos und pers\u00f6nlich<\/span> <\/strong><\/span><\/h1>\n<\/div>\n\n\n\n<div class=\"wp-block-uagb-column uagb-column__wrap uagb-column__background-undefined uagb-block-f93a323f\"><div class=\"uagb-column__overlay\"><\/div><\/div>\n<\/div><\/section>\n<\/div>\n<\/div><\/section>\n\n\n\n<section class=\"wp-block-uagb-columns uagb-columns__wrap uagb-columns__background-color uagb-columns__stack-mobile uagb-columns__valign- uagb-columns__gap-10 alignfull uagb-block-1179d7d1 uagb-columns__columns-1 uagb-columns__max_width-theme\"><div class=\"uagb-columns__overlay\"><\/div><div class=\"uagb-columns__inner-wrap uagb-columns__columns-1\">\n<div class=\"wp-block-uagb-column uagb-column__wrap uagb-column__background-color uagb-block-d529c169\"><div class=\"uagb-column__overlay\"><\/div>\n<section class=\"wp-block-uagb-columns uagb-columns__wrap uagb-columns__background-none uagb-columns__stack-mobile uagb-columns__valign- uagb-columns__gap-0 align uagb-block-198e7221 uagb-columns__columns-1 uagb-columns__max_width-custom uagb-columns__background-undefined uagb-columns__valign-undefined alignundefined\" id=\"container\"><div class=\"uagb-columns__overlay\"><\/div><div class=\"uagb-columns__inner-wrap uagb-columns__columns-1\">\n<div class=\"wp-block-uagb-column uagb-column__wrap uagb-column__background-undefined uagb-block-d9d907f3 container\"><div class=\"uagb-column__overlay\"><\/div>\n<div class=\"wp-block-columns mb-0 p-0 is-layout-flex wp-container-core-columns-layout-1 wp-block-columns-is-layout-flex\">\n<div class=\"wp-block-column is-layout-flow wp-block-column-is-layout-flow\" style=\"flex-basis:70%\">\n<h4 class=\"wp-block-heading p-0 has-medium-font-size\"><strong><span class=\"has-inline-color has-dark-color\">Sie, um ein Angebot f\u00fcr unsere Verwaltungsl\u00f6sung zu erhalten, <\/span><\/strong><br><strong><span class=\"has-inline-color has-dark-color\">zur Kontrolle und Sicherung, wenden Sie sich an unseren \u00f6rtlichen autorisierten H\u00e4ndler<\/span><\/strong> <\/h4>\n<\/div>\n\n\n\n<div class=\"wp-block-column is-layout-flow wp-block-column-is-layout-flow\" style=\"flex-basis:30%\"><\/div>\n<\/div>\n<\/div>\n<\/div><\/section>\n<\/div>\n<\/div><\/section>\n\n\n\n<section class=\"wp-block-uagb-columns uagb-columns__wrap uagb-columns__background-color uagb-columns__stack-mobile uagb-columns__valign- uagb-columns__gap-10 alignfull uagb-block-6d91675c uagb-columns__columns-1 uagb-columns__max_width-theme pb-0\"><div class=\"uagb-columns__overlay\"><\/div><div class=\"uagb-columns__inner-wrap uagb-columns__columns-1\">\n<div class=\"wp-block-uagb-column uagb-column__wrap uagb-column__background-color uagb-block-fdb6c463 pb-0\"><div class=\"uagb-column__overlay\"><\/div>\n<div style=\"height:5px\" aria-hidden=\"true\" class=\"wp-block-spacer pb-0\"><\/div>\n<\/div>\n<\/div><\/section>\n\n\n\n<section class=\"wp-block-uagb-columns uagb-columns__wrap uagb-columns__stack-tablet uagb-columns__valign- uagb-columns__gap-20 align uagb-block-39790c03 uagb-columns__columns-2 uagb-columns__max_width-theme mt-0\"><div class=\"uagb-columns__overlay\"><\/div><div class=\"uagb-columns__inner-wrap uagb-columns__columns-2\">\n<div class=\"wp-block-uagb-column uagb-column__wrap uagb-column__background-undefined uagb-block-2c3da4a3\"><div class=\"uagb-column__overlay\"><\/div>\n<p><\/p>\n\n\n\n<p><strong>Damit wir Ihre Anfrage detailliert pr\u00fcfen k\u00f6nnen, <br>bitte f\u00fcllen Sie das folgende Formular aus :<\/strong><\/p>\n\n\n<div class=\"wpforms-container wpforms-container-full\" id=\"wpforms-215\"><form id=\"wpforms-form-215\" class=\"wpforms-validate wpforms-form wpforms-ajax-form\" data-formid=\"215\" method=\"post\" enctype=\"multipart\/form-data\" action=\"\/de\/wp-json\/wp\/v2\/pages\/6\" data-token=\"471856ce27716c55a95d206286f56f35\" data-trp-original-action=\"\/de\/wp-json\/wp\/v2\/pages\/6\"><noscript class=\"wpforms-error-noscript\">Bitte aktiviere JavaScript in deinem Browser, um dieses Formular fertigzustellen.<\/noscript><div class=\"wpforms-field-container\"><div id=\"wpforms-215-field_0-container\" class=\"wpforms-field wpforms-field-name\" data-field-id=\"0\"><label class=\"wpforms-field-label\" for=\"wpforms-215-field_0\">Name <span class=\"wpforms-required-label\">*<\/span><\/label><div class=\"wpforms-field-row wpforms-field-large\"><div class=\"wpforms-field-row-block wpforms-first wpforms-one-half\"><input type=\"text\" id=\"wpforms-215-field_0\" class=\"wpforms-field-name-first wpforms-field-required\" name=\"wpforms[fields][0][first]\" required><label for=\"wpforms-215-field_0\" class=\"wpforms-field-sublabel after\">Vorname<\/label><\/div><div class=\"wpforms-field-row-block wpforms-one-half\"><input type=\"text\" id=\"wpforms-215-field_0-last\" class=\"wpforms-field-name-last wpforms-field-required\" name=\"wpforms[fields][0][last]\" required><label for=\"wpforms-215-field_0-last\" class=\"wpforms-field-sublabel after\">Nachname<\/label><\/div><\/div><\/div><div id=\"wpforms-215-field_1-container\" class=\"wpforms-field wpforms-field-email wpforms-one-half wpforms-first\" data-field-id=\"1\"><label class=\"wpforms-field-label\" for=\"wpforms-215-field_1\">Kontakt-E-Mail-Adresse <span class=\"wpforms-required-label\">*<\/span><\/label><input type=\"email\" id=\"wpforms-215-field_1\" class=\"wpforms-field-large wpforms-field-required\" name=\"wpforms[fields][1]\" spellcheck=\"false\" required><\/div><div id=\"wpforms-215-field_5-container\" class=\"wpforms-field wpforms-field-text wpforms-one-half\" data-field-id=\"5\"><label class=\"wpforms-field-label\" for=\"wpforms-215-field_5\">Telefon <span class=\"wpforms-required-label\">*<\/span><\/label><input type=\"text\" id=\"wpforms-215-field_5\" class=\"wpforms-field-large wpforms-field-required\" name=\"wpforms[fields][5]\" required><\/div><div id=\"wpforms-215-field_12-container\" class=\"wpforms-field wpforms-field-text wpforms-one-half wpforms-first\" data-field-id=\"12\"><label class=\"wpforms-field-label\" for=\"wpforms-215-field_12\">Firmenname : <span class=\"wpforms-required-label\">*<\/span><\/label><input type=\"text\" id=\"wpforms-215-field_12\" class=\"wpforms-field-large wpforms-field-required\" name=\"wpforms[fields][12]\" required><\/div><div id=\"wpforms-215-field_14-container\" class=\"wpforms-field wpforms-field-select wpforms-one-half wpforms-field-select-style-classic\" data-field-id=\"14\"><label class=\"wpforms-field-label\" for=\"wpforms-215-field_14\">Gr\u00f6\u00dfe Ihrer Fahrzeugflotte? <span class=\"wpforms-required-label\">*<\/span><\/label><select id=\"wpforms-215-field_14\" class=\"wpforms-field-large wpforms-field-required\" name=\"wpforms[fields][14]\" required=\"required\"><option value=\"10 \u00e0 50 v\u00e9hicules\" >10 bis 50 Fahrzeuge<\/option><option value=\"51 \u00e0 100\" >51 \u00e0 100<\/option><option value=\"101 \u00e0 500\" >101 \u00e0 500<\/option><option value=\"500 et plus\" >500 und mehr<\/option><\/select><\/div><div id=\"wpforms-215-field_2-container\" class=\"wpforms-field wpforms-field-textarea\" data-field-id=\"2\"><label class=\"wpforms-field-label\" for=\"wpforms-215-field_2\">Ihre Nachricht<\/label><textarea id=\"wpforms-215-field_2\" class=\"wpforms-field-medium\" name=\"wpforms[fields][2]\" ><\/textarea><\/div><div id=\"wpforms-215-field_4-container\" class=\"wpforms-field wpforms-field-gdpr-checkbox\" data-field-id=\"4\"><label class=\"wpforms-field-label\" for=\"wpforms-215-field_4\"> Obligatorische Felder <span class=\"wpforms-required-label\">*<\/span><\/label><ul id=\"wpforms-215-field_4\" class=\"wpforms-field-required\"><li class=\"choice-1\"><input type=\"checkbox\" id=\"wpforms-215-field_4_1\" name=\"wpforms[fields][4][]\" value=\"&lt;strong&gt;RGPD : R\u00e8glement g\u00e9n\u00e9ral sur la protection des donn\u00e9es.&lt;\/strong&gt;&lt;br\/&gt;En cochant cette case, vous reconnaissez avoir pris connaissance et accept\u00e9 les &lt;a href=&quot;https:\/\/securitrack.co\/conditions-generales-dutilisations\/&quot;&gt;conditions g\u00e9n\u00e9rales d&#039;utilisation du site.&lt;\/a&gt;\" required><label class=\"wpforms-field-label-inline\" for=\"wpforms-215-field_4_1\"><strong>GDPR: General Data Protection Regulation (Allgemeine Datenschutzverordnung).<\/strong><br \/>Indem Sie dieses K\u00e4stchen ankreuzen, best\u00e4tigen Sie, dass Sie die <a href=\"https:\/\/securitrack.co\/de\/conditions-generales-dutilisations\/\">allgemeinen Bedingungen f\u00fcr die Nutzung der Website.<\/a><\/label><\/li><\/ul><\/div><div id=\"wpforms-215-field_21-container\" class=\"wpforms-field wpforms-field-text\" data-field-id=\"21\"><label class=\"wpforms-field-label wpforms-label-hide\" for=\"wpforms-215-field_21\">Textzeile<\/label><input type=\"text\" id=\"wpforms-215-field_21\" class=\"wpforms-field-medium\" name=\"wpforms[fields][21]\" ><\/div><\/div><!-- .wpforms-field-container --><div class=\"wpforms-field wpforms-field-hp\"><label for=\"wpforms-215-field-hp\" class=\"wpforms-field-label\">Wie<\/label><input type=\"text\" name=\"wpforms[hp]\" id=\"wpforms-215-field-hp\" class=\"wpforms-field-medium\"><\/div><div class=\"wpforms-recaptcha-container wpforms-is-recaptcha wpforms-is-recaptcha-type-v3\" ><input type=\"hidden\" name=\"wpforms[recaptcha]\" value=\"\"><\/div><div class=\"wpforms-submit-container\" ><input type=\"hidden\" name=\"wpforms[id]\" value=\"215\"><input type=\"hidden\" name=\"wpforms[author]\" value=\"12\"><button type=\"submit\" name=\"wpforms[submit]\" id=\"wpforms-submit-215\" class=\"wpforms-submit\" data-alt-text=\"En cours...\" data-submit-text=\"Envoyer\" aria-live=\"assertive\" value=\"wpforms-submit\">Senden Sie<\/button><img loading=\"lazy\" decoding=\"async\" src=\"https:\/\/securitrack.co\/wp-content\/plugins\/wpforms-lite\/assets\/images\/submit-spin.svg\" class=\"wpforms-submit-spinner\" style=\"display: none;\" width=\"26\" height=\"26\" alt=\"Wird geladen\"><\/div><input type=\"hidden\" name=\"trp-form-language\" value=\"de\"\/><\/form><\/div>  <!-- .wpforms-container -->\n\n\n\n<p><\/p>\n<\/div>\n\n\n\n<div class=\"wp-block-uagb-column uagb-column__wrap uagb-column__background-undefined uagb-block-5c78ee2b\"><div class=\"uagb-column__overlay\"><\/div>\n<p><\/p>\n\n\n<br \/>\n  <\/p>\n<\/div>\n<\/div><\/section>\n\n\n\n<p><\/p>","protected":false},"excerpt":{"rendered":"<p>B\u00e9n\u00e9ficiez d\u2019une \u00e9tude gratuite et personnalis\u00e9e Vous pour obtenir un devis sur notre solution de gestion, de contr\u00f4le et de s\u00e9curisation, contactez notre distributeur agr\u00e9\u00e9 local Pour nous permettre d\u2019\u00e9tudier votre demande en d\u00e9tails, merci de remplir le formulaire ci-dessous&nbsp;:<\/p>","protected":false},"author":12,"featured_media":0,"parent":0,"menu_order":0,"comment_status":"closed","ping_status":"closed","template":"page-without-title.php","meta":{"_coblocks_attr":"","_coblocks_dimensions":"","_coblocks_responsive_height":"","_coblocks_accordion_ie_support":"","_uag_custom_page_level_css":"","footnotes":""},"yoast_head":"<!-- This site is optimized with the Yoast SEO plugin v22.0 - https:\/\/yoast.com\/wordpress\/plugins\/seo\/ -->\n<title>Contact - SECURITRACK<\/title>\n<meta name=\"robots\" content=\"index, follow, max-snippet:-1, max-image-preview:large, max-video-preview:-1\" \/>\n<link rel=\"canonical\" href=\"https:\/\/securitrack.co\/de\/contact\/\" \/>\n<meta property=\"og:locale\" content=\"de_DE\" \/>\n<meta property=\"og:type\" content=\"article\" \/>\n<meta property=\"og:title\" content=\"Contact - SECURITRACK\" \/>\n<meta property=\"og:description\" content=\"B\u00e9n\u00e9ficiez d\u2019une \u00e9tude gratuite et personnalis\u00e9e Vous pour obtenir un devis sur notre solution de gestion, de contr\u00f4le et de s\u00e9curisation, contactez notre distributeur agr\u00e9\u00e9 local Pour nous permettre d\u2019\u00e9tudier votre demande en d\u00e9tails, merci de remplir le formulaire ci-dessous&nbsp;:\" \/>\n<meta property=\"og:url\" content=\"https:\/\/securitrack.co\/de\/contact\/\" \/>\n<meta property=\"og:site_name\" content=\"SECURITRACK\" \/>\n<meta property=\"article:modified_time\" content=\"2024-02-06T09:58:09+00:00\" \/>\n<meta name=\"twitter:card\" content=\"summary_large_image\" \/>\n<meta name=\"twitter:label1\" content=\"Gesch\u00e4tzte Lesezeit\" \/>\n\t<meta name=\"twitter:data1\" content=\"1\u00a0Minute\" \/>\n<script type=\"application\/ld+json\" class=\"yoast-schema-graph\">{\"@context\":\"https:\/\/schema.org\",\"@graph\":[{\"@type\":[\"WebPage\",\"ContactPage\"],\"@id\":\"https:\/\/securitrack.co\/contact\/\",\"url\":\"https:\/\/securitrack.co\/contact\/\",\"name\":\"Contact - SECURITRACK\",\"isPartOf\":{\"@id\":\"https:\/\/securitrack.co\/#website\"},\"datePublished\":\"2016-07-28T07:31:28+00:00\",\"dateModified\":\"2024-02-06T09:58:09+00:00\",\"inLanguage\":\"de\",\"potentialAction\":[{\"@type\":\"ReadAction\",\"target\":[\"https:\/\/securitrack.co\/contact\/\"]}]},{\"@type\":\"WebSite\",\"@id\":\"https:\/\/securitrack.co\/#website\",\"url\":\"https:\/\/securitrack.co\/\",\"name\":\"SECURITRACK\",\"description\":\"LA SOLUTION DE GESTION, DE CONTR\u00d4LE ET DE S\u00c9CURISATION LA PLUS COMPL\u00c8TE DU MARCH\u00c9 !\",\"potentialAction\":[{\"@type\":\"SearchAction\",\"target\":{\"@type\":\"EntryPoint\",\"urlTemplate\":\"https:\/\/securitrack.co\/?s={search_term_string}\"},\"query-input\":\"required name=search_term_string\"}],\"inLanguage\":\"de\"}]}<\/script>\n<!-- \/ Yoast SEO plugin. -->","yoast_head_json":{"title":"Contact - SECURITRACK","robots":{"index":"index","follow":"follow","max-snippet":"max-snippet:-1","max-image-preview":"max-image-preview:large","max-video-preview":"max-video-preview:-1"},"canonical":"https:\/\/securitrack.co\/de\/contact\/","og_locale":"de_DE","og_type":"article","og_title":"Contact - SECURITRACK","og_description":"B\u00e9n\u00e9ficiez d\u2019une \u00e9tude gratuite et personnalis\u00e9e Vous pour obtenir un devis sur notre solution de gestion, de contr\u00f4le et de s\u00e9curisation, contactez notre distributeur agr\u00e9\u00e9 local Pour nous permettre d\u2019\u00e9tudier votre demande en d\u00e9tails, merci de remplir le formulaire ci-dessous&nbsp;:","og_url":"https:\/\/securitrack.co\/de\/contact\/","og_site_name":"SECURITRACK","article_modified_time":"2024-02-06T09:58:09+00:00","twitter_card":"summary_large_image","twitter_misc":{"Gesch\u00e4tzte Lesezeit":"1\u00a0Minute"},"schema":{"@context":"https:\/\/schema.org","@graph":[{"@type":["WebPage","ContactPage"],"@id":"https:\/\/securitrack.co\/contact\/","url":"https:\/\/securitrack.co\/contact\/","name":"Contact - SECURITRACK","isPartOf":{"@id":"https:\/\/securitrack.co\/#website"},"datePublished":"2016-07-28T07:31:28+00:00","dateModified":"2024-02-06T09:58:09+00:00","inLanguage":"de","potentialAction":[{"@type":"ReadAction","target":["https:\/\/securitrack.co\/contact\/"]}]},{"@type":"WebSite","@id":"https:\/\/securitrack.co\/#website","url":"https:\/\/securitrack.co\/","name":"SECURITRACK","description":"LA SOLUTION DE GESTION, DE CONTR\u00d4LE ET DE S\u00c9CURISATION LA PLUS COMPL\u00c8TE DU MARCH\u00c9 !","potentialAction":[{"@type":"SearchAction","target":{"@type":"EntryPoint","urlTemplate":"https:\/\/securitrack.co\/?s={search_term_string}"},"query-input":"required name=search_term_string"}],"inLanguage":"de"}]}},"uagb_featured_image_src":{"full":false,"thumbnail":false,"medium":false,"medium_large":false,"large":false,"1536x1536":false,"2048x2048":false,"trp-custom-language-flag":false},"uagb_author_info":{"display_name":"Camaleon","author_link":"https:\/\/securitrack.co\/de\/author\/camaleon\/"},"uagb_comment_info":0,"uagb_excerpt":"B\u00e9n\u00e9ficiez d\u2019une \u00e9tude gratuite et personnalis\u00e9e Vous pour obtenir un devis sur notre solution de gestion, de contr\u00f4le et de s\u00e9curisation, contactez notre distributeur agr\u00e9\u00e9 local Pour nous permettre d\u2019\u00e9tudier votre demande en d\u00e9tails, merci de remplir le formulaire ci-dessous&nbsp;:","_links":{"self":[{"href":"https:\/\/securitrack.co\/de\/wp-json\/wp\/v2\/pages\/6"}],"collection":[{"href":"https:\/\/securitrack.co\/de\/wp-json\/wp\/v2\/pages"}],"about":[{"href":"https:\/\/securitrack.co\/de\/wp-json\/wp\/v2\/types\/page"}],"author":[{"embeddable":true,"href":"https:\/\/securitrack.co\/de\/wp-json\/wp\/v2\/users\/12"}],"replies":[{"embeddable":true,"href":"https:\/\/securitrack.co\/de\/wp-json\/wp\/v2\/comments?post=6"}],"version-history":[{"count":104,"href":"https:\/\/securitrack.co\/de\/wp-json\/wp\/v2\/pages\/6\/revisions"}],"predecessor-version":[{"id":4152,"href":"https:\/\/securitrack.co\/de\/wp-json\/wp\/v2\/pages\/6\/revisions\/4152"}],"wp:attachment":[{"href":"https:\/\/securitrack.co\/de\/wp-json\/wp\/v2\/media?parent=6"}],"curies":[{"name":"wp","href":"https:\/\/api.w.org\/{rel}","templated":true}]}}