{"id":776,"date":"2021-10-26T10:30:00","date_gmt":"2021-10-26T08:30:00","guid":{"rendered":"https:\/\/mobility.optimum-automotive.com\/?page_id=776"},"modified":"2024-02-06T10:41:22","modified_gmt":"2024-02-06T09:41:22","slug":"geolocalisation-de-vehicules","status":"publish","type":"page","link":"https:\/\/securitrack.co\/de\/geolocalisation-de-vehicules\/","title":{"rendered":"GEOLOKALISIERUNG"},"content":{"rendered":"<section class=\"wp-block-uagb-columns uagb-columns__wrap uagb-columns__background-image uagb-columns__stack-mobile uagb-columns__valign- uagb-columns__gap-10 alignfull uagb-block-948e64bc uagb-columns__columns-1 uagb-columns__max_width-theme dark\"><div class=\"uagb-columns__overlay\"><\/div><div class=\"uagb-columns__inner-wrap uagb-columns__columns-1\">\n<div class=\"wp-block-uagb-column uagb-column__wrap uagb-column__background-undefined uagb-block-41aade15 container\"><div class=\"uagb-column__overlay\"><\/div>\n<section class=\"wp-block-uagb-columns uagb-columns__wrap uagb-columns__stack-mobile uagb-columns__valign- uagb-columns__gap-10 align uagb-block-11fc6e6a uagb-columns__columns-2 uagb-columns__max_width-custom\"><div class=\"uagb-columns__overlay\"><\/div><div class=\"uagb-columns__inner-wrap uagb-columns__columns-2\">\n<div class=\"wp-block-uagb-column uagb-column__wrap uagb-column__background-undefined uagb-block-72e757e2\"><div class=\"uagb-column__overlay\"><\/div>\n<h1 class=\"wp-block-heading has-text-align-left mb-10\"><span style=\"background-color:rgba(0, 0, 0, 0);color:#ffffff\" class=\"has-inline-color\"><strong>GEOLOKALISIERUNG<\/strong><\/span><\/h1>\n<\/div>\n\n\n\n<div class=\"wp-block-uagb-column uagb-column__wrap uagb-column__background-undefined uagb-block-ba744f9f\"><div class=\"uagb-column__overlay\"><\/div><\/div>\n<\/div><\/section>\n<\/div>\n<\/div><\/section>\n\n\n\n<section class=\"wp-block-uagb-columns uagb-columns__wrap uagb-columns__background-color uagb-columns__stack-mobile uagb-columns__valign- uagb-columns__gap-10 alignfull uagb-block-0469dc4d uagb-columns__columns-1 uagb-columns__max_width-theme\"><div class=\"uagb-columns__overlay\"><\/div><div class=\"uagb-columns__inner-wrap uagb-columns__columns-1\">\n<div class=\"wp-block-uagb-column uagb-column__wrap uagb-column__background-color uagb-block-6db0653e\"><div class=\"uagb-column__overlay\"><\/div>\n<section class=\"wp-block-uagb-columns uagb-columns__wrap uagb-columns__background-none uagb-columns__stack-mobile uagb-columns__valign- uagb-columns__gap-0 align uagb-block-5472ebab uagb-columns__columns-1 uagb-columns__max_width-custom uagb-columns__background-undefined uagb-columns__valign-undefined alignundefined\" id=\"container\"><div class=\"uagb-columns__overlay\"><\/div><div class=\"uagb-columns__inner-wrap uagb-columns__columns-1\">\n<div class=\"wp-block-uagb-column uagb-column__wrap uagb-column__background-undefined uagb-block-e3f39b69 container\"><div class=\"uagb-column__overlay\"><\/div>\n<div class=\"wp-block-columns mb-0 p-0 is-layout-flex wp-container-core-columns-layout-1 wp-block-columns-is-layout-flex\">\n<div class=\"wp-block-column is-layout-flow wp-block-column-is-layout-flow\" style=\"flex-basis:100%\">\n<h4 class=\"wp-block-heading p-0 has-medium-font-size\"><span style=\"background-color:rgba(0, 0, 0, 0)\" class=\"has-inline-color has-dark-color\"> <\/span>Mehr Reaktionsf\u00e4higkeit, Produktivit\u00e4t und Rentabilit\u00e4t<\/h4>\n<\/div>\n<\/div>\n<\/div>\n<\/div><\/section>\n<\/div>\n<\/div><\/section>\n\n\n\n<section class=\"wp-block-uagb-columns uagb-columns__wrap uagb-columns__background-color uagb-columns__stack-mobile uagb-columns__valign- uagb-columns__gap-10 alignfull uagb-block-9f299906 uagb-columns__columns-1 uagb-columns__max_width-theme pb-0\"><div class=\"uagb-columns__overlay\"><\/div><div class=\"uagb-columns__inner-wrap uagb-columns__columns-1\">\n<div class=\"wp-block-uagb-column uagb-column__wrap uagb-column__background-color uagb-block-b3cb7b98 pb-0\"><div class=\"uagb-column__overlay\"><\/div>\n<div style=\"height:5px\" aria-hidden=\"true\" class=\"wp-block-spacer pb-0\"><\/div>\n<\/div>\n<\/div><\/section>\n\n\n\n<section class=\"wp-block-uagb-columns uagb-columns__wrap uagb-columns__stack-tablet uagb-columns__valign- uagb-columns__gap-10 align uagb-columns__reverse-tablet uagb-columns__reverse-mobile uagb-block-b237ae1b uagb-columns__columns-2 uagb-columns__max_width-theme\"><div class=\"uagb-columns__overlay\"><\/div><div class=\"uagb-columns__inner-wrap uagb-columns__columns-2\">\n<div class=\"wp-block-uagb-column uagb-column__wrap uagb-column__background-undefined uagb-block-c97f48ca\"><div class=\"uagb-column__overlay\"><\/div>\n<h4 class=\"wp-block-heading\">Verfolgen, analysieren und optimieren Sie die Reisen Ihrer Teams vor Ort<\/h4>\n<\/div>\n\n\n\n<div class=\"wp-block-uagb-column uagb-column__wrap uagb-column__background-undefined uagb-block-bb71dc10\"><div class=\"uagb-column__overlay\"><\/div><div class=\"wp-block-image\">\n<figure class=\"alignright size-full\"><img loading=\"lazy\" decoding=\"async\" width=\"840\" height=\"378\" src=\"https:\/\/securitrack.co\/wp-content\/uploads\/2022\/04\/home_geoloc-1.png\" alt=\"\" class=\"wp-image-4006\" srcset=\"https:\/\/securitrack.co\/wp-content\/uploads\/2022\/04\/home_geoloc-1.png 840w, https:\/\/securitrack.co\/wp-content\/uploads\/2022\/04\/home_geoloc-1-700x315.png 700w, https:\/\/securitrack.co\/wp-content\/uploads\/2022\/04\/home_geoloc-1-768x346.png 768w, https:\/\/securitrack.co\/wp-content\/uploads\/2022\/04\/home_geoloc-1-18x8.png 18w\" sizes=\"(max-width: 840px) 100vw, 840px\" \/><\/figure><\/div>\n\n\n<p><\/p>\n<\/div>\n<\/div><\/section>\n\n\n\n<section class=\"wp-block-uagb-columns uagb-columns__wrap uagb-columns__background-color uagb-columns__stack-mobile uagb-columns__valign- uagb-columns__gap-10 align uagb-block-7345e0a2 uagb-columns__columns-2 uagb-columns__max_width-theme ml-10 mr-10\"><div class=\"uagb-columns__overlay\"><\/div><div class=\"uagb-columns__inner-wrap uagb-columns__columns-2\">\n<div class=\"wp-block-uagb-column uagb-column__wrap uagb-column__background-color uagb-block-5931b96a\"><div class=\"uagb-column__overlay\"><\/div>\n<p><\/p>\n\n\n<div class=\"wp-block-image\">\n<figure class=\"aligncenter size-full\"><img loading=\"lazy\" decoding=\"async\" width=\"452\" height=\"409\" src=\"https:\/\/securitrack.co\/wp-content\/uploads\/2022\/04\/geofenc_securitrack-1.png\" alt=\"\" class=\"wp-image-4011\" srcset=\"https:\/\/securitrack.co\/wp-content\/uploads\/2022\/04\/geofenc_securitrack-1.png 452w, https:\/\/securitrack.co\/wp-content\/uploads\/2022\/04\/geofenc_securitrack-1-13x12.png 13w\" sizes=\"(max-width: 452px) 100vw, 452px\" \/><\/figure><\/div><\/div>\n\n\n\n<div class=\"wp-block-uagb-column uagb-column__wrap uagb-column__background-color uagb-block-575b53be\"><div class=\"uagb-column__overlay\"><\/div>\n<ul>\n<li><strong>Geolokalisierung <\/strong>augenblicklich von Fahrzeugen<\/li>\n<\/ul>\n\n\n\n<ul>\n<li><strong>Geschichte <\/strong>der zur\u00fcckgelegten Strecken<\/li>\n\n\n\n<li><strong>Geofencing und Korridoring <\/strong>: <br>Warnungen beim Betreten\/ Verlassen von einstellbaren Zonen<\/li>\n\n\n\n<li><strong>Suche nach N\u00e4he <\/strong>von Fahrzeugen oder Agenten<\/li>\n\n\n\n<li><strong>Verwaltung und Anzeige des<\/strong> <strong>Adressbuch<\/strong><\/li>\n<\/ul>\n\n\n\n<p><\/p>\n<\/div>\n<\/div><\/section>\n\n\n\n<section class=\"wp-block-uagb-columns uagb-columns__wrap uagb-columns__background-color uagb-columns__stack-mobile uagb-columns__valign- uagb-columns__gap-10 align uagb-block-bdf8f0b2 uagb-columns__columns-2 uagb-columns__max_width-theme ml-10 mr-10\"><div class=\"uagb-columns__overlay\"><\/div><div class=\"uagb-columns__inner-wrap uagb-columns__columns-2\">\n<div class=\"wp-block-uagb-column uagb-column__wrap uagb-column__background-color uagb-block-61c13e6e\"><div class=\"uagb-column__overlay\"><\/div>\n<ul>\n<li><strong>Verwaltung von Fahrzeugen und Fahrern <\/strong>: Verwaltungsbl\u00e4tter und Gruppenstruktur<\/li>\n\n\n\n<li><strong>Zuordnung von Fahrzeugen <\/strong>an die Fahrer<\/li>\n\n\n\n<li><strong>Verwaltung von Zugriffsrechten <\/strong>: Manager, Vorgesetzte, Mitarbeiter...<\/li>\n\n\n\n<li><strong>Kostenloser, unbegrenzter und historisierter SMS-Versand <\/strong>von der Plattform<\/li>\n\n\n\n<li><strong>Alert Center <\/strong>: mehr als 20 einstellbare Alarme<\/li>\n\n\n\n<li><strong>Berichtszentrum <\/strong>: mehr als 20 konfigurierbare periodische oder sofortige Berichte<\/li>\n\n\n\n<li><strong>Schutz von Fahrzeugen <\/strong>: fernaktivierbares Wegfahrsperrenrelais<\/li>\n<\/ul>\n\n\n\n<p><\/p>\n<\/div>\n\n\n\n<div class=\"wp-block-uagb-column uagb-column__wrap uagb-column__background-color uagb-block-77087024\"><div class=\"uagb-column__overlay\"><\/div>\n<figure class=\"wp-block-image size-full\"><img loading=\"lazy\" decoding=\"async\" width=\"485\" height=\"435\" src=\"https:\/\/securitrack.co\/wp-content\/uploads\/2022\/03\/conducteur.png\" alt=\"\" class=\"wp-image-3698\" srcset=\"https:\/\/securitrack.co\/wp-content\/uploads\/2022\/03\/conducteur.png 485w, https:\/\/securitrack.co\/wp-content\/uploads\/2022\/03\/conducteur-13x12.png 13w\" sizes=\"(max-width: 485px) 100vw, 485px\" \/><\/figure>\n<\/div>\n<\/div><\/section>\n\n\n\n<div style=\"height:70px\" aria-hidden=\"true\" class=\"wp-block-spacer\"><\/div>\n\n\n\n<section class=\"wp-block-uagb-columns uagb-columns__wrap uagb-columns__background-color uagb-columns__stack-mobile uagb-columns__valign- uagb-columns__gap-10 alignfull uagb-block-e5f51003 uagb-columns__columns-1 uagb-columns__max_width-theme mb-0\"><div class=\"uagb-columns__overlay\"><\/div><div class=\"uagb-columns__inner-wrap uagb-columns__columns-1\">\n<div class=\"wp-block-uagb-column uagb-column__wrap uagb-column__background-undefined uagb-block-f5e12d53\"><div class=\"uagb-column__overlay\"><\/div>\n<h2 class=\"wp-block-heading has-text-align-center p-10 mb-0 has-orange-color has-dark-background-color has-text-color has-background\"><span style=\"background-color:rgba(0, 0, 0, 0)\" class=\"has-inline-color has-orange-color\"><strong><strong><strong>IHR GEWINN<\/strong><\/strong><\/strong><\/span><\/h2>\n<\/div>\n<\/div><\/section>\n\n\n\n<section class=\"wp-block-uagb-columns uagb-columns__wrap uagb-columns__background-color uagb-columns__stack-mobile uagb-columns__valign- uagb-columns__gap-10 alignfull uagb-block-04b58e25 uagb-columns__columns-1 uagb-columns__max_width-theme mt-0\"><div class=\"uagb-columns__overlay\"><\/div><div class=\"uagb-columns__inner-wrap uagb-columns__columns-1\">\n<div class=\"wp-block-uagb-column uagb-column__wrap uagb-column__background-undefined uagb-block-7e31aed8 container\"><div class=\"uagb-column__overlay\"><\/div>\n<section class=\"wp-block-uagb-columns uagb-columns__wrap uagb-columns__stack-mobile uagb-columns__valign- uagb-columns__gap-20 align uagb-block-62405346 uagb-columns__columns-4 uagb-columns__max_width-theme\"><div class=\"uagb-columns__overlay\"><\/div><div class=\"uagb-columns__inner-wrap uagb-columns__columns-4\">\n<div class=\"wp-block-uagb-column uagb-column__wrap uagb-column__background-color uagb-block-f34eda80\"><div class=\"uagb-column__overlay\"><\/div><div class=\"wp-block-image mb-10\">\n<figure class=\"aligncenter size-full\"><img loading=\"lazy\" decoding=\"async\" width=\"63\" height=\"63\" src=\"https:\/\/securitrack.co\/wp-content\/uploads\/2022\/04\/security.png\" alt=\"\" class=\"wp-image-4014\" srcset=\"https:\/\/securitrack.co\/wp-content\/uploads\/2022\/04\/security.png 63w, https:\/\/securitrack.co\/wp-content\/uploads\/2022\/04\/security-12x12.png 12w\" sizes=\"(max-width: 63px) 100vw, 63px\" \/><\/figure><\/div>\n\n\n<h4 class=\"wp-block-heading has-text-align-center\"><strong>Sicherheit<\/strong><\/h4>\n\n\n\n<p>24\/7 Geolokalisierung, ferngesteuerte Wegfahrsperre von Fahrzeugen<\/p>\n<\/div>\n\n\n\n<div class=\"wp-block-uagb-column uagb-column__wrap uagb-column__background-color uagb-block-ae8cd5bd\"><div class=\"uagb-column__overlay\"><\/div><div class=\"wp-block-image mb-10\">\n<figure class=\"aligncenter size-full\"><img loading=\"lazy\" decoding=\"async\" width=\"63\" height=\"63\" src=\"https:\/\/securitrack.co\/wp-content\/uploads\/2022\/03\/economies.png\" alt=\"\" class=\"wp-image-3720\" srcset=\"https:\/\/securitrack.co\/wp-content\/uploads\/2022\/03\/economies.png 63w, https:\/\/securitrack.co\/wp-content\/uploads\/2022\/03\/economies-12x12.png 12w\" sizes=\"(max-width: 63px) 100vw, 63px\" \/><\/figure><\/div>\n\n\n<h4 class=\"wp-block-heading has-text-align-center\"><strong><strong><strong><strong> <strong>Einsparungen<\/strong> <\/strong><\/strong><\/strong><\/strong><\/h4>\n\n\n\n<p><\/p>\n\n\n\n<p>Reduzierung der gefahrenen Kilometer, der Nutzungskosten (Kraftstoff, Wartung...), Reduzierung\/Abschaffung der Nutzung au\u00dferhalb des beruflichen Umfelds, Senkung der Schadensquote<\/p>\n\n\n\n<p><\/p>\n<\/div>\n\n\n\n<div class=\"wp-block-uagb-column uagb-column__wrap uagb-column__background-color uagb-block-30518c71\"><div class=\"uagb-column__overlay\"><\/div>\n<p><\/p>\n\n\n<div class=\"wp-block-image mb-10\">\n<figure class=\"aligncenter size-full\"><img loading=\"lazy\" decoding=\"async\" width=\"63\" height=\"63\" src=\"https:\/\/securitrack.co\/wp-content\/uploads\/2022\/03\/qualite-rentabilite.png\" alt=\"\" class=\"wp-image-3721\" srcset=\"https:\/\/securitrack.co\/wp-content\/uploads\/2022\/03\/qualite-rentabilite.png 63w, https:\/\/securitrack.co\/wp-content\/uploads\/2022\/03\/qualite-rentabilite-12x12.png 12w\" sizes=\"(max-width: 63px) 100vw, 63px\" \/><\/figure><\/div>\n\n\n<h4 class=\"wp-block-heading has-text-align-center\"><strong><strong><strong> Q<strong>ualit\u00e4t der Dienstleistung<\/strong> <\/strong><\/strong><\/strong><\/h4>\n\n\n\n<p> Schnelligkeit der Intervention, F\u00e4higkeit, mit unvorhergesehenen Ereignissen umzugehen (Versp\u00e4tungen, Unf\u00e4higkeit...), Erh\u00f6hung Ihrer Reaktionsf\u00e4higkeit <\/p>\n\n\n\n<p><\/p>\n<\/div>\n\n\n\n<div class=\"wp-block-uagb-column uagb-column__wrap uagb-column__background-color uagb-block-4e863963\"><div class=\"uagb-column__overlay\"><\/div>\n<p><\/p>\n\n\n<div class=\"wp-block-image mb-10\">\n<figure class=\"aligncenter size-full\"><img loading=\"lazy\" decoding=\"async\" width=\"63\" height=\"63\" src=\"https:\/\/securitrack.co\/wp-content\/uploads\/2022\/03\/productivite.png\" alt=\"\" class=\"wp-image-3723\" srcset=\"https:\/\/securitrack.co\/wp-content\/uploads\/2022\/03\/productivite.png 63w, https:\/\/securitrack.co\/wp-content\/uploads\/2022\/03\/productivite-12x12.png 12w\" sizes=\"(max-width: 63px) 100vw, 63px\" \/><\/figure><\/div>\n\n\n<h4 class=\"wp-block-heading has-text-align-center\"><strong><strong><strong> <strong>Produktivit\u00e4t<\/strong> <\/strong><\/strong><\/strong><\/h4>\n\n\n\n<p>Verk\u00fcrzung der Fahrzeiten (Optimierung der Touren), Verk\u00fcrzung der Interventionszeiten (Suche nach N\u00e4he), Einhaltung des Arbeitsplans (Sichtbarkeit der Dauer der Interventionen) <\/p>\n\n\n\n<p><\/p>\n<\/div>\n<\/div><\/section>\n<\/div>\n<\/div><\/section>","protected":false},"excerpt":{"rendered":"<p>G\u00c9OLOCALISATION Plus de r\u00e9activit\u00e9, de productivit\u00e9 et de rentabilit\u00e9 Suivez, analysez, optimisez les d\u00e9placements de vos \u00e9quipes sur le terrain VOS B\u00c9N\u00c9FICES S\u00e9curit\u00e9 G\u00e9olocalisation 24\/7, immobilisation des v\u00e9hicules \u00e0 distance \u00c9conomies R\u00e9duction des kilom\u00e8tres parcourus, des frais d\u2019usage (carburant, entretien\u2026), r\u00e9duction\/suppression des usages hors cadre professionnel, baisse de la sinistralit\u00e9 Qualit\u00e9 de service Rapidit\u00e9 d\u2019intervention, [&hellip;]<\/p>","protected":false},"author":12,"featured_media":0,"parent":0,"menu_order":0,"comment_status":"closed","ping_status":"closed","template":"page-without-title.php","meta":{"_coblocks_attr":"","_coblocks_dimensions":"","_coblocks_responsive_height":"","_coblocks_accordion_ie_support":"","_uag_custom_page_level_css":"","footnotes":""},"yoast_head":"<!-- This site is optimized with the Yoast SEO plugin v22.0 - https:\/\/yoast.com\/wordpress\/plugins\/seo\/ -->\n<title>G\u00c9OLOCALISATION - SECURITRACK<\/title>\n<meta name=\"robots\" content=\"index, follow, max-snippet:-1, max-image-preview:large, max-video-preview:-1\" \/>\n<link rel=\"canonical\" href=\"https:\/\/securitrack.co\/de\/geolocalisation-de-vehicules\/\" \/>\n<meta property=\"og:locale\" content=\"de_DE\" \/>\n<meta property=\"og:type\" content=\"article\" \/>\n<meta property=\"og:title\" content=\"G\u00c9OLOCALISATION - SECURITRACK\" \/>\n<meta property=\"og:description\" content=\"G\u00c9OLOCALISATION Plus de r\u00e9activit\u00e9, de productivit\u00e9 et de rentabilit\u00e9 Suivez, analysez, optimisez les d\u00e9placements de vos \u00e9quipes sur le terrain VOS B\u00c9N\u00c9FICES S\u00e9curit\u00e9 G\u00e9olocalisation 24\/7, immobilisation des v\u00e9hicules \u00e0 distance \u00c9conomies R\u00e9duction des kilom\u00e8tres parcourus, des frais d\u2019usage (carburant, entretien\u2026), r\u00e9duction\/suppression des usages hors cadre professionnel, baisse de la sinistralit\u00e9 Qualit\u00e9 de service Rapidit\u00e9 d\u2019intervention, [&hellip;]\" \/>\n<meta property=\"og:url\" content=\"https:\/\/securitrack.co\/de\/geolocalisation-de-vehicules\/\" \/>\n<meta property=\"og:site_name\" content=\"SECURITRACK\" \/>\n<meta property=\"article:modified_time\" content=\"2024-02-06T09:41:22+00:00\" \/>\n<meta property=\"og:image\" content=\"https:\/\/securitrack.co\/wp-content\/uploads\/2022\/04\/home_geoloc-1.png\" \/>\n<meta name=\"twitter:card\" content=\"summary_large_image\" \/>\n<meta name=\"twitter:label1\" content=\"Gesch\u00e4tzte Lesezeit\" \/>\n\t<meta name=\"twitter:data1\" content=\"3\u00a0Minuten\" \/>\n<script type=\"application\/ld+json\" class=\"yoast-schema-graph\">{\"@context\":\"https:\/\/schema.org\",\"@graph\":[{\"@type\":\"WebPage\",\"@id\":\"https:\/\/securitrack.co\/geolocalisation-de-vehicules\/\",\"url\":\"https:\/\/securitrack.co\/geolocalisation-de-vehicules\/\",\"name\":\"G\u00c9OLOCALISATION - SECURITRACK\",\"isPartOf\":{\"@id\":\"https:\/\/securitrack.co\/#website\"},\"datePublished\":\"2021-10-26T08:30:00+00:00\",\"dateModified\":\"2024-02-06T09:41:22+00:00\",\"inLanguage\":\"de\",\"potentialAction\":[{\"@type\":\"ReadAction\",\"target\":[\"https:\/\/securitrack.co\/geolocalisation-de-vehicules\/\"]}]},{\"@type\":\"WebSite\",\"@id\":\"https:\/\/securitrack.co\/#website\",\"url\":\"https:\/\/securitrack.co\/\",\"name\":\"SECURITRACK\",\"description\":\"LA SOLUTION DE GESTION, DE CONTR\u00d4LE ET DE S\u00c9CURISATION LA PLUS COMPL\u00c8TE DU MARCH\u00c9 !\",\"potentialAction\":[{\"@type\":\"SearchAction\",\"target\":{\"@type\":\"EntryPoint\",\"urlTemplate\":\"https:\/\/securitrack.co\/?s={search_term_string}\"},\"query-input\":\"required name=search_term_string\"}],\"inLanguage\":\"de\"}]}<\/script>\n<!-- \/ Yoast SEO plugin. -->","yoast_head_json":{"title":"G\u00c9OLOCALISATION - SECURITRACK","robots":{"index":"index","follow":"follow","max-snippet":"max-snippet:-1","max-image-preview":"max-image-preview:large","max-video-preview":"max-video-preview:-1"},"canonical":"https:\/\/securitrack.co\/de\/geolocalisation-de-vehicules\/","og_locale":"de_DE","og_type":"article","og_title":"G\u00c9OLOCALISATION - SECURITRACK","og_description":"G\u00c9OLOCALISATION Plus de r\u00e9activit\u00e9, de productivit\u00e9 et de rentabilit\u00e9 Suivez, analysez, optimisez les d\u00e9placements de vos \u00e9quipes sur le terrain VOS B\u00c9N\u00c9FICES S\u00e9curit\u00e9 G\u00e9olocalisation 24\/7, immobilisation des v\u00e9hicules \u00e0 distance \u00c9conomies R\u00e9duction des kilom\u00e8tres parcourus, des frais d\u2019usage (carburant, entretien\u2026), r\u00e9duction\/suppression des usages hors cadre professionnel, baisse de la sinistralit\u00e9 Qualit\u00e9 de service Rapidit\u00e9 d\u2019intervention, [&hellip;]","og_url":"https:\/\/securitrack.co\/de\/geolocalisation-de-vehicules\/","og_site_name":"SECURITRACK","article_modified_time":"2024-02-06T09:41:22+00:00","og_image":[{"url":"https:\/\/securitrack.co\/wp-content\/uploads\/2022\/04\/home_geoloc-1.png"}],"twitter_card":"summary_large_image","twitter_misc":{"Gesch\u00e4tzte Lesezeit":"3\u00a0Minuten"},"schema":{"@context":"https:\/\/schema.org","@graph":[{"@type":"WebPage","@id":"https:\/\/securitrack.co\/geolocalisation-de-vehicules\/","url":"https:\/\/securitrack.co\/geolocalisation-de-vehicules\/","name":"G\u00c9OLOCALISATION - SECURITRACK","isPartOf":{"@id":"https:\/\/securitrack.co\/#website"},"datePublished":"2021-10-26T08:30:00+00:00","dateModified":"2024-02-06T09:41:22+00:00","inLanguage":"de","potentialAction":[{"@type":"ReadAction","target":["https:\/\/securitrack.co\/geolocalisation-de-vehicules\/"]}]},{"@type":"WebSite","@id":"https:\/\/securitrack.co\/#website","url":"https:\/\/securitrack.co\/","name":"SECURITRACK","description":"LA SOLUTION DE GESTION, DE CONTR\u00d4LE ET DE S\u00c9CURISATION LA PLUS COMPL\u00c8TE DU MARCH\u00c9 !","potentialAction":[{"@type":"SearchAction","target":{"@type":"EntryPoint","urlTemplate":"https:\/\/securitrack.co\/?s={search_term_string}"},"query-input":"required name=search_term_string"}],"inLanguage":"de"}]}},"uagb_featured_image_src":{"full":false,"thumbnail":false,"medium":false,"medium_large":false,"large":false,"1536x1536":false,"2048x2048":false,"trp-custom-language-flag":false},"uagb_author_info":{"display_name":"Camaleon","author_link":"https:\/\/securitrack.co\/de\/author\/camaleon\/"},"uagb_comment_info":0,"uagb_excerpt":"G\u00c9OLOCALISATION Plus de r\u00e9activit\u00e9, de productivit\u00e9 et de rentabilit\u00e9 Suivez, analysez, optimisez les d\u00e9placements de vos \u00e9quipes sur le terrain VOS B\u00c9N\u00c9FICES S\u00e9curit\u00e9 G\u00e9olocalisation 24\/7, immobilisation des v\u00e9hicules \u00e0 distance \u00c9conomies R\u00e9duction des kilom\u00e8tres parcourus, des frais d\u2019usage (carburant, entretien\u2026), r\u00e9duction\/suppression des usages hors cadre professionnel, baisse de la sinistralit\u00e9 Qualit\u00e9 de service Rapidit\u00e9 d\u2019intervention,&hellip;","_links":{"self":[{"href":"https:\/\/securitrack.co\/de\/wp-json\/wp\/v2\/pages\/776"}],"collection":[{"href":"https:\/\/securitrack.co\/de\/wp-json\/wp\/v2\/pages"}],"about":[{"href":"https:\/\/securitrack.co\/de\/wp-json\/wp\/v2\/types\/page"}],"author":[{"embeddable":true,"href":"https:\/\/securitrack.co\/de\/wp-json\/wp\/v2\/users\/12"}],"replies":[{"embeddable":true,"href":"https:\/\/securitrack.co\/de\/wp-json\/wp\/v2\/comments?post=776"}],"version-history":[{"count":272,"href":"https:\/\/securitrack.co\/de\/wp-json\/wp\/v2\/pages\/776\/revisions"}],"predecessor-version":[{"id":4138,"href":"https:\/\/securitrack.co\/de\/wp-json\/wp\/v2\/pages\/776\/revisions\/4138"}],"wp:attachment":[{"href":"https:\/\/securitrack.co\/de\/wp-json\/wp\/v2\/media?parent=776"}],"curies":[{"name":"wp","href":"https:\/\/api.w.org\/{rel}","templated":true}]}}