{"id":778,"date":"2021-10-26T10:30:18","date_gmt":"2021-10-26T08:30:18","guid":{"rendered":"https:\/\/mobility.optimum-automotive.com\/?page_id=778"},"modified":"2024-02-06T10:42:27","modified_gmt":"2024-02-06T09:42:27","slug":"analyse-de-conduite","status":"publish","type":"page","link":"https:\/\/securitrack.co\/en\/analyse-de-conduite\/","title":{"rendered":"CONDUCT ANALYSIS"},"content":{"rendered":"<section class=\"wp-block-uagb-columns uagb-columns__wrap uagb-columns__background-image uagb-columns__stack-mobile uagb-columns__valign- uagb-columns__gap-10 alignfull uagb-block-4192f03b uagb-columns__columns-1 uagb-columns__max_width-theme dark\"><div class=\"uagb-columns__overlay\"><\/div><div class=\"uagb-columns__inner-wrap uagb-columns__columns-1\">\n<div class=\"wp-block-uagb-column uagb-column__wrap uagb-column__background-undefined uagb-block-172aa591 container\"><div class=\"uagb-column__overlay\"><\/div>\n<section class=\"wp-block-uagb-columns uagb-columns__wrap uagb-columns__stack-mobile uagb-columns__valign- uagb-columns__gap-10 align uagb-block-05af2035 uagb-columns__columns-2 uagb-columns__max_width-custom\"><div class=\"uagb-columns__overlay\"><\/div><div class=\"uagb-columns__inner-wrap uagb-columns__columns-2\">\n<div class=\"wp-block-uagb-column uagb-column__wrap uagb-column__background-undefined uagb-block-ea552b7e\"><div class=\"uagb-column__overlay\"><\/div>\n<h1 class=\"wp-block-heading has-text-align-left mb-10\"><span style=\"background-color:rgba(0, 0, 0, 0);color:#ffffff\" class=\"has-inline-color\"><strong>CONDUCT ANALYSIS<\/strong><\/span><\/h1>\n<\/div>\n\n\n\n<div class=\"wp-block-uagb-column uagb-column__wrap uagb-column__background-undefined uagb-block-fd5b2a53\"><div class=\"uagb-column__overlay\"><\/div><\/div>\n<\/div><\/section>\n<\/div>\n<\/div><\/section>\n\n\n\n<section class=\"wp-block-uagb-columns uagb-columns__wrap uagb-columns__background-color uagb-columns__stack-mobile uagb-columns__valign- uagb-columns__gap-10 alignfull uagb-block-4d4aaf7b uagb-columns__columns-1 uagb-columns__max_width-theme\"><div class=\"uagb-columns__overlay\"><\/div><div class=\"uagb-columns__inner-wrap uagb-columns__columns-1\">\n<div class=\"wp-block-uagb-column uagb-column__wrap uagb-column__background-color uagb-block-19566b7d\"><div class=\"uagb-column__overlay\"><\/div>\n<section class=\"wp-block-uagb-columns uagb-columns__wrap uagb-columns__background-none uagb-columns__stack-mobile uagb-columns__valign- uagb-columns__gap-0 align uagb-block-8cea628c uagb-columns__columns-1 uagb-columns__max_width-custom uagb-columns__background-undefined uagb-columns__valign-undefined alignundefined\" id=\"container\"><div class=\"uagb-columns__overlay\"><\/div><div class=\"uagb-columns__inner-wrap uagb-columns__columns-1\">\n<div class=\"wp-block-uagb-column uagb-column__wrap uagb-column__background-undefined uagb-block-5367d730 container\"><div class=\"uagb-column__overlay\"><\/div>\n<div class=\"wp-block-columns mb-0 p-0 is-layout-flex wp-container-core-columns-layout-1 wp-block-columns-is-layout-flex\">\n<div class=\"wp-block-column is-layout-flow wp-block-column-is-layout-flow\" style=\"flex-basis:100%\">\n<h4 class=\"wp-block-heading p-0 has-medium-font-size\"><span style=\"background-color:rgba(0, 0, 0, 0)\" class=\"has-inline-color has-dark-color\"> <\/span>More savings, less claims<\/h4>\n<\/div>\n<\/div>\n<\/div>\n<\/div><\/section>\n<\/div>\n<\/div><\/section>\n\n\n\n<section class=\"wp-block-uagb-columns uagb-columns__wrap uagb-columns__background-color uagb-columns__stack-mobile uagb-columns__valign- uagb-columns__gap-10 alignfull uagb-block-68d6f4ac uagb-columns__columns-1 uagb-columns__max_width-theme pb-0\"><div class=\"uagb-columns__overlay\"><\/div><div class=\"uagb-columns__inner-wrap uagb-columns__columns-1\">\n<div class=\"wp-block-uagb-column uagb-column__wrap uagb-column__background-color uagb-block-517c0a8a pb-0\"><div class=\"uagb-column__overlay\"><\/div>\n<div style=\"height:5px\" aria-hidden=\"true\" class=\"wp-block-spacer pb-0\"><\/div>\n<\/div>\n<\/div><\/section>\n\n\n\n<section class=\"wp-block-uagb-columns uagb-columns__wrap uagb-columns__background-color uagb-columns__stack-tablet uagb-columns__valign- uagb-columns__gap-10 align uagb-block-ae61ea09 uagb-columns__columns-2 uagb-columns__max_width-theme\"><div class=\"uagb-columns__overlay\"><\/div><div class=\"uagb-columns__inner-wrap uagb-columns__columns-2\">\n<div class=\"wp-block-uagb-column uagb-column__wrap uagb-column__background-color uagb-block-3d9d73d1\"><div class=\"uagb-column__overlay\"><\/div>\n<h4 class=\"wp-block-heading has-text-align-left\"><strong><strong><strong>Analyze road behaviors and educate your drivers to reduce accidents<\/strong><\/strong><\/strong><\/h4>\n<\/div>\n\n\n\n<div class=\"wp-block-uagb-column uagb-column__wrap uagb-column__background-color uagb-block-62bc17ef\"><div class=\"uagb-column__overlay\"><\/div>\n<p><\/p>\n\n\n<div class=\"wp-block-image\">\n<figure class=\"alignright size-full\"><img loading=\"lazy\" decoding=\"async\" width=\"677\" height=\"486\" src=\"https:\/\/securitrack.co\/wp-content\/uploads\/2022\/04\/home-eco-1.png\" alt=\"\" class=\"wp-image-4030\" srcset=\"https:\/\/securitrack.co\/wp-content\/uploads\/2022\/04\/home-eco-1.png 677w, https:\/\/securitrack.co\/wp-content\/uploads\/2022\/04\/home-eco-1-18x12.png 18w\" sizes=\"(max-width: 677px) 100vw, 677px\" \/><\/figure><\/div><\/div>\n<\/div><\/section>\n\n\n\n<section class=\"wp-block-uagb-columns uagb-columns__wrap uagb-columns__background-color uagb-columns__stack-mobile uagb-columns__valign- uagb-columns__gap-10 alignfull uagb-block-7d173563 uagb-columns__columns-1 uagb-columns__max_width-theme\"><div class=\"uagb-columns__overlay\"><\/div><div class=\"uagb-columns__inner-wrap uagb-columns__columns-1\">\n<div class=\"wp-block-uagb-column uagb-column__wrap uagb-column__background-undefined uagb-block-4293afbf container\"><div class=\"uagb-column__overlay\"><\/div>\n<section class=\"wp-block-uagb-columns uagb-columns__wrap uagb-columns__background-color uagb-columns__stack-tablet uagb-columns__valign-center uagb-columns__gap-0 align uagb-block-77b902f7 uagb-columns__columns-2 uagb-columns__max_width-theme ml-10 mr-10\"><div class=\"uagb-columns__overlay\"><\/div><div class=\"uagb-columns__inner-wrap uagb-columns__columns-2\">\n<div class=\"wp-block-uagb-column uagb-column__wrap uagb-column__background-color uagb-block-85fba2b8\"><div class=\"uagb-column__overlay\"><\/div>\n<p><\/p>\n\n\n\n<figure class=\"wp-block-image size-full\"><img loading=\"lazy\" decoding=\"async\" width=\"545\" height=\"467\" src=\"https:\/\/securitrack.co\/wp-content\/uploads\/2022\/04\/tableau-ecoconduite.png\" alt=\"\" class=\"wp-image-4032\" srcset=\"https:\/\/securitrack.co\/wp-content\/uploads\/2022\/04\/tableau-ecoconduite.png 545w, https:\/\/securitrack.co\/wp-content\/uploads\/2022\/04\/tableau-ecoconduite-14x12.png 14w\" sizes=\"(max-width: 545px) 100vw, 545px\" \/><\/figure>\n\n\n\n<p><\/p>\n<\/div>\n\n\n\n<div class=\"wp-block-uagb-column uagb-column__wrap uagb-column__background-color uagb-block-c750cd60\"><div class=\"uagb-column__overlay\"><\/div>\n<h4 class=\"wp-block-heading has-text-align-left\"><strong><strong><strong><strong><strong>Dashboard<\/strong><\/strong><\/strong><\/strong><\/strong><\/h4>\n\n\n\n<ul>\n<li>Summary of savings: financial, CO2 emissions, fuel<\/li>\n\n\n\n<li>Ranking of current challenges<\/li>\n\n\n\n<li>Fleet score: eco-driving score, distance travelled, consumption, CO2 emissions....<\/li>\n<\/ul>\n\n\n\n<p><\/p>\n<\/div>\n<\/div><\/section>\n\n\n\n<p><\/p>\n<\/div>\n<\/div><\/section>\n\n\n\n<section class=\"wp-block-uagb-columns uagb-columns__wrap uagb-columns__background-color uagb-columns__stack-mobile uagb-columns__valign- uagb-columns__gap-10 alignfull uagb-block-78b34070 uagb-columns__columns-1 uagb-columns__max_width-theme\"><div class=\"uagb-columns__overlay\"><\/div><div class=\"uagb-columns__inner-wrap uagb-columns__columns-1\">\n<div class=\"wp-block-uagb-column uagb-column__wrap uagb-column__background-undefined uagb-block-f8937978 container\"><div class=\"uagb-column__overlay\"><\/div>\n<section class=\"wp-block-uagb-columns uagb-columns__wrap uagb-columns__background-color uagb-columns__stack-tablet uagb-columns__valign-center uagb-columns__gap-0 align uagb-block-7506e406 uagb-columns__columns-2 uagb-columns__max_width-theme ml-10 mr-10\"><div class=\"uagb-columns__overlay\"><\/div><div class=\"uagb-columns__inner-wrap uagb-columns__columns-2\">\n<div class=\"wp-block-uagb-column uagb-column__wrap uagb-column__background-color uagb-block-e4f3738e\"><div class=\"uagb-column__overlay\"><\/div>\n<p><\/p>\n\n\n\n<h4 class=\"wp-block-heading has-text-align-left\"><strong><strong><strong> <strong><strong><strong><strong><strong>Analysis of the road behaviour<\/strong><\/strong><\/strong><\/strong><\/strong> <\/strong><\/strong><\/strong><\/h4>\n\n\n\n<ul>\n<li>Analysis of individual or collective road behaviors: notes, turns, braking, acceleration<\/li>\n\n\n\n<li>Analytical detail of trips by driver<\/li>\n\n\n\n<li>Detailed graphs and tables can be configured<\/li>\n<\/ul>\n\n\n\n<p><\/p>\n<\/div>\n\n\n\n<div class=\"wp-block-uagb-column uagb-column__wrap uagb-column__background-color uagb-block-3fe9e34f\"><div class=\"uagb-column__overlay\"><\/div><div class=\"wp-block-image\">\n<figure class=\"alignleft size-full\"><img loading=\"lazy\" decoding=\"async\" width=\"441\" height=\"410\" src=\"https:\/\/securitrack.co\/wp-content\/uploads\/2022\/04\/tableau-eco-comportement-routier.png\" alt=\"\" class=\"wp-image-4034\" srcset=\"https:\/\/securitrack.co\/wp-content\/uploads\/2022\/04\/tableau-eco-comportement-routier.png 441w, https:\/\/securitrack.co\/wp-content\/uploads\/2022\/04\/tableau-eco-comportement-routier-13x12.png 13w\" sizes=\"(max-width: 441px) 100vw, 441px\" \/><\/figure><\/div><\/div>\n<\/div><\/section>\n\n\n\n<p><\/p>\n<\/div>\n<\/div><\/section>\n\n\n\n<section class=\"wp-block-uagb-columns uagb-columns__wrap uagb-columns__stack-mobile uagb-columns__valign- uagb-columns__gap-10 align uagb-block-a7c25a65 uagb-columns__columns-3 uagb-columns__max_width-theme\"><div class=\"uagb-columns__overlay\"><\/div><div class=\"uagb-columns__inner-wrap uagb-columns__columns-3\">\n<div class=\"wp-block-uagb-column uagb-column__wrap uagb-column__background-color uagb-block-97590c8c\"><div class=\"uagb-column__overlay\"><\/div>\n<h4 class=\"wp-block-heading has-text-align-center\"><strong><strong><strong><strong><strong><strong>Internal Challenges<\/strong><\/strong><\/strong><\/strong><\/strong> <\/strong><\/h4>\n\n\n\n<ul>\n<li>Creation and animation of e-mail challenges \/ Creation and management of follow-up e-mailing campaigns<\/li>\n<\/ul>\n<\/div>\n\n\n\n<div class=\"wp-block-uagb-column uagb-column__wrap uagb-column__background-color uagb-block-cb82ae6e\"><div class=\"uagb-column__overlay\"><\/div>\n<h4 class=\"wp-block-heading has-text-align-center\"><strong><strong><strong><strong>Alerts<\/strong><\/strong><\/strong><\/strong><\/h4>\n\n\n\n<ul>\n<li>Customizable, sending SMS and email <\/li>\n<\/ul>\n\n\n\n<p><\/p>\n<\/div>\n\n\n\n<div class=\"wp-block-uagb-column uagb-column__wrap uagb-column__background-color uagb-block-f37aecba\"><div class=\"uagb-column__overlay\"><\/div>\n<h4 class=\"wp-block-heading has-text-align-center\"><strong>Reports<\/strong><\/h4>\n\n\n\n<ul>\n<li>Customizable, periodic and instantaneous<\/li>\n<\/ul>\n<\/div>\n<\/div><\/section>\n\n\n\n<div style=\"height:50px\" aria-hidden=\"true\" class=\"wp-block-spacer\"><\/div>\n\n\n\n<section class=\"wp-block-uagb-columns uagb-columns__wrap uagb-columns__background-color uagb-columns__stack-mobile uagb-columns__valign- uagb-columns__gap-10 alignfull uagb-block-94e3471a uagb-columns__columns-1 uagb-columns__max_width-theme mb-0\"><div class=\"uagb-columns__overlay\"><\/div><div class=\"uagb-columns__inner-wrap uagb-columns__columns-1\">\n<div class=\"wp-block-uagb-column uagb-column__wrap uagb-column__background-undefined uagb-block-6cce6e6e\"><div class=\"uagb-column__overlay\"><\/div>\n<h2 class=\"wp-block-heading has-text-align-center p-10 mb-0 has-orange-color has-dark-background-color has-text-color has-background\"><span style=\"background-color:rgba(0, 0, 0, 0)\" class=\"has-inline-color has-orange-color\"><strong><strong><strong>YOUR BENEFITS<\/strong><\/strong><\/strong><\/span><\/h2>\n<\/div>\n<\/div><\/section>\n\n\n\n<section class=\"wp-block-uagb-columns uagb-columns__wrap uagb-columns__background-color uagb-columns__stack-mobile uagb-columns__valign- uagb-columns__gap-10 alignfull uagb-block-af179721 uagb-columns__columns-1 uagb-columns__max_width-theme mt-0\"><div class=\"uagb-columns__overlay\"><\/div><div class=\"uagb-columns__inner-wrap uagb-columns__columns-1\">\n<div class=\"wp-block-uagb-column uagb-column__wrap uagb-column__background-undefined uagb-block-16198586 container\"><div class=\"uagb-column__overlay\"><\/div>\n<section class=\"wp-block-uagb-columns uagb-columns__wrap uagb-columns__stack-mobile uagb-columns__valign- uagb-columns__gap-20 align uagb-block-989e9a10 uagb-columns__columns-3 uagb-columns__max_width-theme\"><div class=\"uagb-columns__overlay\"><\/div><div class=\"uagb-columns__inner-wrap uagb-columns__columns-3\">\n<div class=\"wp-block-uagb-column uagb-column__wrap uagb-column__background-color uagb-block-b8b4248f\"><div class=\"uagb-column__overlay\"><\/div><div class=\"wp-block-image mb-10\">\n<figure class=\"aligncenter size-full\"><img loading=\"lazy\" decoding=\"async\" width=\"63\" height=\"63\" src=\"https:\/\/securitrack.co\/wp-content\/uploads\/2022\/03\/reduction-sinistrabilite-1.png\" alt=\"\" class=\"wp-image-3778\" srcset=\"https:\/\/securitrack.co\/wp-content\/uploads\/2022\/03\/reduction-sinistrabilite-1.png 63w, https:\/\/securitrack.co\/wp-content\/uploads\/2022\/03\/reduction-sinistrabilite-1-12x12.png 12w\" sizes=\"(max-width: 63px) 100vw, 63px\" \/><\/figure><\/div>\n\n\n<h4 class=\"wp-block-heading has-text-align-center\"><strong><strong><strong><strong><strong>Reduction of the loss ratio<\/strong><\/strong><\/strong><\/strong><\/strong><\/h4>\n\n\n\n<p>Continuity of the activity, preservation of the manager's responsibility<\/p>\n<\/div>\n\n\n\n<div class=\"wp-block-uagb-column uagb-column__wrap uagb-column__background-color uagb-block-cb707932\"><div class=\"uagb-column__overlay\"><\/div><div class=\"wp-block-image mb-10\">\n<figure class=\"aligncenter size-full\"><img loading=\"lazy\" decoding=\"async\" width=\"63\" height=\"63\" src=\"https:\/\/securitrack.co\/wp-content\/uploads\/2022\/03\/economies-1.png\" alt=\"\" class=\"wp-image-3775\" srcset=\"https:\/\/securitrack.co\/wp-content\/uploads\/2022\/03\/economies-1.png 63w, https:\/\/securitrack.co\/wp-content\/uploads\/2022\/03\/economies-1-12x12.png 12w\" sizes=\"(max-width: 63px) 100vw, 63px\" \/><\/figure><\/div>\n\n\n<h4 class=\"wp-block-heading has-text-align-center\"><strong><strong><strong><strong>Cost reduction<\/strong><\/strong><\/strong><\/strong><\/h4>\n\n\n\n<p>Operating expenses (fuel, tires, maintenance), claims and insurance premiums<\/p>\n<\/div>\n\n\n\n<div class=\"wp-block-uagb-column uagb-column__wrap uagb-column__background-color uagb-block-06baad66\"><div class=\"uagb-column__overlay\"><\/div><div class=\"wp-block-image mb-10\">\n<figure class=\"aligncenter size-full\"><img loading=\"lazy\" decoding=\"async\" width=\"63\" height=\"63\" src=\"https:\/\/securitrack.co\/wp-content\/uploads\/2022\/03\/co2-environement-1.png\" alt=\"\" class=\"wp-image-3779\" srcset=\"https:\/\/securitrack.co\/wp-content\/uploads\/2022\/03\/co2-environement-1.png 63w, https:\/\/securitrack.co\/wp-content\/uploads\/2022\/03\/co2-environement-1-12x12.png 12w\" sizes=\"(max-width: 63px) 100vw, 63px\" \/><\/figure><\/div>\n\n\n<h4 class=\"wp-block-heading has-text-align-center\"><strong><strong><strong> <strong><strong>Reducing your carbon footprint<\/strong><\/strong><\/strong><\/strong><\/strong><\/h4>\n\n\n\n<p>Reduction of consumption, greenhouse gas emissions and automotive waste<\/p>\n<\/div>\n<\/div><\/section>\n<\/div>\n<\/div><\/section>","protected":false},"excerpt":{"rendered":"<p>ANALYSE DE CONDUITE Plus d\u2019\u00e9conomies, moins de sinistralit\u00e9 Analysez les comportements routiers et sensibilisez vos conducteurs pour r\u00e9duire la sinistralit\u00e9 Tableau de bord Analyse du comportement routier Challenges internes Alertes Rapports VOS B\u00c9N\u00c9FICES R\u00e9duction de la sinistralit\u00e9 Continuit\u00e9 de l\u2019activit\u00e9, pr\u00e9servation de la responsabilit\u00e9 du chef d\u2019entreprise R\u00e9duction des co\u00fbts Frais d\u2019usage (carburant, pneumatiques, entretiens), [&hellip;]<\/p>","protected":false},"author":12,"featured_media":0,"parent":0,"menu_order":0,"comment_status":"closed","ping_status":"closed","template":"page-without-title.php","meta":{"_coblocks_attr":"","_coblocks_dimensions":"","_coblocks_responsive_height":"","_coblocks_accordion_ie_support":"","_uag_custom_page_level_css":"","footnotes":""},"yoast_head":"<!-- This site is optimized with the Yoast SEO plugin v22.0 - https:\/\/yoast.com\/wordpress\/plugins\/seo\/ -->\n<title>ANALYSE DE CONDUITE - SECURITRACK<\/title>\n<meta name=\"description\" content=\"Initi\u00e9s dans le cadre de la LOM, deux dispositifs ont ainsi \u00e9t\u00e9 \u00e9labor\u00e9s\u202f: le Forfait Mobilit\u00e9 Durable et le Cr\u00e9dit Mobilit\u00e9.\u00a0\" \/>\n<meta name=\"robots\" content=\"index, follow, max-snippet:-1, max-image-preview:large, max-video-preview:-1\" \/>\n<link rel=\"canonical\" href=\"https:\/\/securitrack.co\/en\/analyse-de-conduite\/\" \/>\n<meta property=\"og:locale\" content=\"en_US\" \/>\n<meta property=\"og:type\" content=\"article\" \/>\n<meta property=\"og:title\" content=\"ANALYSE DE CONDUITE - SECURITRACK\" \/>\n<meta property=\"og:description\" content=\"Initi\u00e9s dans le cadre de la LOM, deux dispositifs ont ainsi \u00e9t\u00e9 \u00e9labor\u00e9s\u202f: le Forfait Mobilit\u00e9 Durable et le Cr\u00e9dit Mobilit\u00e9.\u00a0\" \/>\n<meta property=\"og:url\" content=\"https:\/\/securitrack.co\/en\/analyse-de-conduite\/\" \/>\n<meta property=\"og:site_name\" content=\"SECURITRACK\" \/>\n<meta property=\"article:modified_time\" content=\"2024-02-06T09:42:27+00:00\" \/>\n<meta property=\"og:image\" content=\"https:\/\/securitrack.co\/wp-content\/uploads\/2022\/04\/home-eco-1.png\" \/>\n<meta name=\"twitter:card\" content=\"summary_large_image\" \/>\n<meta name=\"twitter:label1\" content=\"Est. reading time\" \/>\n\t<meta name=\"twitter:data1\" content=\"2 minutes\" \/>\n<script type=\"application\/ld+json\" class=\"yoast-schema-graph\">{\"@context\":\"https:\/\/schema.org\",\"@graph\":[{\"@type\":\"WebPage\",\"@id\":\"https:\/\/securitrack.co\/analyse-de-conduite\/\",\"url\":\"https:\/\/securitrack.co\/analyse-de-conduite\/\",\"name\":\"ANALYSE DE CONDUITE - SECURITRACK\",\"isPartOf\":{\"@id\":\"https:\/\/securitrack.co\/#website\"},\"datePublished\":\"2021-10-26T08:30:18+00:00\",\"dateModified\":\"2024-02-06T09:42:27+00:00\",\"description\":\"Initi\u00e9s dans le cadre de la LOM, deux dispositifs ont ainsi \u00e9t\u00e9 \u00e9labor\u00e9s\u202f: le Forfait Mobilit\u00e9 Durable et le Cr\u00e9dit Mobilit\u00e9.\u00a0\",\"inLanguage\":\"en-US\",\"potentialAction\":[{\"@type\":\"ReadAction\",\"target\":[\"https:\/\/securitrack.co\/analyse-de-conduite\/\"]}]},{\"@type\":\"WebSite\",\"@id\":\"https:\/\/securitrack.co\/#website\",\"url\":\"https:\/\/securitrack.co\/\",\"name\":\"SECURITRACK\",\"description\":\"LA SOLUTION DE GESTION, DE CONTR\u00d4LE ET DE S\u00c9CURISATION LA PLUS COMPL\u00c8TE DU MARCH\u00c9 !\",\"potentialAction\":[{\"@type\":\"SearchAction\",\"target\":{\"@type\":\"EntryPoint\",\"urlTemplate\":\"https:\/\/securitrack.co\/?s={search_term_string}\"},\"query-input\":\"required name=search_term_string\"}],\"inLanguage\":\"en-US\"}]}<\/script>\n<!-- \/ Yoast SEO plugin. -->","yoast_head_json":{"title":"ANALYSE DE CONDUITE - SECURITRACK","description":"Initi\u00e9s dans le cadre de la LOM, deux dispositifs ont ainsi \u00e9t\u00e9 \u00e9labor\u00e9s\u202f: le Forfait Mobilit\u00e9 Durable et le Cr\u00e9dit Mobilit\u00e9.\u00a0","robots":{"index":"index","follow":"follow","max-snippet":"max-snippet:-1","max-image-preview":"max-image-preview:large","max-video-preview":"max-video-preview:-1"},"canonical":"https:\/\/securitrack.co\/en\/analyse-de-conduite\/","og_locale":"en_US","og_type":"article","og_title":"ANALYSE DE CONDUITE - SECURITRACK","og_description":"Initi\u00e9s dans le cadre de la LOM, deux dispositifs ont ainsi \u00e9t\u00e9 \u00e9labor\u00e9s\u202f: le Forfait Mobilit\u00e9 Durable et le Cr\u00e9dit Mobilit\u00e9.\u00a0","og_url":"https:\/\/securitrack.co\/en\/analyse-de-conduite\/","og_site_name":"SECURITRACK","article_modified_time":"2024-02-06T09:42:27+00:00","og_image":[{"url":"https:\/\/securitrack.co\/wp-content\/uploads\/2022\/04\/home-eco-1.png"}],"twitter_card":"summary_large_image","twitter_misc":{"Est. reading time":"2 minutes"},"schema":{"@context":"https:\/\/schema.org","@graph":[{"@type":"WebPage","@id":"https:\/\/securitrack.co\/analyse-de-conduite\/","url":"https:\/\/securitrack.co\/analyse-de-conduite\/","name":"ANALYSE DE CONDUITE - SECURITRACK","isPartOf":{"@id":"https:\/\/securitrack.co\/#website"},"datePublished":"2021-10-26T08:30:18+00:00","dateModified":"2024-02-06T09:42:27+00:00","description":"Initi\u00e9s dans le cadre de la LOM, deux dispositifs ont ainsi \u00e9t\u00e9 \u00e9labor\u00e9s\u202f: le Forfait Mobilit\u00e9 Durable et le Cr\u00e9dit Mobilit\u00e9.\u00a0","inLanguage":"en-US","potentialAction":[{"@type":"ReadAction","target":["https:\/\/securitrack.co\/analyse-de-conduite\/"]}]},{"@type":"WebSite","@id":"https:\/\/securitrack.co\/#website","url":"https:\/\/securitrack.co\/","name":"SECURITRACK","description":"LA SOLUTION DE GESTION, DE CONTR\u00d4LE ET DE S\u00c9CURISATION LA PLUS COMPL\u00c8TE DU MARCH\u00c9 !","potentialAction":[{"@type":"SearchAction","target":{"@type":"EntryPoint","urlTemplate":"https:\/\/securitrack.co\/?s={search_term_string}"},"query-input":"required name=search_term_string"}],"inLanguage":"en-US"}]}},"uagb_featured_image_src":{"full":false,"thumbnail":false,"medium":false,"medium_large":false,"large":false,"1536x1536":false,"2048x2048":false,"trp-custom-language-flag":false},"uagb_author_info":{"display_name":"Camaleon","author_link":"https:\/\/securitrack.co\/en\/author\/camaleon\/"},"uagb_comment_info":0,"uagb_excerpt":"ANALYSE DE CONDUITE Plus d\u2019\u00e9conomies, moins de sinistralit\u00e9 Analysez les comportements routiers et sensibilisez vos conducteurs pour r\u00e9duire la sinistralit\u00e9 Tableau de bord Analyse du comportement routier Challenges internes Alertes Rapports VOS B\u00c9N\u00c9FICES R\u00e9duction de la sinistralit\u00e9 Continuit\u00e9 de l\u2019activit\u00e9, pr\u00e9servation de la responsabilit\u00e9 du chef d\u2019entreprise R\u00e9duction des co\u00fbts Frais d\u2019usage (carburant, pneumatiques, entretiens),&hellip;","_links":{"self":[{"href":"https:\/\/securitrack.co\/en\/wp-json\/wp\/v2\/pages\/778"}],"collection":[{"href":"https:\/\/securitrack.co\/en\/wp-json\/wp\/v2\/pages"}],"about":[{"href":"https:\/\/securitrack.co\/en\/wp-json\/wp\/v2\/types\/page"}],"author":[{"embeddable":true,"href":"https:\/\/securitrack.co\/en\/wp-json\/wp\/v2\/users\/12"}],"replies":[{"embeddable":true,"href":"https:\/\/securitrack.co\/en\/wp-json\/wp\/v2\/comments?post=778"}],"version-history":[{"count":260,"href":"https:\/\/securitrack.co\/en\/wp-json\/wp\/v2\/pages\/778\/revisions"}],"predecessor-version":[{"id":4140,"href":"https:\/\/securitrack.co\/en\/wp-json\/wp\/v2\/pages\/778\/revisions\/4140"}],"wp:attachment":[{"href":"https:\/\/securitrack.co\/en\/wp-json\/wp\/v2\/media?parent=778"}],"curies":[{"name":"wp","href":"https:\/\/api.w.org\/{rel}","templated":true}]}}