{"id":3489,"date":"2022-03-02T15:03:49","date_gmt":"2022-03-02T14:03:49","guid":{"rendered":"https:\/\/securitrack.co\/?page_id=3489"},"modified":"2024-02-06T10:52:48","modified_gmt":"2024-02-06T09:52:48","slug":"suivi-des-entretiens","status":"publish","type":"page","link":"https:\/\/securitrack.co\/es\/suivi-des-entretiens\/","title":{"rendered":"SEGUIMIENTO DE LAS ENTREVISTAS"},"content":{"rendered":"<section class=\"wp-block-uagb-columns uagb-columns__wrap uagb-columns__background-image uagb-columns__stack-mobile uagb-columns__valign- uagb-columns__gap-10 alignfull uagb-block-867bb73e uagb-columns__columns-1 uagb-columns__max_width-theme dark\"><div class=\"uagb-columns__overlay\"><\/div><div class=\"uagb-columns__inner-wrap uagb-columns__columns-1\">\n<div class=\"wp-block-uagb-column uagb-column__wrap uagb-column__background-undefined uagb-block-0b508fd3 container\"><div class=\"uagb-column__overlay\"><\/div>\n<section class=\"wp-block-uagb-columns uagb-columns__wrap uagb-columns__stack-mobile uagb-columns__valign- uagb-columns__gap-10 align uagb-block-fae05da9 uagb-columns__columns-2 uagb-columns__max_width-custom\"><div class=\"uagb-columns__overlay\"><\/div><div class=\"uagb-columns__inner-wrap uagb-columns__columns-2\">\n<div class=\"wp-block-uagb-column uagb-column__wrap uagb-column__background-undefined uagb-block-ac4b9bf7\"><div class=\"uagb-column__overlay\"><\/div>\n<h1 class=\"wp-block-heading has-text-align-left mb-10\"><span style=\"background-color:rgba(0, 0, 0, 0);color:#ffffff\" class=\"has-inline-color\"><strong><strong>SEGUIMIENTO DE LAS ENTREVISTAS<\/strong><\/strong><\/span><\/h1>\n<\/div>\n\n\n\n<div class=\"wp-block-uagb-column uagb-column__wrap uagb-column__background-undefined uagb-block-4cb25a89\"><div class=\"uagb-column__overlay\"><\/div><\/div>\n<\/div><\/section>\n<\/div>\n<\/div><\/section>\n\n\n\n<section class=\"wp-block-uagb-columns uagb-columns__wrap uagb-columns__background-color uagb-columns__stack-mobile uagb-columns__valign- uagb-columns__gap-10 alignfull uagb-block-7a7d8c15 uagb-columns__columns-1 uagb-columns__max_width-theme\"><div class=\"uagb-columns__overlay\"><\/div><div class=\"uagb-columns__inner-wrap uagb-columns__columns-1\">\n<div class=\"wp-block-uagb-column uagb-column__wrap uagb-column__background-color uagb-block-971f6f57\"><div class=\"uagb-column__overlay\"><\/div>\n<section class=\"wp-block-uagb-columns uagb-columns__wrap uagb-columns__background-none uagb-columns__stack-mobile uagb-columns__valign- uagb-columns__gap-0 align uagb-block-918ce1aa uagb-columns__columns-1 uagb-columns__max_width-custom uagb-columns__background-undefined uagb-columns__valign-undefined alignundefined\" id=\"container\"><div class=\"uagb-columns__overlay\"><\/div><div class=\"uagb-columns__inner-wrap uagb-columns__columns-1\">\n<div class=\"wp-block-uagb-column uagb-column__wrap uagb-column__background-undefined uagb-block-64a9e9c6 container\"><div class=\"uagb-column__overlay\"><\/div>\n<div class=\"wp-block-columns mb-0 p-0 is-layout-flex wp-container-core-columns-layout-1 wp-block-columns-is-layout-flex\">\n<div class=\"wp-block-column is-layout-flow wp-block-column-is-layout-flow\" style=\"flex-basis:100%\">\n<h4 class=\"wp-block-heading p-0 has-medium-font-size\"><span style=\"background-color:rgba(0, 0, 0, 0)\" class=\"has-inline-color has-dark-color\">Veh\u00edculos sanos<\/span><\/h4>\n<\/div>\n<\/div>\n<\/div>\n<\/div><\/section>\n<\/div>\n<\/div><\/section>\n\n\n\n<section class=\"wp-block-uagb-columns uagb-columns__wrap uagb-columns__background-color uagb-columns__stack-mobile uagb-columns__valign- uagb-columns__gap-10 alignfull uagb-block-c16984e1 uagb-columns__columns-1 uagb-columns__max_width-theme pb-0\"><div class=\"uagb-columns__overlay\"><\/div><div class=\"uagb-columns__inner-wrap uagb-columns__columns-1\">\n<div class=\"wp-block-uagb-column uagb-column__wrap uagb-column__background-color uagb-block-07821d2e pb-0\"><div class=\"uagb-column__overlay\"><\/div>\n<div style=\"height:5px\" aria-hidden=\"true\" class=\"wp-block-spacer pb-0\"><\/div>\n<\/div>\n<\/div><\/section>\n\n\n\n<section class=\"wp-block-uagb-columns uagb-columns__wrap uagb-columns__stack-tablet uagb-columns__valign- uagb-columns__gap-10 align uagb-columns__reverse-tablet uagb-columns__reverse-mobile uagb-block-d13a84c5 uagb-columns__columns-2 uagb-columns__max_width-theme\"><div class=\"uagb-columns__overlay\"><\/div><div class=\"uagb-columns__inner-wrap uagb-columns__columns-2\">\n<div class=\"wp-block-uagb-column uagb-column__wrap uagb-column__background-undefined uagb-block-e5d8fef5\"><div class=\"uagb-column__overlay\"><\/div>\n<h4 class=\"wp-block-heading\">Estar al tanto de los plazos de mantenimiento y su contenido<\/h4>\n\n\n\n<p><\/p>\n<\/div>\n\n\n\n<div class=\"wp-block-uagb-column uagb-column__wrap uagb-column__background-undefined uagb-block-35b9504a\"><div class=\"uagb-column__overlay\"><\/div><div class=\"wp-block-image\">\n<figure class=\"alignright size-full\"><img loading=\"lazy\" decoding=\"async\" width=\"737\" height=\"426\" src=\"https:\/\/securitrack.co\/wp-content\/uploads\/2022\/04\/home-entretien-1.png\" alt=\"\" class=\"wp-image-4044\" srcset=\"https:\/\/securitrack.co\/wp-content\/uploads\/2022\/04\/home-entretien-1.png 737w, https:\/\/securitrack.co\/wp-content\/uploads\/2022\/04\/home-entretien-1-700x405.png 700w, https:\/\/securitrack.co\/wp-content\/uploads\/2022\/04\/home-entretien-1-18x10.png 18w\" sizes=\"(max-width: 737px) 100vw, 737px\" \/><\/figure><\/div>\n\n\n<p><\/p>\n<\/div>\n<\/div><\/section>\n\n\n\n<section class=\"wp-block-uagb-columns uagb-columns__wrap uagb-columns__background-color uagb-columns__stack-mobile uagb-columns__valign- uagb-columns__gap-10 align uagb-block-a886e88d uagb-columns__columns-2 uagb-columns__max_width-theme ml-10 mr-10\"><div class=\"uagb-columns__overlay\"><\/div><div class=\"uagb-columns__inner-wrap uagb-columns__columns-2\">\n<div class=\"wp-block-uagb-column uagb-column__wrap uagb-column__background-color uagb-block-baccd9ba\"><div class=\"uagb-column__overlay\"><\/div>\n<p><\/p>\n\n\n<div class=\"wp-block-image\">\n<figure class=\"aligncenter size-full\"><img loading=\"lazy\" decoding=\"async\" width=\"477\" height=\"449\" src=\"https:\/\/securitrack.co\/wp-content\/uploads\/2022\/04\/alertes-left-1.png\" alt=\"\" class=\"wp-image-4042\" srcset=\"https:\/\/securitrack.co\/wp-content\/uploads\/2022\/04\/alertes-left-1.png 477w, https:\/\/securitrack.co\/wp-content\/uploads\/2022\/04\/alertes-left-1-13x12.png 13w\" sizes=\"(max-width: 477px) 100vw, 477px\" \/><\/figure><\/div><\/div>\n\n\n\n<div class=\"wp-block-uagb-column uagb-column__wrap uagb-column__background-color uagb-block-a56a2cdf\"><div class=\"uagb-column__overlay\"><\/div>\n<h4 class=\"wp-block-heading\"><strong><strong>Configurar<\/strong><\/strong><\/h4>\n\n\n\n<ul>\n<li>Informaci\u00f3n sobre las caracter\u00edsticas del veh\u00edculo<\/li>\n\n\n\n<li>Integraci\u00f3n de planes de mantenimiento detallados (fechas, contenidos)<\/li>\n<\/ul>\n\n\n\n<h4 class=\"wp-block-heading\"><strong><strong>Vigilancia y alertas<\/strong><\/strong><\/h4>\n\n\n\n<ul>\n<li>Alertas autom\u00e1ticas sobre los pr\u00f3ximos plazos del plan de mantenimiento<\/li>\n\n\n\n<li>Visualizaci\u00f3n de los servicios de mantenimiento recomendados por el fabricante<\/li>\n<\/ul>\n\n\n\n<p><\/p>\n<\/div>\n<\/div><\/section>\n\n\n\n<section class=\"wp-block-uagb-columns uagb-columns__wrap uagb-columns__background-color uagb-columns__stack-mobile uagb-columns__valign- uagb-columns__gap-10 alignfull uagb-block-41a7cd33 uagb-columns__columns-1 uagb-columns__max_width-theme mb-0\"><div class=\"uagb-columns__overlay\"><\/div><div class=\"uagb-columns__inner-wrap uagb-columns__columns-1\">\n<div class=\"wp-block-uagb-column uagb-column__wrap uagb-column__background-undefined uagb-block-20202ae7\"><div class=\"uagb-column__overlay\"><\/div>\n<h2 class=\"wp-block-heading has-text-align-center p-10 mb-0 has-orange-color has-dark-background-color has-text-color has-background\"><span style=\"background-color:rgba(0, 0, 0, 0)\" class=\"has-inline-color has-orange-color\"><strong><strong><strong>SUS BENEFICIOS<\/strong><\/strong><\/strong><\/span><\/h2>\n<\/div>\n<\/div><\/section>\n\n\n\n<section class=\"wp-block-uagb-columns uagb-columns__wrap uagb-columns__background-color uagb-columns__stack-mobile uagb-columns__valign- uagb-columns__gap-10 alignfull uagb-block-61ca5e35 uagb-columns__columns-1 uagb-columns__max_width-theme mt-0\"><div class=\"uagb-columns__overlay\"><\/div><div class=\"uagb-columns__inner-wrap uagb-columns__columns-1\">\n<div class=\"wp-block-uagb-column uagb-column__wrap uagb-column__background-undefined uagb-block-c6f5bf10 container\"><div class=\"uagb-column__overlay\"><\/div>\n<section class=\"wp-block-uagb-columns uagb-columns__wrap uagb-columns__stack-mobile uagb-columns__valign- uagb-columns__gap-20 align uagb-block-ab45511d uagb-columns__columns-2 uagb-columns__max_width-theme\"><div class=\"uagb-columns__overlay\"><\/div><div class=\"uagb-columns__inner-wrap uagb-columns__columns-2\">\n<div class=\"wp-block-uagb-column uagb-column__wrap uagb-column__background-color uagb-block-fb7ae7a8\"><div class=\"uagb-column__overlay\"><\/div><div class=\"wp-block-image mb-10\">\n<figure class=\"aligncenter size-full\"><img loading=\"lazy\" decoding=\"async\" width=\"63\" height=\"63\" src=\"https:\/\/securitrack.co\/wp-content\/uploads\/2022\/03\/economies-1.png\" alt=\"\" class=\"wp-image-3775\" srcset=\"https:\/\/securitrack.co\/wp-content\/uploads\/2022\/03\/economies-1.png 63w, https:\/\/securitrack.co\/wp-content\/uploads\/2022\/03\/economies-1-12x12.png 12w\" sizes=\"(max-width: 63px) 100vw, 63px\" \/><\/figure><\/div>\n\n\n<h4 class=\"wp-block-heading has-text-align-center\"><strong><strong><strong><strong><strong><strong>Ahorro<\/strong><\/strong><\/strong><\/strong><\/strong><\/strong><\/h4>\n\n\n\n<p>Mantenimiento de los veh\u00edculos seg\u00fan las recomendaciones de los fabricantes, previsi\u00f3n de gastos, mantenimiento preventivo<\/p>\n<\/div>\n\n\n\n<div class=\"wp-block-uagb-column uagb-column__wrap uagb-column__background-color uagb-block-465eca87\"><div class=\"uagb-column__overlay\"><\/div><div class=\"wp-block-image mb-10\">\n<figure class=\"aligncenter size-full\"><img loading=\"lazy\" decoding=\"async\" width=\"63\" height=\"63\" src=\"https:\/\/securitrack.co\/wp-content\/uploads\/2022\/03\/entretien-vh.png\" alt=\"\" class=\"wp-image-3798\" srcset=\"https:\/\/securitrack.co\/wp-content\/uploads\/2022\/03\/entretien-vh.png 63w, https:\/\/securitrack.co\/wp-content\/uploads\/2022\/03\/entretien-vh-12x12.png 12w\" sizes=\"(max-width: 63px) 100vw, 63px\" \/><\/figure><\/div>\n\n\n<h4 class=\"wp-block-heading has-text-align-center\"><strong><strong><strong><strong><strong>Seguridad<\/strong><\/strong><\/strong><\/strong><\/strong><\/h4>\n\n\n\n<p>Veh\u00edculos sanos y bien mantenidos<\/p>\n<\/div>\n<\/div><\/section>\n<\/div>\n<\/div><\/section>","protected":false},"excerpt":{"rendered":"<p>SUIVI DES ENTRETIENS Des v\u00e9hicules en parfaite sant\u00e9 Soyez alert\u00e9 sur les \u00e9ch\u00e9ances d\u2019entretien et leur contenu Param\u00e9trage Suivi et alertes VOS B\u00c9N\u00c9FICES \u00c9conomies Entretien des v\u00e9hicules selon les recommandations des constructeurs, anticipation des d\u00e9penses, maintenance pr\u00e9ventive S\u00e9curit\u00e9 Des v\u00e9hicules sains et parfaitement entretenus<\/p>","protected":false},"author":12,"featured_media":0,"parent":0,"menu_order":0,"comment_status":"closed","ping_status":"closed","template":"page-without-title.php","meta":{"_coblocks_attr":"","_coblocks_dimensions":"","_coblocks_responsive_height":"","_coblocks_accordion_ie_support":"","_uag_custom_page_level_css":"","footnotes":""},"yoast_head":"<!-- This site is optimized with the Yoast SEO plugin v22.0 - https:\/\/yoast.com\/wordpress\/plugins\/seo\/ -->\n<title>SUIVI DES ENTRETIENS - SECURITRACK<\/title>\n<meta name=\"robots\" content=\"index, follow, max-snippet:-1, max-image-preview:large, max-video-preview:-1\" \/>\n<link rel=\"canonical\" href=\"https:\/\/securitrack.co\/es\/suivi-des-entretiens\/\" \/>\n<meta property=\"og:locale\" content=\"es_ES\" \/>\n<meta property=\"og:type\" content=\"article\" \/>\n<meta property=\"og:title\" content=\"SUIVI DES ENTRETIENS - SECURITRACK\" \/>\n<meta property=\"og:description\" content=\"SUIVI DES ENTRETIENS Des v\u00e9hicules en parfaite sant\u00e9 Soyez alert\u00e9 sur les \u00e9ch\u00e9ances d\u2019entretien et leur contenu Param\u00e9trage Suivi et alertes VOS B\u00c9N\u00c9FICES \u00c9conomies Entretien des v\u00e9hicules selon les recommandations des constructeurs, anticipation des d\u00e9penses, maintenance pr\u00e9ventive S\u00e9curit\u00e9 Des v\u00e9hicules sains et parfaitement entretenus\" \/>\n<meta property=\"og:url\" content=\"https:\/\/securitrack.co\/es\/suivi-des-entretiens\/\" \/>\n<meta property=\"og:site_name\" content=\"SECURITRACK\" \/>\n<meta property=\"article:modified_time\" content=\"2024-02-06T09:52:48+00:00\" \/>\n<meta property=\"og:image\" content=\"https:\/\/securitrack.co\/wp-content\/uploads\/2022\/04\/home-entretien-1.png\" \/>\n<meta name=\"twitter:card\" content=\"summary_large_image\" \/>\n<meta name=\"twitter:label1\" content=\"Tiempo de lectura\" \/>\n\t<meta name=\"twitter:data1\" content=\"2 minutos\" \/>\n<script type=\"application\/ld+json\" class=\"yoast-schema-graph\">{\"@context\":\"https:\/\/schema.org\",\"@graph\":[{\"@type\":\"WebPage\",\"@id\":\"https:\/\/securitrack.co\/suivi-des-entretiens\/\",\"url\":\"https:\/\/securitrack.co\/suivi-des-entretiens\/\",\"name\":\"SUIVI DES ENTRETIENS - SECURITRACK\",\"isPartOf\":{\"@id\":\"https:\/\/securitrack.co\/#website\"},\"datePublished\":\"2022-03-02T14:03:49+00:00\",\"dateModified\":\"2024-02-06T09:52:48+00:00\",\"inLanguage\":\"es\",\"potentialAction\":[{\"@type\":\"ReadAction\",\"target\":[\"https:\/\/securitrack.co\/suivi-des-entretiens\/\"]}]},{\"@type\":\"WebSite\",\"@id\":\"https:\/\/securitrack.co\/#website\",\"url\":\"https:\/\/securitrack.co\/\",\"name\":\"SECURITRACK\",\"description\":\"LA SOLUTION DE GESTION, DE CONTR\u00d4LE ET DE S\u00c9CURISATION LA PLUS COMPL\u00c8TE DU MARCH\u00c9 !\",\"potentialAction\":[{\"@type\":\"SearchAction\",\"target\":{\"@type\":\"EntryPoint\",\"urlTemplate\":\"https:\/\/securitrack.co\/?s={search_term_string}\"},\"query-input\":\"required name=search_term_string\"}],\"inLanguage\":\"es\"}]}<\/script>\n<!-- \/ Yoast SEO plugin. -->","yoast_head_json":{"title":"SUIVI DES ENTRETIENS - SECURITRACK","robots":{"index":"index","follow":"follow","max-snippet":"max-snippet:-1","max-image-preview":"max-image-preview:large","max-video-preview":"max-video-preview:-1"},"canonical":"https:\/\/securitrack.co\/es\/suivi-des-entretiens\/","og_locale":"es_ES","og_type":"article","og_title":"SUIVI DES ENTRETIENS - SECURITRACK","og_description":"SUIVI DES ENTRETIENS Des v\u00e9hicules en parfaite sant\u00e9 Soyez alert\u00e9 sur les \u00e9ch\u00e9ances d\u2019entretien et leur contenu Param\u00e9trage Suivi et alertes VOS B\u00c9N\u00c9FICES \u00c9conomies Entretien des v\u00e9hicules selon les recommandations des constructeurs, anticipation des d\u00e9penses, maintenance pr\u00e9ventive S\u00e9curit\u00e9 Des v\u00e9hicules sains et parfaitement entretenus","og_url":"https:\/\/securitrack.co\/es\/suivi-des-entretiens\/","og_site_name":"SECURITRACK","article_modified_time":"2024-02-06T09:52:48+00:00","og_image":[{"url":"https:\/\/securitrack.co\/wp-content\/uploads\/2022\/04\/home-entretien-1.png"}],"twitter_card":"summary_large_image","twitter_misc":{"Tiempo de lectura":"2 minutos"},"schema":{"@context":"https:\/\/schema.org","@graph":[{"@type":"WebPage","@id":"https:\/\/securitrack.co\/suivi-des-entretiens\/","url":"https:\/\/securitrack.co\/suivi-des-entretiens\/","name":"SUIVI DES ENTRETIENS - SECURITRACK","isPartOf":{"@id":"https:\/\/securitrack.co\/#website"},"datePublished":"2022-03-02T14:03:49+00:00","dateModified":"2024-02-06T09:52:48+00:00","inLanguage":"es","potentialAction":[{"@type":"ReadAction","target":["https:\/\/securitrack.co\/suivi-des-entretiens\/"]}]},{"@type":"WebSite","@id":"https:\/\/securitrack.co\/#website","url":"https:\/\/securitrack.co\/","name":"SECURITRACK","description":"LA SOLUTION DE GESTION, DE CONTR\u00d4LE ET DE S\u00c9CURISATION LA PLUS COMPL\u00c8TE DU MARCH\u00c9 !","potentialAction":[{"@type":"SearchAction","target":{"@type":"EntryPoint","urlTemplate":"https:\/\/securitrack.co\/?s={search_term_string}"},"query-input":"required name=search_term_string"}],"inLanguage":"es"}]}},"uagb_featured_image_src":{"full":false,"thumbnail":false,"medium":false,"medium_large":false,"large":false,"1536x1536":false,"2048x2048":false,"trp-custom-language-flag":false},"uagb_author_info":{"display_name":"Camaleon","author_link":"https:\/\/securitrack.co\/es\/author\/camaleon\/"},"uagb_comment_info":0,"uagb_excerpt":"SUIVI DES ENTRETIENS Des v\u00e9hicules en parfaite sant\u00e9 Soyez alert\u00e9 sur les \u00e9ch\u00e9ances d\u2019entretien et leur contenu Param\u00e9trage Suivi et alertes VOS B\u00c9N\u00c9FICES \u00c9conomies Entretien des v\u00e9hicules selon les recommandations des constructeurs, anticipation des d\u00e9penses, maintenance pr\u00e9ventive S\u00e9curit\u00e9 Des v\u00e9hicules sains et parfaitement entretenus","_links":{"self":[{"href":"https:\/\/securitrack.co\/es\/wp-json\/wp\/v2\/pages\/3489"}],"collection":[{"href":"https:\/\/securitrack.co\/es\/wp-json\/wp\/v2\/pages"}],"about":[{"href":"https:\/\/securitrack.co\/es\/wp-json\/wp\/v2\/types\/page"}],"author":[{"embeddable":true,"href":"https:\/\/securitrack.co\/es\/wp-json\/wp\/v2\/users\/12"}],"replies":[{"embeddable":true,"href":"https:\/\/securitrack.co\/es\/wp-json\/wp\/v2\/comments?post=3489"}],"version-history":[{"count":25,"href":"https:\/\/securitrack.co\/es\/wp-json\/wp\/v2\/pages\/3489\/revisions"}],"predecessor-version":[{"id":4146,"href":"https:\/\/securitrack.co\/es\/wp-json\/wp\/v2\/pages\/3489\/revisions\/4146"}],"wp:attachment":[{"href":"https:\/\/securitrack.co\/es\/wp-json\/wp\/v2\/media?parent=3489"}],"curies":[{"name":"wp","href":"https:\/\/api.w.org\/{rel}","templated":true}]}}