{"id":780,"date":"2021-10-26T10:30:31","date_gmt":"2021-10-26T08:30:31","guid":{"rendered":"https:\/\/mobility.optimum-automotive.com\/?page_id=780"},"modified":"2024-04-22T15:12:59","modified_gmt":"2024-04-22T13:12:59","slug":"securitrack-marque-d-optimum-corporation","status":"publish","type":"page","link":"https:\/\/securitrack.co\/es\/securitrack-marque-d-optimum-corporation\/","title":{"rendered":"Sobre nosotros"},"content":{"rendered":"<section class=\"wp-block-uagb-columns uagb-columns__wrap uagb-columns__background-image uagb-columns__stack-mobile uagb-columns__valign- uagb-columns__gap-10 alignfull uagb-block-dfbe47c4 uagb-columns__columns-1 uagb-columns__max_width-theme dark\"><div class=\"uagb-columns__overlay\"><\/div><div class=\"uagb-columns__inner-wrap uagb-columns__columns-1\">\n<div class=\"wp-block-uagb-column uagb-column__wrap uagb-column__background-undefined uagb-block-0fc11c53 container\"><div class=\"uagb-column__overlay\"><\/div>\n<section class=\"wp-block-uagb-columns uagb-columns__wrap uagb-columns__background-none uagb-columns__stack-mobile uagb-columns__valign- uagb-columns__gap-10 align uagb-block-d5b98514 uagb-columns__columns-2 uagb-columns__max_width-custom\"><div class=\"uagb-columns__overlay\"><\/div><div class=\"uagb-columns__inner-wrap uagb-columns__columns-2\">\n<div class=\"wp-block-uagb-column uagb-column__wrap uagb-column__background-undefined uagb-block-2308d0de\"><div class=\"uagb-column__overlay\"><\/div>\n<h1 class=\"wp-block-heading has-text-align-left mb-10\"><span style=\"background-color:rgba(0, 0, 0, 0);color:#ffffff\" class=\"has-inline-color\"><strong>SOBRE NOSOTROS<\/strong><\/span><\/h1>\n\n\n\n<p><\/p>\n<\/div>\n\n\n\n<div class=\"wp-block-uagb-column uagb-column__wrap uagb-column__background-undefined uagb-block-d237b83f\"><div class=\"uagb-column__overlay\"><\/div><\/div>\n<\/div><\/section>\n<\/div>\n<\/div><\/section>\n\n\n\n<section class=\"wp-block-uagb-columns uagb-columns__wrap uagb-columns__background-color uagb-columns__stack-mobile uagb-columns__valign- uagb-columns__gap-10 alignfull uagb-block-04e6bcae uagb-columns__columns-1 uagb-columns__max_width-theme\"><div class=\"uagb-columns__overlay\"><\/div><div class=\"uagb-columns__inner-wrap uagb-columns__columns-1\">\n<div class=\"wp-block-uagb-column uagb-column__wrap uagb-column__background-color uagb-block-623f8658\"><div class=\"uagb-column__overlay\"><\/div>\n<section class=\"wp-block-uagb-columns uagb-columns__wrap uagb-columns__background-none uagb-columns__stack-mobile uagb-columns__valign- uagb-columns__gap-0 align uagb-block-645631f4 uagb-columns__columns-1 uagb-columns__max_width-custom uagb-columns__background-undefined uagb-columns__valign-undefined alignundefined\" id=\"container\"><div class=\"uagb-columns__overlay\"><\/div><div class=\"uagb-columns__inner-wrap uagb-columns__columns-1\">\n<div class=\"wp-block-uagb-column uagb-column__wrap uagb-column__background-undefined uagb-block-09a914c4 container\"><div class=\"uagb-column__overlay\"><\/div>\n<div class=\"wp-block-columns mb-0 p-0 is-layout-flex wp-container-core-columns-layout-1 wp-block-columns-is-layout-flex\">\n<div class=\"wp-block-column is-layout-flow wp-block-column-is-layout-flow\" style=\"flex-basis:100%\">\n<h4 class=\"wp-block-heading p-0 has-medium-font-size\"><span style=\"background-color:rgba(0, 0, 0, 0)\" class=\"has-inline-color has-dark-color\"> <\/span>SECURITRACK es una soluci\u00f3n de seguridad \u00f3ptima<\/h4>\n<\/div>\n<\/div>\n<\/div>\n<\/div><\/section>\n<\/div>\n<\/div><\/section>\n\n\n\n<section class=\"wp-block-uagb-columns uagb-columns__wrap uagb-columns__background-color uagb-columns__stack-mobile uagb-columns__valign- uagb-columns__gap-10 alignfull uagb-block-b9f4e94c uagb-columns__columns-1 uagb-columns__max_width-theme pb-0\"><div class=\"uagb-columns__overlay\"><\/div><div class=\"uagb-columns__inner-wrap uagb-columns__columns-1\">\n<div class=\"wp-block-uagb-column uagb-column__wrap uagb-column__background-color uagb-block-c2361f7c pb-0\"><div class=\"uagb-column__overlay\"><\/div>\n<div style=\"height:5px\" aria-hidden=\"true\" class=\"wp-block-spacer pb-0\"><\/div>\n<\/div>\n<\/div><\/section>\n\n\n\n<section class=\"wp-block-uagb-columns uagb-columns__wrap uagb-columns__background-none uagb-columns__stack-tablet uagb-columns__valign- uagb-columns__gap-10 align uagb-block-30bba236 uagb-columns__columns-2 uagb-columns__max_width-custom\"><div class=\"uagb-columns__overlay\"><\/div><div class=\"uagb-columns__inner-wrap uagb-columns__columns-2\">\n<div class=\"wp-block-uagb-column uagb-column__wrap uagb-column__background-undefined uagb-block-8af5252f\"><div class=\"uagb-column__overlay\"><\/div><div class=\"wp-block-image mb-30\">\n<figure class=\"alignleft size-medium is-resized\"><img decoding=\"async\" src=\"https:\/\/securifuel.co\/wp-content\/uploads\/2023\/06\/LOGO_OA_corporation-700x212.png\" alt=\"\" class=\"wp-image-4238\" style=\"width:250px\"\/><\/figure><\/div>\n\n\n<div style=\"height:20px\" aria-hidden=\"true\" class=\"wp-block-spacer\"><\/div>\n\n\n\n<h4 class=\"wp-block-heading\">Especialista en veh\u00edculos conectados, Optimum Corporation apoya a empresas y autoridades p\u00fablicas de 3 continentes en la optimizaci\u00f3n financiera y medioambiental de las flotas de veh\u00edculos y la movilidad profesional.<\/h4>\n\n\n\n<section class=\"wp-block-uagb-columns uagb-columns__wrap uagb-columns__background-none uagb-columns__stack-mobile uagb-columns__valign- uagb-columns__gap-10 align uagb-block-e5cea88d uagb-columns__columns-4 uagb-columns__max_width-theme\"><div class=\"uagb-columns__overlay\"><\/div><div class=\"uagb-columns__inner-wrap uagb-columns__columns-4\">\n<div class=\"wp-block-uagb-column uagb-column__wrap uagb-column__background-undefined uagb-block-18098d4e\"><div class=\"uagb-column__overlay\"><\/div><div class=\"wp-block-image\">\n<figure class=\"aligncenter size-full is-resized\"><img decoding=\"async\" src=\"https:\/\/securifuel.co\/wp-content\/uploads\/2023\/06\/logo_optimum_automotive-1.jpg\" alt=\"\" class=\"wp-image-4250\" style=\"width:233px\"\/><\/figure><\/div><\/div>\n\n\n\n<div class=\"wp-block-uagb-column uagb-column__wrap uagb-column__background-undefined uagb-block-27dd91d5\"><div class=\"uagb-column__overlay\"><\/div><div class=\"wp-block-image\">\n<figure class=\"aligncenter size-full is-resized\"><img decoding=\"async\" src=\"https:\/\/securifuel.co\/wp-content\/uploads\/2023\/06\/logo_optimum_consulting.jpg\" alt=\"\" class=\"wp-image-4240\" style=\"width:233px\"\/><\/figure><\/div><\/div>\n\n\n\n<div class=\"wp-block-uagb-column uagb-column__wrap uagb-column__background-undefined uagb-block-2615588c\"><div class=\"uagb-column__overlay\"><\/div><div class=\"wp-block-image\">\n<figure class=\"aligncenter size-full is-resized\"><img decoding=\"async\" src=\"https:\/\/securifuel.co\/wp-content\/uploads\/2023\/06\/logo_optimum_mobility.jpg\" alt=\"\" class=\"wp-image-4241\" style=\"width:233px\"\/><\/figure><\/div><\/div>\n\n\n\n<div class=\"wp-block-uagb-column uagb-column__wrap uagb-column__background-undefined uagb-block-a54b86e6\"><div class=\"uagb-column__overlay\"><\/div><div class=\"wp-block-image\">\n<figure class=\"aligncenter size-full is-resized\"><a href=\"#optimum-security\"><img decoding=\"async\" src=\"https:\/\/securifuel.co\/wp-content\/uploads\/2023\/06\/logo_optimum_security.jpg\" alt=\"\" class=\"wp-image-4257\" style=\"width:233px\"\/><\/a><\/figure><\/div><\/div>\n<\/div><\/section>\n<\/div>\n\n\n\n<div class=\"wp-block-uagb-column uagb-column__wrap uagb-column__background-image uagb-block-290b6f27\"><div class=\"uagb-column__overlay\"><\/div>\n<section class=\"wp-block-uagb-columns uagb-columns__wrap uagb-columns__background-color uagb-columns__stack-none uagb-columns__valign- uagb-columns__gap-10 align uagb-block-fc1f3434 uagb-columns__columns-2 uagb-columns__max_width-theme bloc_number\"><div class=\"uagb-columns__overlay\"><\/div><div class=\"uagb-columns__inner-wrap uagb-columns__columns-2\">\n<div class=\"wp-block-uagb-column uagb-column__wrap uagb-column__background-undefined uagb-block-aad1443e bloct\"><div class=\"uagb-column__overlay\"><\/div>\n<h4 class=\"wp-block-heading\">CLIENTES<\/h4>\n\n\n\n<p>Cuentas clave,<br>VSEs, PYMEs, ETIs, autoridades locales<\/p>\n<\/div>\n\n\n\n<div class=\"wp-block-uagb-column uagb-column__wrap uagb-column__background-undefined uagb-block-264dff93\"><div class=\"uagb-column__overlay\"><\/div>\n<script language=\"javascript\"> \n\n$.ajax({\n   type: \"GET\",\n   url: \"\/\/securifuel.co\/numbers\/clients.txt\",\n   error:function(msg){\n     alert( \"Error !: \" + msg );\n   },\n   success:function(data){\n\t$('#clients').text(data);\n}});\n      \n<\/script>\n<h3 id=\"clients\" align=\"center\">6500<\/h3>\n<\/div>\n<\/div><\/section>\n\n\n\n<section class=\"wp-block-uagb-columns uagb-columns__wrap uagb-columns__background-color uagb-columns__stack-none uagb-columns__valign- uagb-columns__gap-10 align uagb-block-a255e409 uagb-columns__columns-2 uagb-columns__max_width-theme bloc_number\"><div class=\"uagb-columns__overlay\"><\/div><div class=\"uagb-columns__inner-wrap uagb-columns__columns-2\">\n<div class=\"wp-block-uagb-column uagb-column__wrap uagb-column__background-undefined uagb-block-414646dd\"><div class=\"uagb-column__overlay\"><\/div>\n<h4 class=\"wp-block-heading bloct\">VEH\u00cdCULOS Y<br>ACTIVOS GESTIONADOS<\/h4>\n<\/div>\n\n\n\n<div class=\"wp-block-uagb-column uagb-column__wrap uagb-column__background-undefined uagb-block-8f46bf2e\"><div class=\"uagb-column__overlay\"><\/div>\n<script language=\"javascript\"> \t\n\t$.ajax({\n   type: \"GET\",\n   url: \"\/\/securifuel.co\/numbers\/vehicules.txt\",\n   error:function(msg){\n     alert( \"Error !: \" + msg );\n   },\n   success:function(data){\n\t$('#vehicules').text(data);\n}});\n\t<\/script>\n<h3 id=\"vehicules\" align=\"center\">120000<\/h3>\n<\/div>\n<\/div><\/section>\n\n\n\n<section class=\"wp-block-uagb-columns uagb-columns__wrap uagb-columns__background-color uagb-columns__stack-none uagb-columns__valign- uagb-columns__gap-10 align uagb-block-091b3284 uagb-columns__columns-2 uagb-columns__max_width-theme bloc_number\"><div class=\"uagb-columns__overlay\"><\/div><div class=\"uagb-columns__inner-wrap uagb-columns__columns-2\">\n<div class=\"wp-block-uagb-column uagb-column__wrap uagb-column__background-undefined uagb-block-7aaee1b8 bloct\"><div class=\"uagb-column__overlay\"><\/div>\n<h4 class=\"wp-block-heading\">N\u00daMERO DE PA\u00cdSES <br><\/h4>\n\n\n\n<p>donde estamos presentes<\/p>\n<\/div>\n\n\n\n<div class=\"wp-block-uagb-column uagb-column__wrap uagb-column__background-undefined uagb-block-3fe60851\"><div class=\"uagb-column__overlay\"><\/div>\n<script language=\"javascript\"> \n\t\n$.ajax({\n   type: \"GET\",\n   url: \"\/\/securifuel.co\/numbers\/pays.txt\",\n   error:function(msg){\n     alert( \"Error !: \" + msg );\n   },\n   success:function(data){\n\t$('#pays').text(data);\n}});\t\n\t\n<\/script>\n<h3 id=\"pays\" align=\"center\">33<\/h3>\n<\/div>\n<\/div><\/section>\n<\/div>\n<\/div><\/section>\n\n\n\n<div style=\"height:13px\" aria-hidden=\"true\" class=\"wp-block-spacer uag-hide-tab uag-hide-mob uag-hide-tab uag-hide-mob\"><\/div>\n\n\n\n<section class=\"wp-block-uagb-columns uagb-columns__wrap uagb-columns__background-none uagb-columns__stack-mobile uagb-columns__valign-bottom uagb-columns__gap-10 align uagb-block-67cdb239 uagb-columns__columns-1 uagb-columns__max_width-theme\"><div class=\"uagb-columns__overlay\"><\/div><div class=\"uagb-columns__inner-wrap uagb-columns__columns-1\">\n<div class=\"wp-block-uagb-column uagb-column__wrap uagb-column__background-undefined uagb-block-967bb38f\"><div class=\"uagb-column__overlay\"><\/div><\/div>\n<\/div><\/section>\n\n\n\n<section class=\"wp-block-uagb-columns uagb-columns__wrap uagb-columns__background-color uagb-columns__stack-mobile uagb-columns__valign- uagb-columns__gap-10 alignfull uagb-block-f40f17ad uagb-columns__columns-1 uagb-columns__max_width-theme uagb-columns__valign-undefined\" id=\"optimum-security\"><div class=\"uagb-columns__overlay\"><\/div><div class=\"uagb-columns__inner-wrap uagb-columns__columns-1\">\n<div class=\"wp-block-uagb-column uagb-column__wrap uagb-column__background-undefined uagb-block-9f86ac6c\"><div class=\"uagb-column__overlay\"><\/div>\n<section class=\"wp-block-uagb-columns uagb-columns__wrap uagb-columns__background-none uagb-columns__stack-mobile uagb-columns__valign- uagb-columns__gap-10 align uagb-block-d2c457c6 uagb-columns__columns-1 uagb-columns__max_width-custom\"><div class=\"uagb-columns__overlay\"><\/div><div class=\"uagb-columns__inner-wrap uagb-columns__columns-1\">\n<div class=\"wp-block-uagb-column uagb-column__wrap uagb-column__background-undefined uagb-block-4b10533e col-logo\"><div class=\"uagb-column__overlay\"><\/div>\n<div class=\"wp-block-columns mb-0 is-layout-flex wp-container-core-columns-layout-2 wp-block-columns-is-layout-flex\">\n<div class=\"wp-block-column is-layout-flow wp-block-column-is-layout-flow\" style=\"flex-basis:1900px\">\n<h3 class=\"wp-block-heading has-text-align-center mb-0 mt-0\"><strong><span class=\"has-inline-color has-dark-color\">\u00d3ptimo<\/span> La seguridad, <span class=\"has-inline-color has-dark-color\">ofrece soluciones que se centran en <\/span><\/strong><br><strong><span class=\"has-inline-color has-dark-color\">en la seguridad de los veh\u00edculos, los activos, el combustible y los conductores.<\/span><\/strong><\/h3>\n\n\n\n<section class=\"wp-block-uagb-columns uagb-columns__wrap uagb-columns__background-none uagb-columns__stack-tablet uagb-columns__valign- uagb-columns__gap-10 align uagb-block-247c9d63 uagb-columns__columns-3 uagb-columns__max_width-custom col-logo\"><div class=\"uagb-columns__overlay\"><\/div><div class=\"uagb-columns__inner-wrap uagb-columns__columns-3\">\n<div class=\"wp-block-uagb-column uagb-column__wrap uagb-column__background-undefined uagb-block-ac931e89\"><div class=\"uagb-column__overlay\"><\/div><div class=\"wp-block-image is-resized mb-0\">\n<figure class=\"aligncenter size-large\"><img loading=\"lazy\" decoding=\"async\" width=\"1300\" height=\"760\" src=\"https:\/\/securicam.co\/wp-content\/uploads\/2022\/02\/securitrack-1300x760.png\" alt=\"\" class=\"wp-image-2892\" style=\"width:250px\" srcset=\"https:\/\/securitrack.co\/wp-content\/uploads\/2022\/02\/securitrack-1300x760.png 1300w, https:\/\/securitrack.co\/wp-content\/uploads\/2022\/02\/securitrack-700x409.png 700w, https:\/\/securitrack.co\/wp-content\/uploads\/2022\/02\/securitrack-768x449.png 768w, https:\/\/securitrack.co\/wp-content\/uploads\/2022\/02\/securitrack-18x12.png 18w, https:\/\/securitrack.co\/wp-content\/uploads\/2022\/02\/securitrack.png 1500w\" sizes=\"(max-width: 1300px) 100vw, 1300px\" \/><\/figure><\/div>\n\n\n<div class=\"wp-block-buttons is-horizontal is-content-justification-center is-layout-flex wp-container-core-buttons-layout-1 wp-block-buttons-is-layout-flex\">\n<div class=\"wp-block-button\"><a class=\"wp-block-button__link has-blue-background-color has-background wp-element-button\" href=\"https:\/\/securitrack.co\/es\/\">Leer m\u00e1s<\/a><\/div>\n<\/div>\n<\/div>\n\n\n\n<div class=\"wp-block-uagb-column uagb-column__wrap uagb-column__background-undefined uagb-block-18c41768 br-15\"><div class=\"uagb-column__overlay\"><\/div><div class=\"wp-block-image mb-0\">\n<figure class=\"aligncenter size-full is-resized\"><img decoding=\"async\" src=\"https:\/\/securifuel.co\/wp-content\/uploads\/2022\/03\/securicam.png\" alt=\"\" class=\"wp-image-3785\" style=\"width:250px\"\/><\/figure><\/div>\n\n\n<div class=\"wp-block-buttons is-horizontal is-content-justification-center is-layout-flex wp-container-core-buttons-layout-2 wp-block-buttons-is-layout-flex\">\n<div class=\"wp-block-button\"><a class=\"wp-block-button__link has-blue-background-color has-background wp-element-button\" href=\"https:\/\/securicam.co\/\" target=\"_blank\" rel=\"noreferrer noopener\">Leer m\u00e1s<\/a><\/div>\n<\/div>\n<\/div>\n\n\n\n<div class=\"wp-block-uagb-column uagb-column__wrap uagb-column__background-undefined uagb-block-6f947b8e\"><div class=\"uagb-column__overlay\"><\/div><div class=\"wp-block-image\">\n<figure class=\"aligncenter size-full is-resized\"><img loading=\"lazy\" decoding=\"async\" width=\"265\" height=\"155\" src=\"https:\/\/securitrack.co\/wp-content\/uploads\/2022\/02\/securipack-1.png\" alt=\"\" class=\"wp-image-2897\" style=\"width:250px\" srcset=\"https:\/\/securitrack.co\/wp-content\/uploads\/2022\/02\/securipack-1.png 265w, https:\/\/securitrack.co\/wp-content\/uploads\/2022\/02\/securipack-1-18x12.png 18w\" sizes=\"(max-width: 265px) 100vw, 265px\" \/><\/figure><\/div>\n\n\n<div class=\"wp-block-buttons is-horizontal is-content-justification-center is-layout-flex wp-container-core-buttons-layout-3 wp-block-buttons-is-layout-flex\">\n<div class=\"wp-block-button\"><a class=\"wp-block-button__link has-blue-background-color has-background wp-element-button\" href=\"https:\/\/securipack.co\/\" target=\"_blank\" rel=\"noreferrer noopener\">Leer m\u00e1s<\/a><\/div>\n<\/div>\n<\/div>\n<\/div><\/section>\n\n\n\n<p><\/p>\n<\/div>\n<\/div>\n<\/div>\n<\/div><\/section>\n<\/div>\n<\/div><\/section>\n\n\n\n<section class=\"wp-block-uagb-columns uagb-columns__wrap uagb-columns__background-color uagb-columns__stack-mobile uagb-columns__valign- uagb-columns__gap-10 alignfull uagb-block-7573dae0 uagb-columns__columns-1 uagb-columns__max_width-theme pb-0\"><div class=\"uagb-columns__overlay\"><\/div><div class=\"uagb-columns__inner-wrap uagb-columns__columns-1\">\n<div class=\"wp-block-uagb-column uagb-column__wrap uagb-column__background-color uagb-block-46e4e91c pb-0\"><div class=\"uagb-column__overlay\"><\/div>\n<p class=\"has-text-align-center\" style=\"font-size:17px\"><span style=\"background-color:rgba(0, 0, 0, 0);color:#e6e6e6\" class=\"has-inline-color\">Optimum Security es una marca comercial de Optimum Corporation<\/span><\/p>\n\n\n\n<p><\/p>\n<\/div>\n<\/div><\/section>","protected":false},"excerpt":{"rendered":"<p>\u00c0 PROPOS SECURITRACK est une solution d\u2019Optimum Security Sp\u00e9cialiste du v\u00e9hicule connect\u00e9, Optimum Corporation accompagne les entreprises et collectivit\u00e9s publique sur 3 continents dans l\u2019optimisation financi\u00e8re et environnementale des flottes automobiles et de la mobilit\u00e9 professionnelle. CLIENTS Grands Comptes,TPE, PME, ETI, Collectivit\u00e9s 6500 V\u00c9HICULES ETASSETS G\u00c9R\u00c9S\u200b 120000 NOMBRE DE PAYS o\u00f9 nous sommes pr\u00e9sents 33 [&hellip;]<\/p>","protected":false},"author":12,"featured_media":0,"parent":0,"menu_order":0,"comment_status":"closed","ping_status":"closed","template":"page-without-title.php","meta":{"_coblocks_attr":"","_coblocks_dimensions":"","_coblocks_responsive_height":"","_coblocks_accordion_ie_support":"","_uag_custom_page_level_css":"","footnotes":""},"yoast_head":"<!-- This site is optimized with the Yoast SEO plugin v22.0 - https:\/\/yoast.com\/wordpress\/plugins\/seo\/ -->\n<title>\u00c0 propos - SECURITRACK<\/title>\n<meta name=\"robots\" content=\"index, follow, max-snippet:-1, max-image-preview:large, max-video-preview:-1\" \/>\n<link rel=\"canonical\" href=\"https:\/\/securitrack.co\/es\/securitrack-marque-d-optimum-corporation\/\" \/>\n<meta property=\"og:locale\" content=\"es_ES\" \/>\n<meta property=\"og:type\" content=\"article\" \/>\n<meta property=\"og:title\" content=\"\u00c0 propos - SECURITRACK\" \/>\n<meta property=\"og:description\" content=\"\u00c0 PROPOS SECURITRACK est une solution d\u2019Optimum Security Sp\u00e9cialiste du v\u00e9hicule connect\u00e9, Optimum Corporation accompagne les entreprises et collectivit\u00e9s publique sur 3 continents dans l\u2019optimisation financi\u00e8re et environnementale des flottes automobiles et de la mobilit\u00e9 professionnelle. CLIENTS Grands Comptes,TPE, PME, ETI, Collectivit\u00e9s 6500 V\u00c9HICULES ETASSETS G\u00c9R\u00c9S\u200b 120000 NOMBRE DE PAYS o\u00f9 nous sommes pr\u00e9sents 33 [&hellip;]\" \/>\n<meta property=\"og:url\" content=\"https:\/\/securitrack.co\/es\/securitrack-marque-d-optimum-corporation\/\" \/>\n<meta property=\"og:site_name\" content=\"SECURITRACK\" \/>\n<meta property=\"article:modified_time\" content=\"2024-04-22T13:12:59+00:00\" \/>\n<meta property=\"og:image\" content=\"https:\/\/securifuel.co\/wp-content\/uploads\/2023\/06\/LOGO_OA_corporation-700x212.png\" \/>\n<meta name=\"twitter:card\" content=\"summary_large_image\" \/>\n<meta name=\"twitter:label1\" content=\"Tiempo de lectura\" \/>\n\t<meta name=\"twitter:data1\" content=\"3 minutos\" \/>\n<script type=\"application\/ld+json\" class=\"yoast-schema-graph\">{\"@context\":\"https:\/\/schema.org\",\"@graph\":[{\"@type\":\"WebPage\",\"@id\":\"https:\/\/securitrack.co\/securitrack-marque-d-optimum-corporation\/\",\"url\":\"https:\/\/securitrack.co\/securitrack-marque-d-optimum-corporation\/\",\"name\":\"\u00c0 propos - SECURITRACK\",\"isPartOf\":{\"@id\":\"https:\/\/securitrack.co\/#website\"},\"datePublished\":\"2021-10-26T08:30:31+00:00\",\"dateModified\":\"2024-04-22T13:12:59+00:00\",\"inLanguage\":\"es\",\"potentialAction\":[{\"@type\":\"ReadAction\",\"target\":[\"https:\/\/securitrack.co\/securitrack-marque-d-optimum-corporation\/\"]}]},{\"@type\":\"WebSite\",\"@id\":\"https:\/\/securitrack.co\/#website\",\"url\":\"https:\/\/securitrack.co\/\",\"name\":\"SECURITRACK\",\"description\":\"LA SOLUTION DE GESTION, DE CONTR\u00d4LE ET DE S\u00c9CURISATION LA PLUS COMPL\u00c8TE DU MARCH\u00c9 !\",\"potentialAction\":[{\"@type\":\"SearchAction\",\"target\":{\"@type\":\"EntryPoint\",\"urlTemplate\":\"https:\/\/securitrack.co\/?s={search_term_string}\"},\"query-input\":\"required name=search_term_string\"}],\"inLanguage\":\"es\"}]}<\/script>\n<!-- \/ Yoast SEO plugin. -->","yoast_head_json":{"title":"\u00c0 propos - SECURITRACK","robots":{"index":"index","follow":"follow","max-snippet":"max-snippet:-1","max-image-preview":"max-image-preview:large","max-video-preview":"max-video-preview:-1"},"canonical":"https:\/\/securitrack.co\/es\/securitrack-marque-d-optimum-corporation\/","og_locale":"es_ES","og_type":"article","og_title":"\u00c0 propos - SECURITRACK","og_description":"\u00c0 PROPOS SECURITRACK est une solution d\u2019Optimum Security Sp\u00e9cialiste du v\u00e9hicule connect\u00e9, Optimum Corporation accompagne les entreprises et collectivit\u00e9s publique sur 3 continents dans l\u2019optimisation financi\u00e8re et environnementale des flottes automobiles et de la mobilit\u00e9 professionnelle. CLIENTS Grands Comptes,TPE, PME, ETI, Collectivit\u00e9s 6500 V\u00c9HICULES ETASSETS G\u00c9R\u00c9S\u200b 120000 NOMBRE DE PAYS o\u00f9 nous sommes pr\u00e9sents 33 [&hellip;]","og_url":"https:\/\/securitrack.co\/es\/securitrack-marque-d-optimum-corporation\/","og_site_name":"SECURITRACK","article_modified_time":"2024-04-22T13:12:59+00:00","og_image":[{"url":"https:\/\/securifuel.co\/wp-content\/uploads\/2023\/06\/LOGO_OA_corporation-700x212.png"}],"twitter_card":"summary_large_image","twitter_misc":{"Tiempo de lectura":"3 minutos"},"schema":{"@context":"https:\/\/schema.org","@graph":[{"@type":"WebPage","@id":"https:\/\/securitrack.co\/securitrack-marque-d-optimum-corporation\/","url":"https:\/\/securitrack.co\/securitrack-marque-d-optimum-corporation\/","name":"\u00c0 propos - SECURITRACK","isPartOf":{"@id":"https:\/\/securitrack.co\/#website"},"datePublished":"2021-10-26T08:30:31+00:00","dateModified":"2024-04-22T13:12:59+00:00","inLanguage":"es","potentialAction":[{"@type":"ReadAction","target":["https:\/\/securitrack.co\/securitrack-marque-d-optimum-corporation\/"]}]},{"@type":"WebSite","@id":"https:\/\/securitrack.co\/#website","url":"https:\/\/securitrack.co\/","name":"SECURITRACK","description":"LA SOLUTION DE GESTION, DE CONTR\u00d4LE ET DE S\u00c9CURISATION LA PLUS COMPL\u00c8TE DU MARCH\u00c9 !","potentialAction":[{"@type":"SearchAction","target":{"@type":"EntryPoint","urlTemplate":"https:\/\/securitrack.co\/?s={search_term_string}"},"query-input":"required name=search_term_string"}],"inLanguage":"es"}]}},"uagb_featured_image_src":{"full":false,"thumbnail":false,"medium":false,"medium_large":false,"large":false,"1536x1536":false,"2048x2048":false,"trp-custom-language-flag":false},"uagb_author_info":{"display_name":"Camaleon","author_link":"https:\/\/securitrack.co\/es\/author\/camaleon\/"},"uagb_comment_info":0,"uagb_excerpt":"\u00c0 PROPOS SECURITRACK est une solution d\u2019Optimum Security Sp\u00e9cialiste du v\u00e9hicule connect\u00e9, Optimum Corporation accompagne les entreprises et collectivit\u00e9s publique sur 3 continents dans l\u2019optimisation financi\u00e8re et environnementale des flottes automobiles et de la mobilit\u00e9 professionnelle. CLIENTS Grands Comptes,TPE, PME, ETI, Collectivit\u00e9s 6500 V\u00c9HICULES ETASSETS G\u00c9R\u00c9S\u200b 120000 NOMBRE DE PAYS o\u00f9 nous sommes pr\u00e9sents 33&hellip;","_links":{"self":[{"href":"https:\/\/securitrack.co\/es\/wp-json\/wp\/v2\/pages\/780"}],"collection":[{"href":"https:\/\/securitrack.co\/es\/wp-json\/wp\/v2\/pages"}],"about":[{"href":"https:\/\/securitrack.co\/es\/wp-json\/wp\/v2\/types\/page"}],"author":[{"embeddable":true,"href":"https:\/\/securitrack.co\/es\/wp-json\/wp\/v2\/users\/12"}],"replies":[{"embeddable":true,"href":"https:\/\/securitrack.co\/es\/wp-json\/wp\/v2\/comments?post=780"}],"version-history":[{"count":303,"href":"https:\/\/securitrack.co\/es\/wp-json\/wp\/v2\/pages\/780\/revisions"}],"predecessor-version":[{"id":4161,"href":"https:\/\/securitrack.co\/es\/wp-json\/wp\/v2\/pages\/780\/revisions\/4161"}],"wp:attachment":[{"href":"https:\/\/securitrack.co\/es\/wp-json\/wp\/v2\/media?parent=780"}],"curies":[{"name":"wp","href":"https:\/\/api.w.org\/{rel}","templated":true}]}}