{"id":204,"date":"2020-02-11T16:32:33","date_gmt":"2020-02-11T15:32:33","guid":{"rendered":"https:\/\/mobility.optimum-automotive.com\/?page_id=204"},"modified":"2022-04-26T10:52:19","modified_gmt":"2022-04-26T08:52:19","slug":"conditions-generales-dutilisations","status":"publish","type":"page","link":"https:\/\/securitrack.co\/it\/conditions-generales-dutilisations\/","title":{"rendered":"Termini e condizioni d'uso"},"content":{"rendered":"<p>Lo scopo di queste \"condizioni generali d'uso\" \u00e8 quello di fornire un quadro giuridico per i termini e le condizioni dei servizi del sito web e il loro utilizzo da parte dell'\"Utente\". Le condizioni generali di utilizzo devono essere accettate da ogni utente che desidera accedere al sito. Essi costituiscono il contratto tra il sito e l'utente. L'accesso al sito da parte dell'utente implica l'accettazione di questi termini e condizioni d'uso. Ci riserviamo il diritto di modificare unilateralmente il contenuto di questi termini e condizioni in qualsiasi momento.<\/p>\n\n\n\n<h2 class=\"wp-block-heading\"> Definizioni <\/h2>\n\n\n\n<p>Lo scopo di questa clausola \u00e8 di definire i vari termini essenziali del contratto:<\/p>\n\n\n\n<ul><li>Utente: questo termine si riferisce a qualsiasi persona che utilizza il sito o uno dei servizi offerti dal sito.<\/li><li>Contenuto dell'utente: sono i dati trasmessi dall'utente all'interno del sito.<\/li><li>Membro: l'utente diventa membro quando viene identificato sul sito.<\/li><li> Email e password: sono tutte le informazioni necessarie per identificare un utente sul sito. L'indirizzo e-mail e la password permettono all'utente di accedere ai servizi riservati ai membri del sito. La password \u00e8 riservata.<\/li><\/ul>\n\n\n\n<h2 class=\"wp-block-heading\">Accesso ai servizi<\/h2>\n\n\n\n<p>Il sito \u00e8 accessibile gratuitamente in qualsiasi luogo a qualsiasi utente con accesso a Internet. Tutti i costi sostenuti dall'utente per accedere al servizio (hardware, software, connessione a Internet, ecc.) sono a carico dell'utente. A seconda del caso: L'utente non membro non ha accesso ai servizi riservati ai membri. Per farlo, devono identificarsi usando il loro indirizzo e-mail e la loro password. Il sito utilizza tutti i mezzi a sua disposizione per garantire un accesso di qualit\u00e0 ai suoi servizi. Poich\u00e9 l'obbligo \u00e8 di mezzi, il sito non si impegna a raggiungere questo risultato. Qualsiasi evento dovuto a un caso di forza maggiore con conseguente malfunzionamento della rete o del server non impegna la responsabilit\u00e0 del proprietario del sito. L'accesso ai servizi del sito pu\u00f2 essere interrotto, sospeso o modificato in qualsiasi momento senza preavviso per manutenzione o qualsiasi altra ragione. L'utente si impegna a non pretendere alcun indennizzo in seguito all'interruzione, alla sospensione o alla modifica del presente contratto. L'utente pu\u00f2 contattare il gestore del sito qui: <a href=\"https:\/\/securitrack.co\/it\/contact\/\">Contatta<\/a><\/p>\n\n\n\n<h2 class=\"wp-block-heading\">Propriet\u00e0 intellettuale<\/h2>\n\n\n\n<p>I marchi, i loghi, i segni e qualsiasi altro contenuto del sito sono protetti dal Codice della Propriet\u00e0 Intellettuale e pi\u00f9 particolarmente dal diritto d'autore. L'utente richiede l'autorizzazione preventiva del sito per qualsiasi riproduzione, pubblicazione o copia dei vari contenuti. L'utente si impegna a utilizzare i contenuti del sito in un contesto strettamente privato. Qualsiasi uso dei contenuti per scopi commerciali \u00e8 severamente vietato. Qualsiasi contenuto messo online dall'utente \u00e8 di sua esclusiva responsabilit\u00e0. L'utente si impegna a non mettere online nessun contenuto che possa danneggiare gli interessi di terzi. Qualsiasi azione legale intrapresa da un terzo danneggiato contro il sito sar\u00e0 a carico dell'Utente. Il contenuto dell'Utente pu\u00f2 essere rimosso o modificato dal sito in qualsiasi momento e per qualsiasi motivo. L'Utente non ricever\u00e0 alcuna giustificazione o notifica prima della cancellazione o della modifica del Contenuto dell'Utente.<\/p>\n\n\n\n<h2 class=\"wp-block-heading\">Responsabilit\u00e0 e forza maggiore<\/h2>\n\n\n\n<p>Le fonti delle informazioni pubblicate sul sito sono considerate affidabili. Tuttavia, il sito si riserva il diritto di non garantire l'affidabilit\u00e0 delle fonti. Le informazioni fornite sul sito sono solo a scopo informativo. Pertanto, l'utente si assume la piena responsabilit\u00e0 dell'uso delle informazioni e dei contenuti di questo sito. L'Utente deve assicurare che la sua password sia tenuta segreta. Qualsiasi divulgazione della password, in qualsiasi forma, \u00e8 proibita. L'utente si assume tutti i rischi associati all'uso del suo indirizzo e-mail e della sua password. Il sito declina ogni responsabilit\u00e0. Qualsiasi uso del servizio da parte dell'utente che si traduce direttamente o indirettamente in un danno deve essere risarcito dal sito. Il sito non garantisce la sicurezza e la riservatezza ottimale dei dati trasmessi. Tuttavia, il sito si impegna a utilizzare tutti i mezzi necessari per garantire la sicurezza e la riservatezza dei dati nel miglior modo possibile. Il sito non pu\u00f2 essere ritenuto responsabile in caso di forza maggiore o di atto imprevedibile e insormontabile di terzi.<\/p>\n\n\n\n<h2 class=\"wp-block-heading\">Collegamenti ipertestuali<\/h2>\n\n\n\n<p>Molti collegamenti ipertestuali in uscita sono presenti sul sito, tuttavia le pagine web dove questi collegamenti portano non impegnano la responsabilit\u00e0 del proprietario del sito web che non ha il controllo su questi collegamenti. L'utente si astiene quindi dall'assumere la responsabilit\u00e0 del sito per quanto riguarda il contenuto e le risorse legate a questi collegamenti ipertestuali in uscita. <\/p>\n\n\n\n<h2 class=\"wp-block-heading\">Evoluzione del contratto<\/h2>\n\n\n\n<p>Ci riserviamo il diritto di cambiare i termini di questo contratto in qualsiasi momento. La durata di questo contratto \u00e8 indefinita. Il contratto \u00e8 effettivo per l'Utente dal momento dell'utilizzo del servizio.<\/p>\n\n\n\n<h2 class=\"wp-block-heading\">Legge applicabile e giurisdizione<\/h2>\n\n\n\n<p>Il diritto francese si applica a questo contratto. In caso di mancato raggiungimento di una soluzione amichevole di una controversia tra le parti, i tribunali saranno i soli competenti.<\/p>\n\n\n\n<div style=\"height:50px\" aria-hidden=\"true\" class=\"wp-block-spacer\"><\/div>","protected":false},"excerpt":{"rendered":"<p>Les pr\u00e9sentes \u00ab conditions g\u00e9n\u00e9rales d&rsquo;utilisation \u00bb ont pour objet l&rsquo;encadrement juridique des modalit\u00e9s de mise \u00e0 disposition des services du site internet et leur utilisation par \u00ab l&rsquo;Utilisateur \u00bb. Les conditions g\u00e9n\u00e9rales d&rsquo;utilisation doivent \u00eatre accept\u00e9es par tout Utilisateur souhaitant acc\u00e9der au site. Elles constituent le contrat entre le site et l&rsquo;Utilisateur. L\u2019acc\u00e8s au [&hellip;]<\/p>","protected":false},"author":12,"featured_media":0,"parent":0,"menu_order":0,"comment_status":"closed","ping_status":"closed","template":"","meta":{"_coblocks_attr":"","_coblocks_dimensions":"","_coblocks_responsive_height":"","_coblocks_accordion_ie_support":"","_uag_custom_page_level_css":"","footnotes":""},"yoast_head":"<!-- This site is optimized with the Yoast SEO plugin v22.0 - https:\/\/yoast.com\/wordpress\/plugins\/seo\/ -->\n<title>Conditions g\u00e9n\u00e9rales d&#039;utilisations - SECURITRACK<\/title>\n<meta name=\"robots\" content=\"index, follow, max-snippet:-1, max-image-preview:large, max-video-preview:-1\" \/>\n<link rel=\"canonical\" href=\"https:\/\/securitrack.co\/it\/conditions-generales-dutilisations\/\" \/>\n<meta property=\"og:locale\" content=\"it_IT\" \/>\n<meta property=\"og:type\" content=\"article\" \/>\n<meta property=\"og:title\" content=\"Conditions g\u00e9n\u00e9rales d&#039;utilisations - SECURITRACK\" \/>\n<meta property=\"og:description\" content=\"Les pr\u00e9sentes \u00ab conditions g\u00e9n\u00e9rales d&rsquo;utilisation \u00bb ont pour objet l&rsquo;encadrement juridique des modalit\u00e9s de mise \u00e0 disposition des services du site internet et leur utilisation par \u00ab l&rsquo;Utilisateur \u00bb. Les conditions g\u00e9n\u00e9rales d&rsquo;utilisation doivent \u00eatre accept\u00e9es par tout Utilisateur souhaitant acc\u00e9der au site. Elles constituent le contrat entre le site et l&rsquo;Utilisateur. L\u2019acc\u00e8s au [&hellip;]\" \/>\n<meta property=\"og:url\" content=\"https:\/\/securitrack.co\/it\/conditions-generales-dutilisations\/\" \/>\n<meta property=\"og:site_name\" content=\"SECURITRACK\" \/>\n<meta property=\"article:modified_time\" content=\"2022-04-26T08:52:19+00:00\" \/>\n<meta name=\"twitter:card\" content=\"summary_large_image\" \/>\n<meta name=\"twitter:label1\" content=\"Tempo di lettura stimato\" \/>\n\t<meta name=\"twitter:data1\" content=\"4 minuti\" \/>\n<script type=\"application\/ld+json\" class=\"yoast-schema-graph\">{\"@context\":\"https:\/\/schema.org\",\"@graph\":[{\"@type\":\"WebPage\",\"@id\":\"https:\/\/securitrack.co\/conditions-generales-dutilisations\/\",\"url\":\"https:\/\/securitrack.co\/conditions-generales-dutilisations\/\",\"name\":\"Conditions g\u00e9n\u00e9rales d'utilisations - SECURITRACK\",\"isPartOf\":{\"@id\":\"https:\/\/securitrack.co\/#website\"},\"datePublished\":\"2020-02-11T15:32:33+00:00\",\"dateModified\":\"2022-04-26T08:52:19+00:00\",\"inLanguage\":\"it-IT\",\"potentialAction\":[{\"@type\":\"ReadAction\",\"target\":[\"https:\/\/securitrack.co\/conditions-generales-dutilisations\/\"]}]},{\"@type\":\"WebSite\",\"@id\":\"https:\/\/securitrack.co\/#website\",\"url\":\"https:\/\/securitrack.co\/\",\"name\":\"SECURITRACK\",\"description\":\"LA SOLUTION DE GESTION, DE CONTR\u00d4LE ET DE S\u00c9CURISATION LA PLUS COMPL\u00c8TE DU MARCH\u00c9 !\",\"potentialAction\":[{\"@type\":\"SearchAction\",\"target\":{\"@type\":\"EntryPoint\",\"urlTemplate\":\"https:\/\/securitrack.co\/?s={search_term_string}\"},\"query-input\":\"required name=search_term_string\"}],\"inLanguage\":\"it-IT\"}]}<\/script>\n<!-- \/ Yoast SEO plugin. -->","yoast_head_json":{"title":"Conditions g\u00e9n\u00e9rales d'utilisations - SECURITRACK","robots":{"index":"index","follow":"follow","max-snippet":"max-snippet:-1","max-image-preview":"max-image-preview:large","max-video-preview":"max-video-preview:-1"},"canonical":"https:\/\/securitrack.co\/it\/conditions-generales-dutilisations\/","og_locale":"it_IT","og_type":"article","og_title":"Conditions g\u00e9n\u00e9rales d'utilisations - SECURITRACK","og_description":"Les pr\u00e9sentes \u00ab conditions g\u00e9n\u00e9rales d&rsquo;utilisation \u00bb ont pour objet l&rsquo;encadrement juridique des modalit\u00e9s de mise \u00e0 disposition des services du site internet et leur utilisation par \u00ab l&rsquo;Utilisateur \u00bb. Les conditions g\u00e9n\u00e9rales d&rsquo;utilisation doivent \u00eatre accept\u00e9es par tout Utilisateur souhaitant acc\u00e9der au site. Elles constituent le contrat entre le site et l&rsquo;Utilisateur. L\u2019acc\u00e8s au [&hellip;]","og_url":"https:\/\/securitrack.co\/it\/conditions-generales-dutilisations\/","og_site_name":"SECURITRACK","article_modified_time":"2022-04-26T08:52:19+00:00","twitter_card":"summary_large_image","twitter_misc":{"Tempo di lettura stimato":"4 minuti"},"schema":{"@context":"https:\/\/schema.org","@graph":[{"@type":"WebPage","@id":"https:\/\/securitrack.co\/conditions-generales-dutilisations\/","url":"https:\/\/securitrack.co\/conditions-generales-dutilisations\/","name":"Conditions g\u00e9n\u00e9rales d'utilisations - SECURITRACK","isPartOf":{"@id":"https:\/\/securitrack.co\/#website"},"datePublished":"2020-02-11T15:32:33+00:00","dateModified":"2022-04-26T08:52:19+00:00","inLanguage":"it-IT","potentialAction":[{"@type":"ReadAction","target":["https:\/\/securitrack.co\/conditions-generales-dutilisations\/"]}]},{"@type":"WebSite","@id":"https:\/\/securitrack.co\/#website","url":"https:\/\/securitrack.co\/","name":"SECURITRACK","description":"LA SOLUTION DE GESTION, DE CONTR\u00d4LE ET DE S\u00c9CURISATION LA PLUS COMPL\u00c8TE DU MARCH\u00c9 !","potentialAction":[{"@type":"SearchAction","target":{"@type":"EntryPoint","urlTemplate":"https:\/\/securitrack.co\/?s={search_term_string}"},"query-input":"required name=search_term_string"}],"inLanguage":"it-IT"}]}},"uagb_featured_image_src":{"full":false,"thumbnail":false,"medium":false,"medium_large":false,"large":false,"1536x1536":false,"2048x2048":false,"trp-custom-language-flag":false},"uagb_author_info":{"display_name":"Camaleon","author_link":"https:\/\/securitrack.co\/it\/author\/camaleon\/"},"uagb_comment_info":0,"uagb_excerpt":"Les pr\u00e9sentes \u00ab conditions g\u00e9n\u00e9rales d&rsquo;utilisation \u00bb ont pour objet l&rsquo;encadrement juridique des modalit\u00e9s de mise \u00e0 disposition des services du site internet et leur utilisation par \u00ab l&rsquo;Utilisateur \u00bb. Les conditions g\u00e9n\u00e9rales d&rsquo;utilisation doivent \u00eatre accept\u00e9es par tout Utilisateur souhaitant acc\u00e9der au site. Elles constituent le contrat entre le site et l&rsquo;Utilisateur. L\u2019acc\u00e8s au&hellip;","_links":{"self":[{"href":"https:\/\/securitrack.co\/it\/wp-json\/wp\/v2\/pages\/204"}],"collection":[{"href":"https:\/\/securitrack.co\/it\/wp-json\/wp\/v2\/pages"}],"about":[{"href":"https:\/\/securitrack.co\/it\/wp-json\/wp\/v2\/types\/page"}],"author":[{"embeddable":true,"href":"https:\/\/securitrack.co\/it\/wp-json\/wp\/v2\/users\/12"}],"replies":[{"embeddable":true,"href":"https:\/\/securitrack.co\/it\/wp-json\/wp\/v2\/comments?post=204"}],"version-history":[{"count":3,"href":"https:\/\/securitrack.co\/it\/wp-json\/wp\/v2\/pages\/204\/revisions"}],"predecessor-version":[{"id":4062,"href":"https:\/\/securitrack.co\/it\/wp-json\/wp\/v2\/pages\/204\/revisions\/4062"}],"wp:attachment":[{"href":"https:\/\/securitrack.co\/it\/wp-json\/wp\/v2\/media?parent=204"}],"curies":[{"name":"wp","href":"https:\/\/api.w.org\/{rel}","templated":true}]}}