{"id":206,"date":"2020-02-11T16:53:24","date_gmt":"2020-02-11T15:53:24","guid":{"rendered":"https:\/\/mobility.optimum-automotive.com\/?page_id=206"},"modified":"2022-04-26T10:51:57","modified_gmt":"2022-04-26T08:51:57","slug":"politique-de-confidentialite","status":"publish","type":"page","link":"https:\/\/securitrack.co\/it\/politique-de-confidentialite\/","title":{"rendered":"Politica sulla privacy"},"content":{"rendered":"<h2 class=\"wp-block-heading\">Uso dei cookie<\/h2>\n\n\n\n<p>Questa politica dei cookie spiega cosa sono i cookie e come li usiamo. Dovresti leggere questa politica in modo da poter capire che tipo di cookie utilizziamo, o quali informazioni raccogliamo utilizzando i cookie e come queste informazioni vengono utilizzate.<\/p>\n\n\n\n<p>I cookie generalmente non contengono alcuna informazione personale identificabile su un utente, ma le informazioni personali che conserviamo su di te possono essere collegate alle informazioni memorizzate e ottenute dai cookie. Non memorizziamo informazioni personali sensibili, come indirizzi postali, password di account, ecc. nei cookie che utilizziamo.<\/p>\n\n\n\n<h3 class=\"wp-block-heading\">Tipo di cookie che utilizziamo<\/h3>\n\n\n\n<p>I cookie possono essere \"persistenti\" o \"di sessione\". I cookie persistenti rimangono sul suo computer o dispositivo mobile quando si disconnette, mentre i cookie di sessione vengono cancellati non appena si chiude il browser web.<\/p>\n\n\n\n<p>Utilizziamo sia cookie di sessione che persistenti per gli scopi descritti di seguito:<\/p>\n\n\n\n<p><strong>Cookie necessari \/ essenziali<\/strong><\/p>\n\n\n\n<ul class=\"is-style-default\"><li>Tipo: Cookie di sessione<\/li><li>Amministrato da : Noi<\/li><li>Scopo: Questi cookie sono essenziali per fornirle i servizi disponibili sul sito web e per permetterle di utilizzare alcune delle sue caratteristiche. Aiutano ad autenticare gli utenti e a prevenire l'uso fraudolento degli account utente. Senza questi cookie, i servizi che hai richiesto non possono essere forniti, e noi usiamo questi cookie solo per fornirti questi servizi.<\/li><\/ul>\n\n\n\n<p><strong>Cookie di funzionalit\u00e0<\/strong><\/p>\n\n\n\n<ul class=\"is-style-default\"><li>Tipo: Cookie persistenti<\/li><li>Amministrato da : Noi<\/li><li>Scopo: Questi cookie ci permettono di ricordare le scelte che fai quando usi il sito web, come ad esempio ricordare le tue informazioni di accesso o la preferenza della lingua. Lo scopo di questi cookie \u00e8 quello di fornirle un'esperienza pi\u00f9 personale e di evitarle di dover reinserire le sue preferenze ogni volta che utilizza il sito web.<\/li><\/ul>\n\n\n\n<h2 class=\"wp-block-heading\">Le sue scelte riguardo ai cookie<\/h2>\n\n\n\n<p>Se preferisce evitare l'uso di cookie sul sito web, deve prima disabilitare l'uso dei cookie nel suo browser e poi cancellare qualsiasi cookie memorizzato nel suo browser associato a questo sito web. Pu\u00f2 usare questa opzione per impedire l'uso dei cookie in qualsiasi momento.<\/p>\n\n\n\n<p>Se non accetti i nostri cookie, potresti avere degli inconvenienti nell'utilizzo del sito web e alcune caratteristiche potrebbero non funzionare correttamente.<\/p>\n\n\n\n<p>Se desideri cancellare i cookie o fare in modo che il tuo browser web cancelli o rifiuti i cookie, visita le pagine di aiuto del tuo browser web.<\/p>\n\n\n\n<p><\/p>\n\n\n\n<ul class=\"is-style-default\"><li>Per il browser web Chrome, visitate questa pagina di Google: <a href=\"https:\/\/support.google.com\/accounts\/answer\/32050\" target=\"_blank\" rel=\"noreferrer noopener\">https:\/\/support.google.com\/accounts\/answer\/32050<\/a><\/li><li>Per il browser Internet Explorer, visitate questa pagina di Microsoft: <a href=\"http:\/\/support.microsoft.com\/kb\/278835\" target=\"_blank\" rel=\"noreferrer noopener\">http:\/\/support.microsoft.com\/kb\/278835<\/a><\/li><li>Per il browser web Firefox, visitate questa pagina di Mozilla: <a href=\"https:\/\/support.mozilla.org\/en-US\/kb\/delete-cookies-remove-info-websites-stored\" target=\"_blank\" rel=\"noreferrer noopener\">https:\/\/support.mozilla.org\/en-US\/kb\/delete-cookies-remove-info-websites-stored<\/a><\/li><li>Per il browser Safari, visita questa pagina Apple: <a href=\"https:\/\/support.apple.com\/guide\/safari\/manage-cookies-and-website-data-sfri11471\/mac\" target=\"_blank\" rel=\"noreferrer noopener\">https:\/\/support.apple.com\/guide\/safari\/manage-cookies-and-website-data-sfri11471\/mac<\/a><\/li><\/ul>\n\n\n\n<p>Per tutti gli altri browser, visitate le pagine web ufficiali del vostro browser.<\/p>\n\n\n\n<h2 class=\"wp-block-heading\">Contattateci<\/h2>\n\n\n\n<p>Se avete domande su questa politica dei cookie, potete contattarci <a href=\"https:\/\/securitrack.co\/it\/contact\/\">contattaci cliccando qui<\/a><\/p>\n\n\n\n<div style=\"height:50px\" aria-hidden=\"true\" class=\"wp-block-spacer\"><\/div>","protected":false},"excerpt":{"rendered":"<p>L&rsquo;utilisation des Cookies Cette politique de cookies explique ce que sont les cookies et comment nous les utilisons.&nbsp;Vous devriez lire cette politique afin que vous puissiez comprendre quel type de cookies nous utilisons, ou les informations que nous collectons \u00e0 l&rsquo;aide de cookies et comment ces informations sont utilis\u00e9es. Les cookies ne contiennent g\u00e9n\u00e9ralement aucune [&hellip;]<\/p>","protected":false},"author":12,"featured_media":0,"parent":0,"menu_order":0,"comment_status":"closed","ping_status":"closed","template":"","meta":{"_coblocks_attr":"","_coblocks_dimensions":"","_coblocks_responsive_height":"","_coblocks_accordion_ie_support":"","_uag_custom_page_level_css":"","footnotes":""},"yoast_head":"<!-- This site is optimized with the Yoast SEO plugin v22.0 - https:\/\/yoast.com\/wordpress\/plugins\/seo\/ -->\n<title>Politique de confidentialit\u00e9 - SECURITRACK<\/title>\n<meta name=\"robots\" content=\"index, follow, max-snippet:-1, max-image-preview:large, max-video-preview:-1\" \/>\n<link rel=\"canonical\" href=\"https:\/\/securitrack.co\/it\/politique-de-confidentialite\/\" \/>\n<meta property=\"og:locale\" content=\"it_IT\" \/>\n<meta property=\"og:type\" content=\"article\" \/>\n<meta property=\"og:title\" content=\"Politique de confidentialit\u00e9 - SECURITRACK\" \/>\n<meta property=\"og:description\" content=\"L&rsquo;utilisation des Cookies Cette politique de cookies explique ce que sont les cookies et comment nous les utilisons.&nbsp;Vous devriez lire cette politique afin que vous puissiez comprendre quel type de cookies nous utilisons, ou les informations que nous collectons \u00e0 l&rsquo;aide de cookies et comment ces informations sont utilis\u00e9es. Les cookies ne contiennent g\u00e9n\u00e9ralement aucune [&hellip;]\" \/>\n<meta property=\"og:url\" content=\"https:\/\/securitrack.co\/it\/politique-de-confidentialite\/\" \/>\n<meta property=\"og:site_name\" content=\"SECURITRACK\" \/>\n<meta property=\"article:modified_time\" content=\"2022-04-26T08:51:57+00:00\" \/>\n<meta name=\"twitter:card\" content=\"summary_large_image\" \/>\n<meta name=\"twitter:label1\" content=\"Tempo di lettura stimato\" \/>\n\t<meta name=\"twitter:data1\" content=\"3 minuti\" \/>\n<script type=\"application\/ld+json\" class=\"yoast-schema-graph\">{\"@context\":\"https:\/\/schema.org\",\"@graph\":[{\"@type\":\"WebPage\",\"@id\":\"https:\/\/securitrack.co\/politique-de-confidentialite\/\",\"url\":\"https:\/\/securitrack.co\/politique-de-confidentialite\/\",\"name\":\"Politique de confidentialit\u00e9 - SECURITRACK\",\"isPartOf\":{\"@id\":\"https:\/\/securitrack.co\/#website\"},\"datePublished\":\"2020-02-11T15:53:24+00:00\",\"dateModified\":\"2022-04-26T08:51:57+00:00\",\"inLanguage\":\"it-IT\",\"potentialAction\":[{\"@type\":\"ReadAction\",\"target\":[\"https:\/\/securitrack.co\/politique-de-confidentialite\/\"]}]},{\"@type\":\"WebSite\",\"@id\":\"https:\/\/securitrack.co\/#website\",\"url\":\"https:\/\/securitrack.co\/\",\"name\":\"SECURITRACK\",\"description\":\"LA SOLUTION DE GESTION, DE CONTR\u00d4LE ET DE S\u00c9CURISATION LA PLUS COMPL\u00c8TE DU MARCH\u00c9 !\",\"potentialAction\":[{\"@type\":\"SearchAction\",\"target\":{\"@type\":\"EntryPoint\",\"urlTemplate\":\"https:\/\/securitrack.co\/?s={search_term_string}\"},\"query-input\":\"required name=search_term_string\"}],\"inLanguage\":\"it-IT\"}]}<\/script>\n<!-- \/ Yoast SEO plugin. -->","yoast_head_json":{"title":"Politique de confidentialit\u00e9 - SECURITRACK","robots":{"index":"index","follow":"follow","max-snippet":"max-snippet:-1","max-image-preview":"max-image-preview:large","max-video-preview":"max-video-preview:-1"},"canonical":"https:\/\/securitrack.co\/it\/politique-de-confidentialite\/","og_locale":"it_IT","og_type":"article","og_title":"Politique de confidentialit\u00e9 - SECURITRACK","og_description":"L&rsquo;utilisation des Cookies Cette politique de cookies explique ce que sont les cookies et comment nous les utilisons.&nbsp;Vous devriez lire cette politique afin que vous puissiez comprendre quel type de cookies nous utilisons, ou les informations que nous collectons \u00e0 l&rsquo;aide de cookies et comment ces informations sont utilis\u00e9es. Les cookies ne contiennent g\u00e9n\u00e9ralement aucune [&hellip;]","og_url":"https:\/\/securitrack.co\/it\/politique-de-confidentialite\/","og_site_name":"SECURITRACK","article_modified_time":"2022-04-26T08:51:57+00:00","twitter_card":"summary_large_image","twitter_misc":{"Tempo di lettura stimato":"3 minuti"},"schema":{"@context":"https:\/\/schema.org","@graph":[{"@type":"WebPage","@id":"https:\/\/securitrack.co\/politique-de-confidentialite\/","url":"https:\/\/securitrack.co\/politique-de-confidentialite\/","name":"Politique de confidentialit\u00e9 - SECURITRACK","isPartOf":{"@id":"https:\/\/securitrack.co\/#website"},"datePublished":"2020-02-11T15:53:24+00:00","dateModified":"2022-04-26T08:51:57+00:00","inLanguage":"it-IT","potentialAction":[{"@type":"ReadAction","target":["https:\/\/securitrack.co\/politique-de-confidentialite\/"]}]},{"@type":"WebSite","@id":"https:\/\/securitrack.co\/#website","url":"https:\/\/securitrack.co\/","name":"SECURITRACK","description":"LA SOLUTION DE GESTION, DE CONTR\u00d4LE ET DE S\u00c9CURISATION LA PLUS COMPL\u00c8TE DU MARCH\u00c9 !","potentialAction":[{"@type":"SearchAction","target":{"@type":"EntryPoint","urlTemplate":"https:\/\/securitrack.co\/?s={search_term_string}"},"query-input":"required name=search_term_string"}],"inLanguage":"it-IT"}]}},"uagb_featured_image_src":{"full":false,"thumbnail":false,"medium":false,"medium_large":false,"large":false,"1536x1536":false,"2048x2048":false,"trp-custom-language-flag":false},"uagb_author_info":{"display_name":"Camaleon","author_link":"https:\/\/securitrack.co\/it\/author\/camaleon\/"},"uagb_comment_info":0,"uagb_excerpt":"L&rsquo;utilisation des Cookies Cette politique de cookies explique ce que sont les cookies et comment nous les utilisons.&nbsp;Vous devriez lire cette politique afin que vous puissiez comprendre quel type de cookies nous utilisons, ou les informations que nous collectons \u00e0 l&rsquo;aide de cookies et comment ces informations sont utilis\u00e9es. Les cookies ne contiennent g\u00e9n\u00e9ralement aucune&hellip;","_links":{"self":[{"href":"https:\/\/securitrack.co\/it\/wp-json\/wp\/v2\/pages\/206"}],"collection":[{"href":"https:\/\/securitrack.co\/it\/wp-json\/wp\/v2\/pages"}],"about":[{"href":"https:\/\/securitrack.co\/it\/wp-json\/wp\/v2\/types\/page"}],"author":[{"embeddable":true,"href":"https:\/\/securitrack.co\/it\/wp-json\/wp\/v2\/users\/12"}],"replies":[{"embeddable":true,"href":"https:\/\/securitrack.co\/it\/wp-json\/wp\/v2\/comments?post=206"}],"version-history":[{"count":4,"href":"https:\/\/securitrack.co\/it\/wp-json\/wp\/v2\/pages\/206\/revisions"}],"predecessor-version":[{"id":4061,"href":"https:\/\/securitrack.co\/it\/wp-json\/wp\/v2\/pages\/206\/revisions\/4061"}],"wp:attachment":[{"href":"https:\/\/securitrack.co\/it\/wp-json\/wp\/v2\/media?parent=206"}],"curies":[{"name":"wp","href":"https:\/\/api.w.org\/{rel}","templated":true}]}}