{"id":3491,"date":"2022-03-02T15:04:20","date_gmt":"2022-03-02T14:04:20","guid":{"rendered":"https:\/\/securitrack.co\/?page_id=3491"},"modified":"2024-02-06T10:54:03","modified_gmt":"2024-02-06T09:54:03","slug":"les-options","status":"publish","type":"page","link":"https:\/\/securitrack.co\/it\/les-options\/","title":{"rendered":"LE OPZIONI"},"content":{"rendered":"<section class=\"wp-block-uagb-columns uagb-columns__wrap uagb-columns__background-image uagb-columns__stack-mobile uagb-columns__valign- uagb-columns__gap-10 alignfull uagb-block-f09087ec uagb-columns__columns-1 uagb-columns__max_width-theme dark\"><div class=\"uagb-columns__overlay\"><\/div><div class=\"uagb-columns__inner-wrap uagb-columns__columns-1\">\n<div class=\"wp-block-uagb-column uagb-column__wrap uagb-column__background-undefined uagb-block-ff860598 container\"><div class=\"uagb-column__overlay\"><\/div>\n<section class=\"wp-block-uagb-columns uagb-columns__wrap uagb-columns__stack-mobile uagb-columns__valign- uagb-columns__gap-10 align uagb-block-845cb7e3 uagb-columns__columns-2 uagb-columns__max_width-custom\"><div class=\"uagb-columns__overlay\"><\/div><div class=\"uagb-columns__inner-wrap uagb-columns__columns-2\">\n<div class=\"wp-block-uagb-column uagb-column__wrap uagb-column__background-undefined uagb-block-91c54003\"><div class=\"uagb-column__overlay\"><\/div>\n<h1 class=\"wp-block-heading has-text-align-left mb-10\"><span style=\"background-color:rgba(0, 0, 0, 0);color:#ffffff\" class=\"has-inline-color\"><strong><strong><strong>LE OPZIONI<\/strong><\/strong><\/strong><\/span><\/h1>\n<\/div>\n\n\n\n<div class=\"wp-block-uagb-column uagb-column__wrap uagb-column__background-undefined uagb-block-abb6f321\"><div class=\"uagb-column__overlay\"><\/div><\/div>\n<\/div><\/section>\n<\/div>\n<\/div><\/section>\n\n\n\n<section class=\"wp-block-uagb-columns uagb-columns__wrap uagb-columns__background-color uagb-columns__stack-mobile uagb-columns__valign- uagb-columns__gap-10 alignfull uagb-block-880a69bb uagb-columns__columns-1 uagb-columns__max_width-theme\"><div class=\"uagb-columns__overlay\"><\/div><div class=\"uagb-columns__inner-wrap uagb-columns__columns-1\">\n<div class=\"wp-block-uagb-column uagb-column__wrap uagb-column__background-color uagb-block-cfc85ec7\"><div class=\"uagb-column__overlay\"><\/div>\n<section class=\"wp-block-uagb-columns uagb-columns__wrap uagb-columns__background-none uagb-columns__stack-mobile uagb-columns__valign- uagb-columns__gap-0 align uagb-block-7352d6a1 uagb-columns__columns-1 uagb-columns__max_width-custom uagb-columns__background-undefined uagb-columns__valign-undefined alignundefined\" id=\"container\"><div class=\"uagb-columns__overlay\"><\/div><div class=\"uagb-columns__inner-wrap uagb-columns__columns-1\">\n<div class=\"wp-block-uagb-column uagb-column__wrap uagb-column__background-undefined uagb-block-39a29a21 container\"><div class=\"uagb-column__overlay\"><\/div>\n<div class=\"wp-block-columns mb-0 p-0 is-layout-flex wp-container-core-columns-layout-1 wp-block-columns-is-layout-flex\">\n<div class=\"wp-block-column is-layout-flow wp-block-column-is-layout-flow\" style=\"flex-basis:100%\">\n<h4 class=\"wp-block-heading p-0 has-medium-font-size\"><\/h4>\n\n\n\n<div style=\"height:15px\" aria-hidden=\"true\" class=\"wp-block-spacer\"><\/div>\n<\/div>\n<\/div>\n<\/div>\n<\/div><\/section>\n<\/div>\n<\/div><\/section>\n\n\n\n<section class=\"wp-block-uagb-columns uagb-columns__wrap uagb-columns__background-color uagb-columns__stack-mobile uagb-columns__valign- uagb-columns__gap-10 alignfull uagb-block-d84be5b8 uagb-columns__columns-1 uagb-columns__max_width-theme pb-0\"><div class=\"uagb-columns__overlay\"><\/div><div class=\"uagb-columns__inner-wrap uagb-columns__columns-1\">\n<div class=\"wp-block-uagb-column uagb-column__wrap uagb-column__background-color uagb-block-f3358cbd pb-0\"><div class=\"uagb-column__overlay\"><\/div>\n<div style=\"height:5px\" aria-hidden=\"true\" class=\"wp-block-spacer pb-0\"><\/div>\n<\/div>\n<\/div><\/section>\n\n\n\n<section class=\"wp-block-uagb-columns uagb-columns__wrap uagb-columns__stack-tablet uagb-columns__valign- uagb-columns__gap-10 align uagb-columns__reverse-tablet uagb-columns__reverse-mobile uagb-block-d1981063 uagb-columns__columns-2 uagb-columns__max_width-theme\"><div class=\"uagb-columns__overlay\"><\/div><div class=\"uagb-columns__inner-wrap uagb-columns__columns-2\">\n<div class=\"wp-block-uagb-column uagb-column__wrap uagb-column__background-undefined uagb-block-21cd5089\"><div class=\"uagb-column__overlay\"><\/div>\n<h4 class=\"wp-block-heading\">A seconda delle vostre sfide e dei vostri obiettivi, potete completare il vostro strumento di gestione con servizi aggiuntivi, offerti \u00e0 la carte.<\/h4>\n\n\n\n<p><\/p>\n<\/div>\n\n\n\n<div class=\"wp-block-uagb-column uagb-column__wrap uagb-column__background-undefined uagb-block-b993d419\"><div class=\"uagb-column__overlay\"><\/div><div class=\"wp-block-image\">\n<figure class=\"aligncenter size-full\"><img loading=\"lazy\" decoding=\"async\" width=\"672\" height=\"330\" src=\"https:\/\/securitrack.co\/wp-content\/uploads\/2022\/03\/home-options-1.png\" alt=\"\" class=\"wp-image-3887\" srcset=\"https:\/\/securitrack.co\/wp-content\/uploads\/2022\/03\/home-options-1.png 672w, https:\/\/securitrack.co\/wp-content\/uploads\/2022\/03\/home-options-1-18x9.png 18w\" sizes=\"(max-width: 672px) 100vw, 672px\" \/><\/figure><\/div><\/div>\n<\/div><\/section>\n\n\n\n<section class=\"wp-block-uagb-columns uagb-columns__wrap uagb-columns__background-color uagb-columns__stack-mobile uagb-columns__valign- uagb-columns__gap-10 alignfull uagb-block-cdba8b33 uagb-columns__columns-1 uagb-columns__max_width-theme mb-0\"><div class=\"uagb-columns__overlay\"><\/div><div class=\"uagb-columns__inner-wrap uagb-columns__columns-1\">\n<div class=\"wp-block-uagb-column uagb-column__wrap uagb-column__background-undefined uagb-block-199d8d72\"><div class=\"uagb-column__overlay\"><\/div>\n<h2 class=\"wp-block-heading has-text-align-center p-10 mb-0 has-orange-color has-dark-background-color has-text-color has-background\"><span style=\"background-color:rgba(0, 0, 0, 0)\" class=\"has-inline-color has-orange-color\"><strong><strong><strong><strong>SECURIFUEL<\/strong><\/strong><\/strong><\/strong><\/span><\/h2>\n<\/div>\n<\/div><\/section>\n\n\n\n<h4 class=\"wp-block-heading has-text-align-center\"><strong>Protezione del carburante e ottimizzazione del consumo<\/strong><\/h4>\n\n\n\n<section class=\"wp-block-uagb-columns uagb-columns__wrap uagb-columns__background-color uagb-columns__stack-mobile uagb-columns__valign- uagb-columns__gap-10 align uagb-block-ceef529f uagb-columns__columns-2 uagb-columns__max_width-theme ml-10 mr-10\"><div class=\"uagb-columns__overlay\"><\/div><div class=\"uagb-columns__inner-wrap uagb-columns__columns-2\">\n<div class=\"wp-block-uagb-column uagb-column__wrap uagb-column__background-color uagb-block-084b7282\"><div class=\"uagb-column__overlay\"><\/div>\n<figure class=\"wp-block-image size-full\"><img loading=\"lazy\" decoding=\"async\" width=\"532\" height=\"450\" src=\"https:\/\/securitrack.co\/wp-content\/uploads\/2022\/04\/securifuel-3-2.png\" alt=\"\" class=\"wp-image-4053\" srcset=\"https:\/\/securitrack.co\/wp-content\/uploads\/2022\/04\/securifuel-3-2.png 532w, https:\/\/securitrack.co\/wp-content\/uploads\/2022\/04\/securifuel-3-2-14x12.png 14w\" sizes=\"(max-width: 532px) 100vw, 532px\" \/><\/figure>\n<\/div>\n\n\n\n<div class=\"wp-block-uagb-column uagb-column__wrap uagb-column__background-color uagb-block-aafd33ad\"><div class=\"uagb-column__overlay\"><\/div>\n<p><strong>SECURIFUEL est une solution compl\u00e8te, logicielle et mat\u00e9rielle, qui vous fait \u00e9conomiser du carburant&nbsp;:<\/strong><\/p>\n\n\n\n<ul class=\"has-normal-font-size\">\n<li>Una piattaforma per la gestione, l'analisi e l'ottimizzazione del consumo di carburante<\/li>\n\n\n\n<li>Un sensore di serbatoio collegato e non intrusivo.<\/li>\n<\/ul>\n\n\n\n<p>In caso di calo anomalo del livello di carburante (sospetto di furto), SECURIFUEL fa scattare un allarme (100 dB) per spaventare i ladri e invia una notifica via SMS e\/o e-mail ai destinatari identificati (autista, gestore, ecc.).<\/p>\n\n\n\n<div class=\"wp-block-buttons is-layout-flex wp-block-buttons-is-layout-flex\">\n<div class=\"wp-block-button\"><a class=\"wp-block-button__link has-blue-background-color has-background wp-element-button\" href=\"https:\/\/securitrack.co\/it\/contact\/\">SAPERNE DI PI\u00d9<\/a><\/div>\n<\/div>\n\n\n\n<p><\/p>\n<\/div>\n<\/div><\/section>\n\n\n\n<section class=\"wp-block-uagb-columns uagb-columns__wrap uagb-columns__background-color uagb-columns__stack-mobile uagb-columns__valign- uagb-columns__gap-10 alignfull uagb-block-f5be4e9d uagb-columns__columns-1 uagb-columns__max_width-theme mb-0\"><div class=\"uagb-columns__overlay\"><\/div><div class=\"uagb-columns__inner-wrap uagb-columns__columns-1\">\n<div class=\"wp-block-uagb-column uagb-column__wrap uagb-column__background-undefined uagb-block-ef4498b2\"><div class=\"uagb-column__overlay\"><\/div>\n<h2 class=\"wp-block-heading has-text-align-center p-10 mb-0 has-orange-color has-dark-background-color has-text-color has-background\"><span style=\"background-color:rgba(0, 0, 0, 0)\" class=\"has-inline-color has-orange-color\"><strong><strong><strong><strong>SECURICAM<\/strong><\/strong><\/strong><\/strong><\/span><\/h2>\n<\/div>\n<\/div><\/section>\n\n\n\n<section class=\"wp-block-uagb-columns uagb-columns__wrap uagb-columns__background-color uagb-columns__stack-mobile uagb-columns__valign- uagb-columns__gap-10 alignfull uagb-block-d3415950 uagb-columns__columns-1 uagb-columns__max_width-theme mt-0\"><div class=\"uagb-columns__overlay\"><\/div><div class=\"uagb-columns__inner-wrap uagb-columns__columns-1\">\n<div class=\"wp-block-uagb-column uagb-column__wrap uagb-column__background-undefined uagb-block-b3e37fb0 container\"><div class=\"uagb-column__overlay\"><\/div>\n<h4 class=\"wp-block-heading has-text-align-center has-background\" style=\"background-color:#f4f5f5\"><strong><strong>La telecamera di bordo per rendere i tuoi autisti pi\u00f9 sicuri<\/strong><\/strong><\/h4>\n\n\n\n<section class=\"wp-block-uagb-columns uagb-columns__wrap uagb-columns__stack-mobile uagb-columns__valign- uagb-columns__gap-20 align uagb-block-d52e4914 uagb-columns__columns-2 uagb-columns__max_width-theme\"><div class=\"uagb-columns__overlay\"><\/div><div class=\"uagb-columns__inner-wrap uagb-columns__columns-2\">\n<div class=\"wp-block-uagb-column uagb-column__wrap uagb-column__background-color uagb-block-27819e61\"><div class=\"uagb-column__overlay\"><\/div>\n<p><strong>SECURICAM \u00e8 una soluzione video completa, software e hardware, per lottare contro le incivilt\u00e0 stradali e mettere in sicurezza i vostri autisti:<\/strong><\/p>\n\n\n\n<ul>\n<li>Una piattaforma per la gestione e l'analisi del comportamento stradale. Impostazione di avvisi, visualizzazione e salvataggio di video rilevanti.<\/li>\n\n\n\n<li>Una doppia telecamera connessa (lato strada\/lato guida) con intelligenza artificiale per rilevare i comportamenti a rischio, avvertire i conducenti e registrare gli eventi<\/li>\n<\/ul>\n\n\n\n<p>L'uso del video migliora il comportamento dei conducenti, fornisce prove in caso di controversia e limita i reclami abusivi contro l'azienda.<br><\/p>\n\n\n\n<div class=\"wp-block-buttons is-horizontal is-content-justification-right is-layout-flex wp-container-core-buttons-layout-2 wp-block-buttons-is-layout-flex\">\n<div class=\"wp-block-button\"><a class=\"wp-block-button__link has-blue-background-color has-background wp-element-button\" href=\"https:\/\/securitrack.co\/it\/contact\/\">SAPERNE DI PI\u00d9<\/a><\/div>\n<\/div>\n<\/div>\n\n\n\n<div class=\"wp-block-uagb-column uagb-column__wrap uagb-column__background-color uagb-block-9279ee90\"><div class=\"uagb-column__overlay\"><\/div>\n<p><\/p>\n\n\n\n<figure class=\"wp-block-image size-full\"><img loading=\"lazy\" decoding=\"async\" width=\"800\" height=\"453\" src=\"https:\/\/securitrack.co\/wp-content\/uploads\/2022\/03\/anim-ecrans_def2-1.gif\" alt=\"\" class=\"wp-image-3800\"\/><\/figure>\n\n\n\n<p><\/p>\n<\/div>\n<\/div><\/section>\n\n\n\n<p><\/p>\n<\/div>\n<\/div><\/section>\n\n\n\n<section class=\"wp-block-uagb-columns uagb-columns__wrap uagb-columns__background-color uagb-columns__stack-mobile uagb-columns__valign- uagb-columns__gap-10 alignfull uagb-block-24e6e860 uagb-columns__columns-1 uagb-columns__max_width-theme mb-0\"><div class=\"uagb-columns__overlay\"><\/div><div class=\"uagb-columns__inner-wrap uagb-columns__columns-1\">\n<div class=\"wp-block-uagb-column uagb-column__wrap uagb-column__background-undefined uagb-block-190eae53\"><div class=\"uagb-column__overlay\"><\/div>\n<h2 class=\"wp-block-heading has-text-align-center p-10 mb-0 has-orange-color has-dark-background-color has-text-color has-background\"><span style=\"background-color:rgba(0, 0, 0, 0)\" class=\"has-inline-color has-orange-color\"><strong><strong><strong><strong><strong>MONITORAGGIO DELLA TEMPERATURA<\/strong><\/strong><\/strong><\/strong><\/strong><\/span><\/h2>\n<\/div>\n<\/div><\/section>\n\n\n\n<h4 class=\"wp-block-heading has-text-align-center\"><strong>Monitoraggio della temperatura delle merci trasportate<\/strong><\/h4>\n\n\n\n<section class=\"wp-block-uagb-columns uagb-columns__wrap uagb-columns__background-color uagb-columns__stack-mobile uagb-columns__valign- uagb-columns__gap-10 align uagb-block-00050462 uagb-columns__columns-2 uagb-columns__max_width-theme ml-10 mr-10\"><div class=\"uagb-columns__overlay\"><\/div><div class=\"uagb-columns__inner-wrap uagb-columns__columns-2\">\n<div class=\"wp-block-uagb-column uagb-column__wrap uagb-column__background-color uagb-block-5dd860d0\"><div class=\"uagb-column__overlay\"><\/div>\n<figure class=\"wp-block-image size-full\"><img loading=\"lazy\" decoding=\"async\" width=\"565\" height=\"467\" src=\"https:\/\/securitrack.co\/wp-content\/uploads\/2022\/03\/temperature-1-1.png\" alt=\"\" class=\"wp-image-3939\" srcset=\"https:\/\/securitrack.co\/wp-content\/uploads\/2022\/03\/temperature-1-1.png 565w, https:\/\/securitrack.co\/wp-content\/uploads\/2022\/03\/temperature-1-1-15x12.png 15w\" sizes=\"(max-width: 565px) 100vw, 565px\" \/><\/figure>\n<\/div>\n\n\n\n<div class=\"wp-block-uagb-column uagb-column__wrap uagb-column__background-color uagb-block-0d2c0d2d\"><div class=\"uagb-column__overlay\"><\/div>\n<p>L<strong>l servizio di Temperature Monitoring \u00e8 un sistema completo che permette di monitorare le temperature delle merci trasportate e di essere immediatamente avvisati in caso di anomalie.<\/strong><\/p>\n\n\n\n<ul>\n<li>Accoppiamento da 1 a 4 sonde<\/li>\n\n\n\n<li>Impostazione delle soglie di allarme<\/li>\n\n\n\n<li>Letture della temperatura ogni 10 minuti<\/li>\n\n\n\n<li>Avvisi quando le soglie vengono superate<\/li>\n\n\n\n<li>Storia dei viaggi e degli allarmi<\/li>\n\n\n\n<li>Rapporti istantanei o periodici<\/li>\n<\/ul>\n\n\n\n<p>Il servizio di monitoraggio della temperatura permette di rispettare la catena del freddo e di essere avvisati in tempo reale in caso di anomalie.<\/p>\n\n\n\n<div class=\"wp-block-buttons is-layout-flex wp-block-buttons-is-layout-flex\">\n<div class=\"wp-block-button\"><a class=\"wp-block-button__link has-blue-background-color has-background wp-element-button\" href=\"https:\/\/securitrack.co\/it\/contact\/\">SAPERNE DI PI\u00d9<\/a><\/div>\n<\/div>\n\n\n\n<p><\/p>\n<\/div>\n<\/div><\/section>","protected":false},"excerpt":{"rendered":"<p>LES OPTIONS Selon vos enjeux et objectifs, vous pouvez compl\u00e9ter votre outil de gestion de services additionnels, propos\u00e9s \u00e0 la carte. SECURIFUEL La protection du carburant et l\u2019optimisation des consommations SECURIFUEL est une solution compl\u00e8te, logicielle et mat\u00e9rielle, qui vous fait \u00e9conomiser du carburant&nbsp;: En cas de baisse anormale du niveau de carburant (suspicion, de [&hellip;]<\/p>","protected":false},"author":12,"featured_media":0,"parent":0,"menu_order":0,"comment_status":"closed","ping_status":"closed","template":"page-without-title.php","meta":{"_coblocks_attr":"","_coblocks_dimensions":"","_coblocks_responsive_height":"","_coblocks_accordion_ie_support":"","_uag_custom_page_level_css":"","footnotes":""},"yoast_head":"<!-- This site is optimized with the Yoast SEO plugin v22.0 - https:\/\/yoast.com\/wordpress\/plugins\/seo\/ -->\n<title>LES OPTIONS - SECURITRACK<\/title>\n<meta name=\"robots\" content=\"index, follow, max-snippet:-1, max-image-preview:large, max-video-preview:-1\" \/>\n<link rel=\"canonical\" href=\"https:\/\/securitrack.co\/it\/les-options\/\" \/>\n<meta property=\"og:locale\" content=\"it_IT\" \/>\n<meta property=\"og:type\" content=\"article\" \/>\n<meta property=\"og:title\" content=\"LES OPTIONS - SECURITRACK\" \/>\n<meta property=\"og:description\" content=\"LES OPTIONS Selon vos enjeux et objectifs, vous pouvez compl\u00e9ter votre outil de gestion de services additionnels, propos\u00e9s \u00e0 la carte. SECURIFUEL La protection du carburant et l\u2019optimisation des consommations SECURIFUEL est une solution compl\u00e8te, logicielle et mat\u00e9rielle, qui vous fait \u00e9conomiser du carburant&nbsp;: En cas de baisse anormale du niveau de carburant (suspicion, de [&hellip;]\" \/>\n<meta property=\"og:url\" content=\"https:\/\/securitrack.co\/it\/les-options\/\" \/>\n<meta property=\"og:site_name\" content=\"SECURITRACK\" \/>\n<meta property=\"article:modified_time\" content=\"2024-02-06T09:54:03+00:00\" \/>\n<meta property=\"og:image\" content=\"https:\/\/securitrack.co\/wp-content\/uploads\/2022\/03\/home-options-1.png\" \/>\n<meta name=\"twitter:card\" content=\"summary_large_image\" \/>\n<meta name=\"twitter:label1\" content=\"Tempo di lettura stimato\" \/>\n\t<meta name=\"twitter:data1\" content=\"3 minuti\" \/>\n<script type=\"application\/ld+json\" class=\"yoast-schema-graph\">{\"@context\":\"https:\/\/schema.org\",\"@graph\":[{\"@type\":\"WebPage\",\"@id\":\"https:\/\/securitrack.co\/les-options\/\",\"url\":\"https:\/\/securitrack.co\/les-options\/\",\"name\":\"LES OPTIONS - SECURITRACK\",\"isPartOf\":{\"@id\":\"https:\/\/securitrack.co\/#website\"},\"datePublished\":\"2022-03-02T14:04:20+00:00\",\"dateModified\":\"2024-02-06T09:54:03+00:00\",\"inLanguage\":\"it-IT\",\"potentialAction\":[{\"@type\":\"ReadAction\",\"target\":[\"https:\/\/securitrack.co\/les-options\/\"]}]},{\"@type\":\"WebSite\",\"@id\":\"https:\/\/securitrack.co\/#website\",\"url\":\"https:\/\/securitrack.co\/\",\"name\":\"SECURITRACK\",\"description\":\"LA SOLUTION DE GESTION, DE CONTR\u00d4LE ET DE S\u00c9CURISATION LA PLUS COMPL\u00c8TE DU MARCH\u00c9 !\",\"potentialAction\":[{\"@type\":\"SearchAction\",\"target\":{\"@type\":\"EntryPoint\",\"urlTemplate\":\"https:\/\/securitrack.co\/?s={search_term_string}\"},\"query-input\":\"required name=search_term_string\"}],\"inLanguage\":\"it-IT\"}]}<\/script>\n<!-- \/ Yoast SEO plugin. -->","yoast_head_json":{"title":"LES OPTIONS - SECURITRACK","robots":{"index":"index","follow":"follow","max-snippet":"max-snippet:-1","max-image-preview":"max-image-preview:large","max-video-preview":"max-video-preview:-1"},"canonical":"https:\/\/securitrack.co\/it\/les-options\/","og_locale":"it_IT","og_type":"article","og_title":"LES OPTIONS - SECURITRACK","og_description":"LES OPTIONS Selon vos enjeux et objectifs, vous pouvez compl\u00e9ter votre outil de gestion de services additionnels, propos\u00e9s \u00e0 la carte. SECURIFUEL La protection du carburant et l\u2019optimisation des consommations SECURIFUEL est une solution compl\u00e8te, logicielle et mat\u00e9rielle, qui vous fait \u00e9conomiser du carburant&nbsp;: En cas de baisse anormale du niveau de carburant (suspicion, de [&hellip;]","og_url":"https:\/\/securitrack.co\/it\/les-options\/","og_site_name":"SECURITRACK","article_modified_time":"2024-02-06T09:54:03+00:00","og_image":[{"url":"https:\/\/securitrack.co\/wp-content\/uploads\/2022\/03\/home-options-1.png"}],"twitter_card":"summary_large_image","twitter_misc":{"Tempo di lettura stimato":"3 minuti"},"schema":{"@context":"https:\/\/schema.org","@graph":[{"@type":"WebPage","@id":"https:\/\/securitrack.co\/les-options\/","url":"https:\/\/securitrack.co\/les-options\/","name":"LES OPTIONS - SECURITRACK","isPartOf":{"@id":"https:\/\/securitrack.co\/#website"},"datePublished":"2022-03-02T14:04:20+00:00","dateModified":"2024-02-06T09:54:03+00:00","inLanguage":"it-IT","potentialAction":[{"@type":"ReadAction","target":["https:\/\/securitrack.co\/les-options\/"]}]},{"@type":"WebSite","@id":"https:\/\/securitrack.co\/#website","url":"https:\/\/securitrack.co\/","name":"SECURITRACK","description":"LA SOLUTION DE GESTION, DE CONTR\u00d4LE ET DE S\u00c9CURISATION LA PLUS COMPL\u00c8TE DU MARCH\u00c9 !","potentialAction":[{"@type":"SearchAction","target":{"@type":"EntryPoint","urlTemplate":"https:\/\/securitrack.co\/?s={search_term_string}"},"query-input":"required name=search_term_string"}],"inLanguage":"it-IT"}]}},"uagb_featured_image_src":{"full":false,"thumbnail":false,"medium":false,"medium_large":false,"large":false,"1536x1536":false,"2048x2048":false,"trp-custom-language-flag":false},"uagb_author_info":{"display_name":"Camaleon","author_link":"https:\/\/securitrack.co\/it\/author\/camaleon\/"},"uagb_comment_info":0,"uagb_excerpt":"LES OPTIONS Selon vos enjeux et objectifs, vous pouvez compl\u00e9ter votre outil de gestion de services additionnels, propos\u00e9s \u00e0 la carte. SECURIFUEL La protection du carburant et l\u2019optimisation des consommations SECURIFUEL est une solution compl\u00e8te, logicielle et mat\u00e9rielle, qui vous fait \u00e9conomiser du carburant&nbsp;: En cas de baisse anormale du niveau de carburant (suspicion, de&hellip;","_links":{"self":[{"href":"https:\/\/securitrack.co\/it\/wp-json\/wp\/v2\/pages\/3491"}],"collection":[{"href":"https:\/\/securitrack.co\/it\/wp-json\/wp\/v2\/pages"}],"about":[{"href":"https:\/\/securitrack.co\/it\/wp-json\/wp\/v2\/types\/page"}],"author":[{"embeddable":true,"href":"https:\/\/securitrack.co\/it\/wp-json\/wp\/v2\/users\/12"}],"replies":[{"embeddable":true,"href":"https:\/\/securitrack.co\/it\/wp-json\/wp\/v2\/comments?post=3491"}],"version-history":[{"count":50,"href":"https:\/\/securitrack.co\/it\/wp-json\/wp\/v2\/pages\/3491\/revisions"}],"predecessor-version":[{"id":4147,"href":"https:\/\/securitrack.co\/it\/wp-json\/wp\/v2\/pages\/3491\/revisions\/4147"}],"wp:attachment":[{"href":"https:\/\/securitrack.co\/it\/wp-json\/wp\/v2\/media?parent=3491"}],"curies":[{"name":"wp","href":"https:\/\/api.w.org\/{rel}","templated":true}]}}