{"id":206,"date":"2020-02-11T16:53:24","date_gmt":"2020-02-11T15:53:24","guid":{"rendered":"https:\/\/mobility.optimum-automotive.com\/?page_id=206"},"modified":"2022-04-26T10:51:57","modified_gmt":"2022-04-26T08:51:57","slug":"politique-de-confidentialite","status":"publish","type":"page","link":"https:\/\/securitrack.co\/pt\/politique-de-confidentialite\/","title":{"rendered":"Pol\u00edtica de Privacidade"},"content":{"rendered":"<h2 class=\"wp-block-heading\">Utiliza\u00e7\u00e3o de Cookies<\/h2>\n\n\n\n<p>Esta pol\u00edtica de cookies explica o que s\u00e3o cookies e como os utilizamos. Deve ler esta pol\u00edtica para poder compreender que tipo de cookies utilizamos, ou que informa\u00e7\u00f5es recolhemos utilizando cookies e como essas informa\u00e7\u00f5es s\u00e3o utilizadas.<\/p>\n\n\n\n<p>Os cookies geralmente n\u00e3o cont\u00eam quaisquer informa\u00e7\u00f5es pessoalmente identific\u00e1veis sobre um utilizador, mas as informa\u00e7\u00f5es pessoais que armazenamos sobre o utilizador podem ser ligadas a informa\u00e7\u00f5es armazenadas e obtidas a partir de cookies. N\u00e3o armazenamos informa\u00e7\u00f5es pessoais sens\u00edveis, tais como endere\u00e7os postais, senhas de contas, etc., nos cookies que utilizamos.<\/p>\n\n\n\n<h3 class=\"wp-block-heading\">Tipo de cookies que utilizamos<\/h3>\n\n\n\n<p>Os cookies podem ser cookies \"persistentes\" ou \"de sess\u00e3o\". Os cookies persistentes permanecem no seu computador pessoal ou dispositivo m\u00f3vel quando termina a sess\u00e3o, enquanto os cookies de sess\u00e3o s\u00e3o apagados assim que fecha o seu navegador da Internet.<\/p>\n\n\n\n<p>Utilizamos tanto cookies de sess\u00e3o como cookies persistentes para os fins descritos abaixo:<\/p>\n\n\n\n<p><strong>Biscoitos necess\u00e1rios \/ essenciais<\/strong><\/p>\n\n\n\n<ul class=\"is-style-default\"><li>Tipo: Cookies de sess\u00e3o<\/li><li>Administrado por : N\u00f3s<\/li><li>Objectivo: Estes Cookies s\u00e3o essenciais para lhe fornecer os servi\u00e7os dispon\u00edveis no Website e para lhe permitir utilizar algumas das suas caracter\u00edsticas. Ajudam a autenticar os utilizadores e a prevenir o uso fraudulento das contas de utilizador. Sem estes cookies, os servi\u00e7os que solicitou n\u00e3o podem ser fornecidos, e s\u00f3 utilizamos estes cookies para lhe fornecer estes servi\u00e7os.<\/li><\/ul>\n\n\n\n<p><strong>Cookies de funcionalidade<\/strong><\/p>\n\n\n\n<ul class=\"is-style-default\"><li>Tipo: Cookies persistentes<\/li><li>Administrado por : N\u00f3s<\/li><li>Objectivo: Estes cookies permitem-nos recordar as escolhas que faz ao utilizar o website, tais como lembrar as suas informa\u00e7\u00f5es de login ou a sua prefer\u00eancia lingu\u00edstica. O objectivo destes Cookies \u00e9 proporcionar-lhe uma experi\u00eancia mais pessoal e evitar que tenha de reintroduzir as suas prefer\u00eancias cada vez que utilizar o Website.<\/li><\/ul>\n\n\n\n<h2 class=\"wp-block-heading\">As suas escolhas em rela\u00e7\u00e3o aos cookies<\/h2>\n\n\n\n<p>Se preferir evitar a utiliza\u00e7\u00e3o de cookies no website, dever\u00e1 primeiro desactivar a utiliza\u00e7\u00e3o de cookies no seu navegador e depois apagar quaisquer cookies armazenados no seu navegador associados a este website. Pode utilizar esta op\u00e7\u00e3o para impedir a utiliza\u00e7\u00e3o de cookies em qualquer altura.<\/p>\n\n\n\n<p>Se n\u00e3o aceitar os nossos cookies, poder\u00e1 sentir inconvenientes na utiliza\u00e7\u00e3o do website e algumas funcionalidades poder\u00e3o n\u00e3o funcionar correctamente.<\/p>\n\n\n\n<p>Se desejar eliminar cookies ou fazer com que o seu navegador web elimine ou recuse cookies, por favor visite as p\u00e1ginas de ajuda do seu navegador web.<\/p>\n\n\n\n<p><\/p>\n\n\n\n<ul class=\"is-style-default\"><li>Para o navegador Chrome, por favor visite esta p\u00e1gina do Google: <a href=\"https:\/\/support.google.com\/accounts\/answer\/32050\" target=\"_blank\" rel=\"noreferrer noopener\">https:\/\/support.google.com\/accounts\/answer\/32050<\/a><\/li><li>Para o browser Internet Explorer, visite por favor esta p\u00e1gina da Microsoft: <a href=\"http:\/\/support.microsoft.com\/kb\/278835\" target=\"_blank\" rel=\"noreferrer noopener\">http:\/\/support.microsoft.com\/kb\/278835<\/a><\/li><li>Para o web browser Firefox, visite por favor esta p\u00e1gina Mozilla: <a href=\"https:\/\/support.mozilla.org\/en-US\/kb\/delete-cookies-remove-info-websites-stored\" target=\"_blank\" rel=\"noreferrer noopener\">https:\/\/support.mozilla.org\/en-US\/kb\/delete-cookies-remove-info-websites-stored<\/a><\/li><li>Para o navegador Safari, por favor visite esta p\u00e1gina da Apple: <a href=\"https:\/\/support.apple.com\/guide\/safari\/manage-cookies-and-website-data-sfri11471\/mac\" target=\"_blank\" rel=\"noreferrer noopener\">https:\/\/support.apple.com\/guide\/safari\/manage-cookies-and-website-data-sfri11471\/mac<\/a><\/li><\/ul>\n\n\n\n<p>Para todos os outros navegadores web, visite as p\u00e1ginas web oficiais do seu navegador web.<\/p>\n\n\n\n<h2 class=\"wp-block-heading\">Contacte-nos<\/h2>\n\n\n\n<p>Se tiver alguma d\u00favida sobre esta pol\u00edtica de cookies, pode contactar-nos <a href=\"https:\/\/securitrack.co\/pt\/contact\/\">Contacte-nos, clicando aqui<\/a><\/p>\n\n\n\n<div style=\"height:50px\" aria-hidden=\"true\" class=\"wp-block-spacer\"><\/div>","protected":false},"excerpt":{"rendered":"<p>L&rsquo;utilisation des Cookies Cette politique de cookies explique ce que sont les cookies et comment nous les utilisons.&nbsp;Vous devriez lire cette politique afin que vous puissiez comprendre quel type de cookies nous utilisons, ou les informations que nous collectons \u00e0 l&rsquo;aide de cookies et comment ces informations sont utilis\u00e9es. Les cookies ne contiennent g\u00e9n\u00e9ralement aucune [&hellip;]<\/p>","protected":false},"author":12,"featured_media":0,"parent":0,"menu_order":0,"comment_status":"closed","ping_status":"closed","template":"","meta":{"_coblocks_attr":"","_coblocks_dimensions":"","_coblocks_responsive_height":"","_coblocks_accordion_ie_support":"","_uag_custom_page_level_css":"","footnotes":""},"yoast_head":"<!-- This site is optimized with the Yoast SEO plugin v22.0 - https:\/\/yoast.com\/wordpress\/plugins\/seo\/ -->\n<title>Politique de confidentialit\u00e9 - SECURITRACK<\/title>\n<meta name=\"robots\" content=\"index, follow, max-snippet:-1, max-image-preview:large, max-video-preview:-1\" \/>\n<link rel=\"canonical\" href=\"https:\/\/securitrack.co\/pt\/politique-de-confidentialite\/\" \/>\n<meta property=\"og:locale\" content=\"pt_PT\" \/>\n<meta property=\"og:type\" content=\"article\" \/>\n<meta property=\"og:title\" content=\"Politique de confidentialit\u00e9 - SECURITRACK\" \/>\n<meta property=\"og:description\" content=\"L&rsquo;utilisation des Cookies Cette politique de cookies explique ce que sont les cookies et comment nous les utilisons.&nbsp;Vous devriez lire cette politique afin que vous puissiez comprendre quel type de cookies nous utilisons, ou les informations que nous collectons \u00e0 l&rsquo;aide de cookies et comment ces informations sont utilis\u00e9es. Les cookies ne contiennent g\u00e9n\u00e9ralement aucune [&hellip;]\" \/>\n<meta property=\"og:url\" content=\"https:\/\/securitrack.co\/pt\/politique-de-confidentialite\/\" \/>\n<meta property=\"og:site_name\" content=\"SECURITRACK\" \/>\n<meta property=\"article:modified_time\" content=\"2022-04-26T08:51:57+00:00\" \/>\n<meta name=\"twitter:card\" content=\"summary_large_image\" \/>\n<meta name=\"twitter:label1\" content=\"Tempo estimado de leitura\" \/>\n\t<meta name=\"twitter:data1\" content=\"3 minutos\" \/>\n<script type=\"application\/ld+json\" class=\"yoast-schema-graph\">{\"@context\":\"https:\/\/schema.org\",\"@graph\":[{\"@type\":\"WebPage\",\"@id\":\"https:\/\/securitrack.co\/politique-de-confidentialite\/\",\"url\":\"https:\/\/securitrack.co\/politique-de-confidentialite\/\",\"name\":\"Politique de confidentialit\u00e9 - SECURITRACK\",\"isPartOf\":{\"@id\":\"https:\/\/securitrack.co\/#website\"},\"datePublished\":\"2020-02-11T15:53:24+00:00\",\"dateModified\":\"2022-04-26T08:51:57+00:00\",\"inLanguage\":\"pt-PT\",\"potentialAction\":[{\"@type\":\"ReadAction\",\"target\":[\"https:\/\/securitrack.co\/politique-de-confidentialite\/\"]}]},{\"@type\":\"WebSite\",\"@id\":\"https:\/\/securitrack.co\/#website\",\"url\":\"https:\/\/securitrack.co\/\",\"name\":\"SECURITRACK\",\"description\":\"LA SOLUTION DE GESTION, DE CONTR\u00d4LE ET DE S\u00c9CURISATION LA PLUS COMPL\u00c8TE DU MARCH\u00c9 !\",\"potentialAction\":[{\"@type\":\"SearchAction\",\"target\":{\"@type\":\"EntryPoint\",\"urlTemplate\":\"https:\/\/securitrack.co\/?s={search_term_string}\"},\"query-input\":\"required name=search_term_string\"}],\"inLanguage\":\"pt-PT\"}]}<\/script>\n<!-- \/ Yoast SEO plugin. -->","yoast_head_json":{"title":"Politique de confidentialit\u00e9 - SECURITRACK","robots":{"index":"index","follow":"follow","max-snippet":"max-snippet:-1","max-image-preview":"max-image-preview:large","max-video-preview":"max-video-preview:-1"},"canonical":"https:\/\/securitrack.co\/pt\/politique-de-confidentialite\/","og_locale":"pt_PT","og_type":"article","og_title":"Politique de confidentialit\u00e9 - SECURITRACK","og_description":"L&rsquo;utilisation des Cookies Cette politique de cookies explique ce que sont les cookies et comment nous les utilisons.&nbsp;Vous devriez lire cette politique afin que vous puissiez comprendre quel type de cookies nous utilisons, ou les informations que nous collectons \u00e0 l&rsquo;aide de cookies et comment ces informations sont utilis\u00e9es. Les cookies ne contiennent g\u00e9n\u00e9ralement aucune [&hellip;]","og_url":"https:\/\/securitrack.co\/pt\/politique-de-confidentialite\/","og_site_name":"SECURITRACK","article_modified_time":"2022-04-26T08:51:57+00:00","twitter_card":"summary_large_image","twitter_misc":{"Tempo estimado de leitura":"3 minutos"},"schema":{"@context":"https:\/\/schema.org","@graph":[{"@type":"WebPage","@id":"https:\/\/securitrack.co\/politique-de-confidentialite\/","url":"https:\/\/securitrack.co\/politique-de-confidentialite\/","name":"Politique de confidentialit\u00e9 - SECURITRACK","isPartOf":{"@id":"https:\/\/securitrack.co\/#website"},"datePublished":"2020-02-11T15:53:24+00:00","dateModified":"2022-04-26T08:51:57+00:00","inLanguage":"pt-PT","potentialAction":[{"@type":"ReadAction","target":["https:\/\/securitrack.co\/politique-de-confidentialite\/"]}]},{"@type":"WebSite","@id":"https:\/\/securitrack.co\/#website","url":"https:\/\/securitrack.co\/","name":"SECURITRACK","description":"LA SOLUTION DE GESTION, DE CONTR\u00d4LE ET DE S\u00c9CURISATION LA PLUS COMPL\u00c8TE DU MARCH\u00c9 !","potentialAction":[{"@type":"SearchAction","target":{"@type":"EntryPoint","urlTemplate":"https:\/\/securitrack.co\/?s={search_term_string}"},"query-input":"required name=search_term_string"}],"inLanguage":"pt-PT"}]}},"uagb_featured_image_src":{"full":false,"thumbnail":false,"medium":false,"medium_large":false,"large":false,"1536x1536":false,"2048x2048":false,"trp-custom-language-flag":false},"uagb_author_info":{"display_name":"Camaleon","author_link":"https:\/\/securitrack.co\/pt\/author\/camaleon\/"},"uagb_comment_info":0,"uagb_excerpt":"L&rsquo;utilisation des Cookies Cette politique de cookies explique ce que sont les cookies et comment nous les utilisons.&nbsp;Vous devriez lire cette politique afin que vous puissiez comprendre quel type de cookies nous utilisons, ou les informations que nous collectons \u00e0 l&rsquo;aide de cookies et comment ces informations sont utilis\u00e9es. Les cookies ne contiennent g\u00e9n\u00e9ralement aucune&hellip;","_links":{"self":[{"href":"https:\/\/securitrack.co\/pt\/wp-json\/wp\/v2\/pages\/206"}],"collection":[{"href":"https:\/\/securitrack.co\/pt\/wp-json\/wp\/v2\/pages"}],"about":[{"href":"https:\/\/securitrack.co\/pt\/wp-json\/wp\/v2\/types\/page"}],"author":[{"embeddable":true,"href":"https:\/\/securitrack.co\/pt\/wp-json\/wp\/v2\/users\/12"}],"replies":[{"embeddable":true,"href":"https:\/\/securitrack.co\/pt\/wp-json\/wp\/v2\/comments?post=206"}],"version-history":[{"count":4,"href":"https:\/\/securitrack.co\/pt\/wp-json\/wp\/v2\/pages\/206\/revisions"}],"predecessor-version":[{"id":4061,"href":"https:\/\/securitrack.co\/pt\/wp-json\/wp\/v2\/pages\/206\/revisions\/4061"}],"wp:attachment":[{"href":"https:\/\/securitrack.co\/pt\/wp-json\/wp\/v2\/media?parent=206"}],"curies":[{"name":"wp","href":"https:\/\/api.w.org\/{rel}","templated":true}]}}